{"id":102470,"date":"2025-02-07T10:17:18","date_gmt":"2025-02-07T18:17:18","guid":{"rendered":"https:\/\/www.aralia.com\/lop-khoa-hoc-may-tinh\/"},"modified":"2026-02-23T11:05:06","modified_gmt":"2026-02-23T19:05:06","slug":"lop-khoa-hoc-may-tinh","status":"publish","type":"page","link":"https:\/\/www.aralia.com\/vi\/lop-khoa-hoc-may-tinh\/","title":{"rendered":"L\u1edbp Khoa H\u1ecdc M\u00e1y T\u00ednh"},"content":{"rendered":"\t\t<div data-elementor-type=\"wp-page\" data-elementor-id=\"102470\" class=\"elementor elementor-102470 elementor-101887\" data-elementor-post-type=\"page\">\n\t\t\t\t\t\t<section class=\"elementor-section elementor-top-section elementor-element elementor-element-2ece0b7 elementor-section-boxed elementor-section-height-default elementor-section-height-default\" data-id=\"2ece0b7\" data-element_type=\"section\" data-e-type=\"section\" data-settings=\"{&quot;background_background&quot;:&quot;classic&quot;}\">\n\t\t\t\t\t\t<div class=\"elementor-container elementor-column-gap-default\">\n\t\t\t\t\t<div class=\"elementor-column elementor-col-100 elementor-top-column elementor-element elementor-element-c49d2e9\" data-id=\"c49d2e9\" data-element_type=\"column\" data-e-type=\"column\">\n\t\t\t<div class=\"elementor-widget-wrap elementor-element-populated\">\n\t\t\t\t\t\t<div class=\"elementor-element elementor-element-eef0260 elementor-widget elementor-widget-button\" data-id=\"eef0260\" data-element_type=\"widget\" data-e-type=\"widget\" data-widget_type=\"button.default\">\n\t\t\t\t<div class=\"elementor-widget-container\">\n\t\t\t\t\t\t\t\t\t<div class=\"elementor-button-wrapper\">\n\t\t\t\t\t<a class=\"elementor-button elementor-button-link elementor-size-sm\" href=\"https:\/\/www.aralia.com\/vi\/cai-thien-diem-so\/\">\n\t\t\t\t\t\t<span class=\"elementor-button-content-wrapper\">\n\t\t\t\t\t\t<span class=\"elementor-button-icon\">\n\t\t\t\t<svg aria-hidden=\"true\" class=\"e-font-icon-svg e-fas-chevron-left\" viewBox=\"0 0 320 512\" xmlns=\"http:\/\/www.w3.org\/2000\/svg\"><path d=\"M34.52 239.03L228.87 44.69c9.37-9.37 24.57-9.37 33.94 0l22.67 22.67c9.36 9.36 9.37 24.52.04 33.9L131.49 256l154.02 154.75c9.34 9.38 9.32 24.54-.04 33.9l-22.67 22.67c-9.37 9.37-24.57 9.37-33.94 0L34.52 272.97c-9.37-9.37-9.37-24.57 0-33.94z\"><\/path><\/svg>\t\t\t<\/span>\n\t\t\t\t\t\t\t\t\t<span class=\"elementor-button-text\">Quay l\u1ea1i<\/span>\n\t\t\t\t\t<\/span>\n\t\t\t\t\t<\/a>\n\t\t\t\t<\/div>\n\t\t\t\t\t\t\t\t<\/div>\n\t\t\t\t<\/div>\n\t\t\t\t<div class=\"elementor-element elementor-element-93aa637 elementor-widget elementor-widget-uael-advanced-heading\" data-id=\"93aa637\" data-element_type=\"widget\" data-e-type=\"widget\" data-widget_type=\"uael-advanced-heading.default\">\n\t\t\t\t<div class=\"elementor-widget-container\">\n\t\t\t\t\t\n\t\t<div class=\"uael-module-content uael-heading-wrapper\">\n\t\t\t\t\t\t\n\t\t\t<h1 class=\"uael-heading\">\n\t\t\t\t\t\t\t\t\t\t<span class=\"uael-heading-text elementor-inline-editing uael-size--default\" data-elementor-setting-key=\"heading_title\" data-elementor-inline-editing-toolbar=\"basic\">L\u1edbp Khoa H\u1ecdc M\u00e1y T\u00ednh<\/span>\n\t\t\t\t\t\t\t<\/h1>\n\n\t\t\t\n\t\t\t\n\t\t\t\t\t\t\t<div class=\"uael-subheading elementor-inline-editing\" data-elementor-setting-key=\"heading_description\" data-elementor-inline-editing-toolbar=\"advanced\" >\n\t\t\t\t\tC\u00e1c l\u1edbp h\u1ecdc Khoa h\u1ecdc M\u00e1y t\u00ednh cung c\u1ea5p c\u00e1i nh\u00ecn to\u00e0n di\u1ec7n v\u1ec1 th\u1ebf gi\u1edbi s\u1ed1, t\u1eeb l\u1eadp tr\u00ecnh c\u01a1 b\u1ea3n v\u00e0 t\u01b0 duy t\u00ednh to\u00e1n \u0111\u1ebfn c\u00e1c ch\u1ee7 \u0111\u1ec1 n\u00e2ng cao nh\u01b0 tr\u00ed tu\u1ec7 nh\u00e2n t\u1ea1o, khoa h\u1ecdc d\u1eef li\u1ec7u v\u00e0 ph\u00e1t tri\u1ec3n ph\u1ea7n m\u1ec1m. D\u00f9 b\u1ea1n m\u1edbi b\u1eaft \u0111\u1ea7u v\u1edbi c\u00e1c kh\u00f3a h\u1ecdc nh\u1eadp m\u00f4n hay \u0111ang kh\u00e1m ph\u00e1 c\u00e1c l\u0129nh v\u1ef1c chuy\u00ean s\u00e2u nh\u01b0 an ninh m\u1ea1ng, h\u1ecdc m\u00e1y ho\u1eb7c Khoa h\u1ecdc M\u00e1y t\u00ednh AP, ch\u01b0\u01a1ng tr\u00ecnh h\u1ecdc c\u1ee7a ch\u00fang t\u00f4i \u0111\u01b0\u1ee3c thi\u1ebft k\u1ebf \u0111\u1ec3 ph\u00e1t tri\u1ec3n chuy\u00ean m\u00f4n k\u1ef9 thu\u1eadt, k\u1ef9 n\u0103ng gi\u1ea3i quy\u1ebft v\u1ea5n \u0111\u1ec1 v\u00e0 s\u1ef1 s\u00e1ng t\u1ea1o.  \t\t\t\t<\/div>\n\t\t\t\t\n\t\t\t\t\t\t<\/div>\n\t\t\t\t\t\t<\/div>\n\t\t\t\t<\/div>\n\t\t\t\t<section class=\"elementor-section elementor-inner-section elementor-element elementor-element-db1f434 elementor-section-boxed elementor-section-height-default elementor-section-height-default\" data-id=\"db1f434\" data-element_type=\"section\" data-e-type=\"section\">\n\t\t\t\t\t\t<div class=\"elementor-container elementor-column-gap-default\">\n\t\t\t\t\t<div class=\"elementor-column elementor-col-50 elementor-inner-column elementor-element elementor-element-14e97eb\" data-id=\"14e97eb\" data-element_type=\"column\" data-e-type=\"column\">\n\t\t\t<div class=\"elementor-widget-wrap elementor-element-populated\">\n\t\t\t\t\t\t<div class=\"elementor-element elementor-element-4fe2b50 elementor-widget elementor-widget-heading\" data-id=\"4fe2b50\" data-element_type=\"widget\" data-e-type=\"widget\" data-widget_type=\"heading.default\">\n\t\t\t\t<div class=\"elementor-widget-container\">\n\t\t\t\t\t<div class=\"elementor-heading-title elementor-size-default\">C\u00e1c l\u1edbp h\u1ecdc kh\u00e1c<\/div>\t\t\t\t<\/div>\n\t\t\t\t<\/div>\n\t\t\t\t\t<\/div>\n\t\t<\/div>\n\t\t\t\t<div class=\"elementor-column elementor-col-50 elementor-inner-column elementor-element elementor-element-3feceec\" data-id=\"3feceec\" data-element_type=\"column\" data-e-type=\"column\">\n\t\t\t<div class=\"elementor-widget-wrap elementor-element-populated\">\n\t\t\t\t\t\t<div class=\"elementor-element elementor-element-af0ae9b uael-button-halign-left uael-mobile-button-halign-left uael-button-stack-mobile elementor-widget elementor-widget-uael-buttons\" data-id=\"af0ae9b\" data-element_type=\"widget\" data-e-type=\"widget\" data-widget_type=\"uael-buttons.default\">\n\t\t\t\t<div class=\"elementor-widget-container\">\n\t\t\t\t\t\t\t<div class=\"uael-dual-button-outer-wrap\">\n\t\t\t<div class=\"uael-dual-button-wrap\">\n\t\t\t\t\t\t\t\t<div class=\"uael-button-wrapper uael-dual-button elementor-widget-button elementor-repeater-item-bdb0949 uael-dual-button-0\">\n\t\t\t\t\t<a class=\"elementor-button-link elementor-button elementor-size-sm elementor-button-link\" href=\"https:\/\/www.aralia.com\/vi\/lop-anh-ngu\/\">\n\t\t\t\t\t\t\t\t<span class=\"elementor-button-content-wrapper uael-buttons-icon-\">\n\t\t\t\t\t\t\t\t\t\t\t\t<span class=\"elementor-align-icon- elementor-button-icon\">\n\t\t\t\t\t\t\t\t\t\t\t<\/span>\n\t\t\t\t\t\t\t\t\t\t<span class=\"elementor-button-text elementor-inline-editing\" data-elementor-setting-key=\"buttons.0.text\" data-elementor-inline-editing-toolbar=\"none\">Ti\u1ebfng Anh<\/span>\n\t\t<\/span>\n\t\t\t\t\t\t\t<\/a>\n\t\t\t\t<\/div>\n\t\t\t\t\t\t\t\t<div class=\"uael-button-wrapper uael-dual-button elementor-widget-button elementor-repeater-item-7603c7b uael-dual-button-1\">\n\t\t\t\t\t<a class=\"elementor-button-link elementor-button elementor-size-sm elementor-button-link\" href=\"https:\/\/www.aralia.com\/vi\/lop-lich-su\/\">\n\t\t\t\t\t\t\t\t<span class=\"elementor-button-content-wrapper uael-buttons-icon- elementor-button-content-wrapper uael-buttons-icon-\">\n\t\t\t\t\t\t\t\t\t\t\t\t<span class=\"elementor-align-icon- elementor-button-icon\">\n\t\t\t\t\t\t\t\t\t\t\t<\/span>\n\t\t\t\t\t\t\t\t\t\t<span class=\"elementor-button-text elementor-inline-editing\" data-elementor-setting-key=\"buttons.1.text\" data-elementor-inline-editing-toolbar=\"none\">L\u1ecbch s\u1eed<\/span>\n\t\t<\/span>\n\t\t\t\t\t\t\t<\/a>\n\t\t\t\t<\/div>\n\t\t\t\t\t\t\t<\/div>\n\t\t<\/div>\n\t\t\t\t\t\t<\/div>\n\t\t\t\t<\/div>\n\t\t\t\t\t<\/div>\n\t\t<\/div>\n\t\t\t\t\t<\/div>\n\t\t<\/section>\n\t\t\t\t\t<\/div>\n\t\t<\/div>\n\t\t\t\t\t<\/div>\n\t\t<\/section>\n\t\t\t\t<section class=\"elementor-section elementor-top-section elementor-element elementor-element-ef7ac23 elementor-section-boxed elementor-section-height-default elementor-section-height-default\" data-id=\"ef7ac23\" data-element_type=\"section\" data-e-type=\"section\" data-settings=\"{&quot;background_background&quot;:&quot;classic&quot;}\">\n\t\t\t\t\t\t<div class=\"elementor-container elementor-column-gap-default\">\n\t\t\t\t\t<div class=\"elementor-column elementor-col-100 elementor-top-column elementor-element elementor-element-2a1fe80\" data-id=\"2a1fe80\" data-element_type=\"column\" data-e-type=\"column\">\n\t\t\t<div class=\"elementor-widget-wrap elementor-element-populated\">\n\t\t\t\t\t\t<div class=\"elementor-element elementor-element-fed14a7 elementor-widget elementor-widget-spacer\" data-id=\"fed14a7\" data-element_type=\"widget\" data-e-type=\"widget\" data-widget_type=\"spacer.default\">\n\t\t\t\t<div class=\"elementor-widget-container\">\n\t\t\t\t\t\t\t<div class=\"elementor-spacer\">\n\t\t\t<div class=\"elementor-spacer-inner\"><\/div>\n\t\t<\/div>\n\t\t\t\t\t\t<\/div>\n\t\t\t\t<\/div>\n\t\t\t\t<div class=\"elementor-element elementor-element-305967c uael-post__link-complete-yes uael-equal__height-yes uael-posts-thumbnail-ratio uael-post__content-align-left elementor-widget elementor-widget-uael-posts\" data-id=\"305967c\" data-element_type=\"widget\" data-e-type=\"widget\" data-settings=\"{&quot;business_slides_to_show&quot;:4,&quot;business_slides_to_show_tablet&quot;:2,&quot;business_slides_to_show_mobile&quot;:1,&quot;business_pagination_type&quot;:&quot;ajax&quot;}\" data-widget_type=\"uael-posts.business\">\n\t\t\t\t<div class=\"elementor-widget-container\">\n\t\t\t\t\t\t\t<div class=\"uael-post__header\">\n\t\t\t\t\t<\/div>\n\t\t<div class=\"uael-post__body\">\n\t\t\t\n\t\t\n\t\t<div class=\"uael-blog-terms-position- uael-post-image-top uael-post-grid uael-posts\" data-query-type=\"custom\" data-structure=\"normal\" data-layout=\"\" data-page=\"102470\" data-skin=\"business\" data-filter-default=\"\" data-offset-top=\"30\" >\n\n\t\t\t\t\t\t\t<div class=\"uael-post-grid__inner uael-post__columns-4 uael-post__columns-tablet-2 uael-post__columns-mobile-1\">\n\t\t\t\n\n<div class=\"uael-post-wrapper   khoa-h\u1ecdc-m\u00e1y-t\u00ednh luy\u1ec7n-thi-ap \">\n\t<div class=\"uael-post__bg-wrap uael-bg-wrap-disabled\">\n\n\t\t\t\t\t<a href=\"https:\/\/www.aralia.com\/vi\/khoa-hoc-may-tinh\/ap-khoa-hoc-may-tinh-a\/\" target=\"_self\" class=\"uael-post__complete-box-overlay\" aria-label=\"Link Complete Box\"><\/a>\n\t\t\t\t\n\t\t<div class=\"uael-post__inner-wrap uael-inner-wrap-disabled\">\n\n\t\t\t\t<div class=\"uael-post__thumbnail\">\n\t\t\t\n\t\t\t<a href=\"https:\/\/www.aralia.com\/vi\/khoa-hoc-may-tinh\/ap-khoa-hoc-may-tinh-a\/\" target=\"_self\" title=\"AP Computer Science A (AP Khoa h\u1ecdc M\u00e1y t\u00ednh A)\"><img fetchpriority=\"high\" decoding=\"async\" width=\"768\" height=\"512\" src=\"https:\/\/www.aralia.com\/wp-content\/uploads\/2022\/04\/Webp.net-resizeimage-768x512.jpg\" class=\"attachment-medium_large size-medium_large wp-image-99594\" alt=\"\" title=\"\" srcset=\"https:\/\/www.aralia.com\/wp-content\/uploads\/2022\/04\/Webp.net-resizeimage-768x512.jpg 768w, https:\/\/www.aralia.com\/wp-content\/uploads\/2022\/04\/Webp.net-resizeimage-300x200.jpg 300w, https:\/\/www.aralia.com\/wp-content\/uploads\/2022\/04\/Webp.net-resizeimage.jpg 980w\" sizes=\"(max-width: 768px) 100vw, 768px\" \/><\/a>\n\t\t\t\t\t<\/div>\n\t\t\n\t\t\t\n\t\t\t<div class=\"uael-post__content-wrap uael-content-wrap-disabled\">\n\t\t\t\t\t\t<h3 class=\"uael-post__title\">\n\n\t\t\n\t\t\t\t\t\t<a href=\"https:\/\/www.aralia.com\/vi\/khoa-hoc-may-tinh\/ap-khoa-hoc-may-tinh-a\/\" target=\"_self\">\n\t\t\t\tAP Computer Science A (AP Khoa h\u1ecdc M\u00e1y t\u00ednh A)\t\t\t<\/a>\n\n\t\t\t\t<\/h3>\n\t\t<div class=\"uael-post__separator-wrap\"><div class=\"uael-post__separator uael-post__gradient-separator\"><\/div><\/div>\t\t\t<\/div>\n\t\t\t\n\t\t<\/div>\n\t\t\n\t<\/div>\n\n<\/div>\n\n\n<div class=\"uael-post-wrapper   khoa-h\u1ecdc-m\u00e1y-t\u00ednh \">\n\t<div class=\"uael-post__bg-wrap uael-bg-wrap-disabled\">\n\n\t\t\t\t\t<a href=\"https:\/\/www.aralia.com\/vi\/khoa-hoc-may-tinh\/ap-nguyen-ly-khoa-hoc-may-tinh\/\" target=\"_self\" class=\"uael-post__complete-box-overlay\" aria-label=\"Link Complete Box\"><\/a>\n\t\t\t\t\n\t\t<div class=\"uael-post__inner-wrap uael-inner-wrap-disabled\">\n\n\t\t\t\t<div class=\"uael-post__thumbnail\">\n\t\t\t\n\t\t\t<a href=\"https:\/\/www.aralia.com\/vi\/khoa-hoc-may-tinh\/ap-nguyen-ly-khoa-hoc-may-tinh\/\" target=\"_self\" title=\"AP Nguy\u00ean l\u00fd Khoa h\u1ecdc M\u00e1y t\u00ednh (AP Computer Science Principles)\"><img fetchpriority=\"high\" decoding=\"async\" width=\"768\" height=\"512\" src=\"https:\/\/www.aralia.com\/wp-content\/uploads\/2022\/04\/Webp.net-resizeimage-768x512.jpg\" class=\"attachment-medium_large size-medium_large wp-image-99594\" alt=\"\" title=\"\" srcset=\"https:\/\/www.aralia.com\/wp-content\/uploads\/2022\/04\/Webp.net-resizeimage-768x512.jpg 768w, https:\/\/www.aralia.com\/wp-content\/uploads\/2022\/04\/Webp.net-resizeimage-300x200.jpg 300w, https:\/\/www.aralia.com\/wp-content\/uploads\/2022\/04\/Webp.net-resizeimage.jpg 980w\" sizes=\"(max-width: 768px) 100vw, 768px\" \/><\/a>\n\t\t\t\t\t<\/div>\n\t\t\n\t\t\t\n\t\t\t<div class=\"uael-post__content-wrap uael-content-wrap-disabled\">\n\t\t\t\t\t\t<h3 class=\"uael-post__title\">\n\n\t\t\n\t\t\t\t\t\t<a href=\"https:\/\/www.aralia.com\/vi\/khoa-hoc-may-tinh\/ap-nguyen-ly-khoa-hoc-may-tinh\/\" target=\"_self\">\n\t\t\t\tAP Nguy\u00ean l\u00fd Khoa h\u1ecdc M\u00e1y t\u00ednh (AP Computer Science Principles)\t\t\t<\/a>\n\n\t\t\t\t<\/h3>\n\t\t<div class=\"uael-post__separator-wrap\"><div class=\"uael-post__separator uael-post__gradient-separator\"><\/div><\/div>\t\t\t<\/div>\n\t\t\t\n\t\t<\/div>\n\t\t\n\t<\/div>\n\n<\/div>\n\n\n<div class=\"uael-post-wrapper   khoa-h\u1ecdc-m\u00e1y-t\u00ednh ch\u01b0\u01a1ng-tr\u00ecnh-thpt x\u00e2y-d\u1ef1ng-n\u1ec1n-t\u1ea3ng-thpt \">\n\t<div class=\"uael-post__bg-wrap uael-bg-wrap-disabled\">\n\n\t\t\t\t\t<a href=\"https:\/\/www.aralia.com\/vi\/khoa-hoc-may-tinh\/gioi-thieu-ve-khoa-hoc-may-tinh\/\" target=\"_self\" class=\"uael-post__complete-box-overlay\" aria-label=\"Link Complete Box\"><\/a>\n\t\t\t\t\n\t\t<div class=\"uael-post__inner-wrap uael-inner-wrap-disabled\">\n\n\t\t\t\t<div class=\"uael-post__thumbnail\">\n\t\t\t\n\t\t\t<a href=\"https:\/\/www.aralia.com\/vi\/khoa-hoc-may-tinh\/gioi-thieu-ve-khoa-hoc-may-tinh\/\" target=\"_self\" title=\"Gi\u1edbi thi\u1ec7u v\u1ec1 Khoa h\u1ecdc m\u00e1y t\u00ednh\"><img decoding=\"async\" width=\"768\" height=\"512\" src=\"https:\/\/www.aralia.com\/wp-content\/uploads\/2023\/04\/AdobeStock_305508138-768x512.webp\" class=\"attachment-medium_large size-medium_large wp-image-100692\" alt=\"\" title=\"\" srcset=\"https:\/\/www.aralia.com\/wp-content\/uploads\/2023\/04\/AdobeStock_305508138-768x512.webp 768w, https:\/\/www.aralia.com\/wp-content\/uploads\/2023\/04\/AdobeStock_305508138-300x200.webp 300w, https:\/\/www.aralia.com\/wp-content\/uploads\/2023\/04\/AdobeStock_305508138-1024x682.webp 1024w, https:\/\/www.aralia.com\/wp-content\/uploads\/2023\/04\/AdobeStock_305508138.webp 1201w\" sizes=\"(max-width: 768px) 100vw, 768px\" \/><\/a>\n\t\t\t\t\t<\/div>\n\t\t\n\t\t\t\n\t\t\t<div class=\"uael-post__content-wrap uael-content-wrap-disabled\">\n\t\t\t\t\t\t<h3 class=\"uael-post__title\">\n\n\t\t\n\t\t\t\t\t\t<a href=\"https:\/\/www.aralia.com\/vi\/khoa-hoc-may-tinh\/gioi-thieu-ve-khoa-hoc-may-tinh\/\" target=\"_self\">\n\t\t\t\tGi\u1edbi thi\u1ec7u v\u1ec1 Khoa h\u1ecdc m\u00e1y t\u00ednh\t\t\t<\/a>\n\n\t\t\t\t<\/h3>\n\t\t<div class=\"uael-post__separator-wrap\"><div class=\"uael-post__separator uael-post__gradient-separator\"><\/div><\/div>\t\t\t<\/div>\n\t\t\t\n\t\t<\/div>\n\t\t\n\t<\/div>\n\n<\/div>\n\n\n<div class=\"uael-post-wrapper   khoa-h\u1ecdc-m\u00e1y-t\u00ednh ch\u01b0\u01a1ng-tr\u00ecnh-thpt \">\n\t<div class=\"uael-post__bg-wrap uael-bg-wrap-disabled\">\n\n\t\t\t\t\t<a href=\"https:\/\/www.aralia.com\/vi\/khoa-hoc-may-tinh\/gioi-thieu-ve-python\/\" target=\"_self\" class=\"uael-post__complete-box-overlay\" aria-label=\"Link Complete Box\"><\/a>\n\t\t\t\t\n\t\t<div class=\"uael-post__inner-wrap uael-inner-wrap-disabled\">\n\n\t\t\t\t<div class=\"uael-post__thumbnail\">\n\t\t\t\n\t\t\t<a href=\"https:\/\/www.aralia.com\/vi\/khoa-hoc-may-tinh\/gioi-thieu-ve-python\/\" target=\"_self\" title=\"Gi\u1edbi thi\u1ec7u v\u1ec1 Python\"><img decoding=\"async\" width=\"768\" height=\"331\" src=\"https:\/\/www.aralia.com\/wp-content\/uploads\/2022\/05\/adobestock_405088368-768x331.jpg\" class=\"attachment-medium_large size-medium_large wp-image-100307\" alt=\"\" title=\"\" srcset=\"https:\/\/www.aralia.com\/wp-content\/uploads\/2022\/05\/adobestock_405088368-768x331.jpg 768w, https:\/\/www.aralia.com\/wp-content\/uploads\/2022\/05\/adobestock_405088368-300x129.jpg 300w, https:\/\/www.aralia.com\/wp-content\/uploads\/2022\/05\/adobestock_405088368.jpg 1000w\" sizes=\"(max-width: 768px) 100vw, 768px\" \/><\/a>\n\t\t\t\t\t<\/div>\n\t\t\n\t\t\t\n\t\t\t<div class=\"uael-post__content-wrap uael-content-wrap-disabled\">\n\t\t\t\t\t\t<h3 class=\"uael-post__title\">\n\n\t\t\n\t\t\t\t\t\t<a href=\"https:\/\/www.aralia.com\/vi\/khoa-hoc-may-tinh\/gioi-thieu-ve-python\/\" target=\"_self\">\n\t\t\t\tGi\u1edbi thi\u1ec7u v\u1ec1 Python\t\t\t<\/a>\n\n\t\t\t\t<\/h3>\n\t\t<div class=\"uael-post__separator-wrap\"><div class=\"uael-post__separator uael-post__gradient-separator\"><\/div><\/div>\t\t\t<\/div>\n\t\t\t\n\t\t<\/div>\n\t\t\n\t<\/div>\n\n<\/div>\n\n\n<div class=\"uael-post-wrapper   khoa-h\u1ecdc-m\u00e1y-t\u00ednh luy\u1ec7n-thi-cu\u1ed9c-thi-qu\u1ed1c-t\u1ebf \">\n\t<div class=\"uael-post__bg-wrap uael-bg-wrap-disabled\">\n\n\t\t\t\t\t<a href=\"https:\/\/www.aralia.com\/vi\/khoa-hoc-may-tinh\/luyen-thi-ky-thi-khoa-hoc-may-tinh-hoa-ky-acsl\/\" target=\"_self\" class=\"uael-post__complete-box-overlay\" aria-label=\"Link Complete Box\"><\/a>\n\t\t\t\t\n\t\t<div class=\"uael-post__inner-wrap uael-inner-wrap-disabled\">\n\n\t\t\t\t<div class=\"uael-post__thumbnail\">\n\t\t\t\n\t\t\t<a href=\"https:\/\/www.aralia.com\/vi\/khoa-hoc-may-tinh\/luyen-thi-ky-thi-khoa-hoc-may-tinh-hoa-ky-acsl\/\" target=\"_self\" title=\"Luy\u1ec7n thi K\u1ef3 thi Khoa h\u1ecdc M\u00e1y t\u00ednh Hoa K\u1ef3 &#8211; ACSL\"><img decoding=\"async\" width=\"768\" height=\"512\" src=\"https:\/\/www.aralia.com\/wp-content\/uploads\/2023\/04\/AdobeStock_305508138-768x512.webp\" class=\"attachment-medium_large size-medium_large wp-image-100692\" alt=\"\" title=\"\" srcset=\"https:\/\/www.aralia.com\/wp-content\/uploads\/2023\/04\/AdobeStock_305508138-768x512.webp 768w, https:\/\/www.aralia.com\/wp-content\/uploads\/2023\/04\/AdobeStock_305508138-300x200.webp 300w, https:\/\/www.aralia.com\/wp-content\/uploads\/2023\/04\/AdobeStock_305508138-1024x682.webp 1024w, https:\/\/www.aralia.com\/wp-content\/uploads\/2023\/04\/AdobeStock_305508138.webp 1201w\" sizes=\"(max-width: 768px) 100vw, 768px\" \/><\/a>\n\t\t\t\t\t<\/div>\n\t\t\n\t\t\t\n\t\t\t<div class=\"uael-post__content-wrap uael-content-wrap-disabled\">\n\t\t\t\t\t\t<h3 class=\"uael-post__title\">\n\n\t\t\n\t\t\t\t\t\t<a href=\"https:\/\/www.aralia.com\/vi\/khoa-hoc-may-tinh\/luyen-thi-ky-thi-khoa-hoc-may-tinh-hoa-ky-acsl\/\" target=\"_self\">\n\t\t\t\tLuy\u1ec7n thi K\u1ef3 thi Khoa h\u1ecdc M\u00e1y t\u00ednh Hoa K\u1ef3 &#8211; ACSL\t\t\t<\/a>\n\n\t\t\t\t<\/h3>\n\t\t<div class=\"uael-post__separator-wrap\"><div class=\"uael-post__separator uael-post__gradient-separator\"><\/div><\/div>\t\t\t<\/div>\n\t\t\t\n\t\t<\/div>\n\t\t\n\t<\/div>\n\n<\/div>\n\t\t\t\t<\/div>\n\t\t\t\t\t\t\n\t\t<\/div>\n\n\t\t\t\t\t\t<\/div>\n\t\t<div class=\"uael-post__footer\">\n\t\t\t\t\t<\/div>\n\t\t\t\t\t\t<\/div>\n\t\t\t\t<\/div>\n\t\t\t\t\t<\/div>\n\t\t<\/div>\n\t\t\t\t\t<\/div>\n\t\t<\/section>\n\t\t\t\t<section class=\"elementor-section elementor-top-section elementor-element elementor-element-8508c87 elementor-section-stretched elementor-section-boxed elementor-section-height-default elementor-section-height-default\" data-id=\"8508c87\" data-element_type=\"section\" data-e-type=\"section\" data-settings=\"{&quot;background_background&quot;:&quot;classic&quot;,&quot;stretch_section&quot;:&quot;section-stretched&quot;}\">\n\t\t\t\t\t\t<div class=\"elementor-container elementor-column-gap-default\">\n\t\t\t\t\t<div class=\"elementor-column elementor-col-100 elementor-top-column elementor-element elementor-element-3ff2de6\" data-id=\"3ff2de6\" data-element_type=\"column\" data-e-type=\"column\" data-settings=\"{&quot;background_background&quot;:&quot;classic&quot;}\">\n\t\t\t<div class=\"elementor-widget-wrap elementor-element-populated\">\n\t\t\t\t\t\t<div class=\"elementor-element elementor-element-d89de8c uael-heading-align-center elementor-widget elementor-widget-uael-advanced-heading\" data-id=\"d89de8c\" data-element_type=\"widget\" data-e-type=\"widget\" data-widget_type=\"uael-advanced-heading.default\">\n\t\t\t\t<div class=\"elementor-widget-container\">\n\t\t\t\t\t\n\t\t<div class=\"uael-module-content uael-heading-wrapper\">\n\t\t\t\t\t\t\n\t\t\t<h2 class=\"uael-heading\">\n\t\t\t\t\t\t\t\t\t\t<span class=\"uael-heading-text elementor-inline-editing uael-size--default\" data-elementor-setting-key=\"heading_title\" data-elementor-inline-editing-toolbar=\"basic\">B\u1ee9t ph\u00e1 c\u00f9ng Aralia<\/span>\n\t\t\t\t\t\t\t<\/h2>\n\n\t\t\t\n\t\t\t\n\t\t\t\n\t\t\t\t\t\t<\/div>\n\t\t\t\t\t\t<\/div>\n\t\t\t\t<\/div>\n\t\t\t\t<div class=\"elementor-element elementor-element-23bcb58 elementor-align-center elementor-widget elementor-widget-button\" data-id=\"23bcb58\" data-element_type=\"widget\" data-e-type=\"widget\" data-widget_type=\"button.default\">\n\t\t\t\t<div class=\"elementor-widget-container\">\n\t\t\t\t\t\t\t\t\t<div class=\"elementor-button-wrapper\">\n\t\t\t\t\t<a class=\"elementor-button elementor-button-link elementor-size-md\" href=\"https:\/\/www.aralia.com\/vi\/inquiry\/\">\n\t\t\t\t\t\t<span class=\"elementor-button-content-wrapper\">\n\t\t\t\t\t\t\t\t\t<span class=\"elementor-button-text\">\u0110\u0103ng k\u00fd t\u01b0 v\u1ea5n<\/span>\n\t\t\t\t\t<\/span>\n\t\t\t\t\t<\/a>\n\t\t\t\t<\/div>\n\t\t\t\t\t\t\t\t<\/div>\n\t\t\t\t<\/div>\n\t\t\t\t\t<\/div>\n\t\t<\/div>\n\t\t\t\t\t<\/div>\n\t\t<\/section>\n\t\t\t\t<\/div>\n\t\t","protected":false},"excerpt":{"rendered":"<p>Quay l\u1ea1i L\u1edbp Khoa H\u1ecdc M\u00e1y T\u00ednh C\u00e1c l\u1edbp h\u1ecdc Khoa h\u1ecdc M\u00e1y t\u00ednh cung c\u1ea5p c\u00e1i nh\u00ecn to\u00e0n di\u1ec7n v\u1ec1 th\u1ebf gi\u1edbi s\u1ed1, t\u1eeb l\u1eadp tr\u00ecnh c\u01a1 b\u1ea3n v\u00e0 t\u01b0 duy t\u00ednh to\u00e1n \u0111\u1ebfn c\u00e1c ch\u1ee7 \u0111\u1ec1 n\u00e2ng cao nh\u01b0 tr\u00ed tu\u1ec7 nh\u00e2n t\u1ea1o, khoa h\u1ecdc d\u1eef li\u1ec7u v\u00e0 ph\u00e1t tri\u1ec3n ph\u1ea7n m\u1ec1m. D\u00f9 [&hellip;]<\/p>\n","protected":false},"author":1,"featured_media":0,"parent":0,"menu_order":0,"comment_status":"closed","ping_status":"closed","template":"","meta":{"content-type":"","site-sidebar-layout":"no-sidebar","site-content-layout":"page-builder","ast-site-content-layout":"full-width-container","site-content-style":"default","site-sidebar-style":"default","ast-global-header-display":"","ast-banner-title-visibility":"","ast-main-header-display":"","ast-hfb-above-header-display":"","ast-hfb-below-header-display":"","ast-hfb-mobile-header-display":"","site-post-title":"disabled","ast-breadcrumbs-content":"","ast-featured-img":"disabled","footer-sml-layout":"","ast-disable-related-posts":"","theme-transparent-header-meta":"","adv-header-id-meta":"","stick-header-meta":"","header-above-stick-meta":"","header-main-stick-meta":"","header-below-stick-meta":"","astra-migrate-meta-layouts":"default","ast-page-background-enabled":"default","ast-page-background-meta":{"desktop":{"background-color":"","background-image":"","background-repeat":"repeat","background-position":"center center","background-size":"auto","background-attachment":"scroll","background-type":"","background-media":"","overlay-type":"","overlay-color":"","overlay-opacity":"","overlay-gradient":""},"tablet":{"background-color":"","background-image":"","background-repeat":"repeat","background-position":"center center","background-size":"auto","background-attachment":"scroll","background-type":"","background-media":"","overlay-type":"","overlay-color":"","overlay-opacity":"","overlay-gradient":""},"mobile":{"background-color":"","background-image":"","background-repeat":"repeat","background-position":"center center","background-size":"auto","background-attachment":"scroll","background-type":"","background-media":"","overlay-type":"","overlay-color":"","overlay-opacity":"","overlay-gradient":""}},"ast-content-background-meta":{"desktop":{"background-color":"var(--ast-global-color-5)","background-image":"","background-repeat":"repeat","background-position":"center center","background-size":"auto","background-attachment":"scroll","background-type":"","background-media":"","overlay-type":"","overlay-color":"","overlay-opacity":"","overlay-gradient":""},"tablet":{"background-color":"var(--ast-global-color-5)","background-image":"","background-repeat":"repeat","background-position":"center center","background-size":"auto","background-attachment":"scroll","background-type":"","background-media":"","overlay-type":"","overlay-color":"","overlay-opacity":"","overlay-gradient":""},"mobile":{"background-color":"var(--ast-global-color-5)","background-image":"","background-repeat":"repeat","background-position":"center center","background-size":"auto","background-attachment":"scroll","background-type":"","background-media":"","overlay-type":"","overlay-color":"","overlay-opacity":"","overlay-gradient":""}},"footnotes":""},"class_list":["post-102470","page","type-page","status-publish","hentry"],"_links":{"self":[{"href":"https:\/\/www.aralia.com\/vi\/wp-json\/wp\/v2\/pages\/102470","targetHints":{"allow":["GET"]}}],"collection":[{"href":"https:\/\/www.aralia.com\/vi\/wp-json\/wp\/v2\/pages"}],"about":[{"href":"https:\/\/www.aralia.com\/vi\/wp-json\/wp\/v2\/types\/page"}],"author":[{"embeddable":true,"href":"https:\/\/www.aralia.com\/vi\/wp-json\/wp\/v2\/users\/1"}],"replies":[{"embeddable":true,"href":"https:\/\/www.aralia.com\/vi\/wp-json\/wp\/v2\/comments?post=102470"}],"version-history":[{"count":7,"href":"https:\/\/www.aralia.com\/vi\/wp-json\/wp\/v2\/pages\/102470\/revisions"}],"predecessor-version":[{"id":137121,"href":"https:\/\/www.aralia.com\/vi\/wp-json\/wp\/v2\/pages\/102470\/revisions\/137121"}],"wp:attachment":[{"href":"https:\/\/www.aralia.com\/vi\/wp-json\/wp\/v2\/media?parent=102470"}],"curies":[{"name":"wp","href":"https:\/\/api.w.org\/{rel}","templated":true}]}}