{"id":102483,"date":"2025-02-07T10:20:56","date_gmt":"2025-02-07T18:20:56","guid":{"rendered":"https:\/\/www.aralia.com\/lop-nhan-van\/"},"modified":"2026-03-31T10:09:49","modified_gmt":"2026-03-31T17:09:49","slug":"lop-nhan-van","status":"publish","type":"page","link":"https:\/\/www.aralia.com\/vi\/lop-nhan-van\/","title":{"rendered":"L\u1edbp Nh\u00e2n V\u0103n"},"content":{"rendered":"\t\t<div data-elementor-type=\"wp-page\" data-elementor-id=\"102483\" class=\"elementor elementor-102483 elementor-101905\" data-elementor-post-type=\"page\">\n\t\t\t\t\t\t<section class=\"elementor-section elementor-top-section elementor-element elementor-element-03bd532 elementor-section-boxed elementor-section-height-default elementor-section-height-default\" data-id=\"03bd532\" data-element_type=\"section\" data-e-type=\"section\" data-settings=\"{&quot;background_background&quot;:&quot;classic&quot;}\">\n\t\t\t\t\t\t<div class=\"elementor-container elementor-column-gap-default\">\n\t\t\t\t\t<div class=\"elementor-column elementor-col-100 elementor-top-column elementor-element elementor-element-bf5ce82\" data-id=\"bf5ce82\" data-element_type=\"column\" data-e-type=\"column\">\n\t\t\t<div class=\"elementor-widget-wrap elementor-element-populated\">\n\t\t\t\t\t\t<div class=\"elementor-element elementor-element-e00c92b elementor-widget elementor-widget-button\" data-id=\"e00c92b\" data-element_type=\"widget\" data-e-type=\"widget\" data-widget_type=\"button.default\">\n\t\t\t\t<div class=\"elementor-widget-container\">\n\t\t\t\t\t\t\t\t\t<div class=\"elementor-button-wrapper\">\n\t\t\t\t\t<a class=\"elementor-button elementor-button-link elementor-size-sm\" href=\"https:\/\/www.aralia.com\/vi\/cai-thien-diem-so\/\">\n\t\t\t\t\t\t<span class=\"elementor-button-content-wrapper\">\n\t\t\t\t\t\t<span class=\"elementor-button-icon\">\n\t\t\t\t<svg aria-hidden=\"true\" class=\"e-font-icon-svg e-fas-chevron-left\" viewBox=\"0 0 320 512\" xmlns=\"http:\/\/www.w3.org\/2000\/svg\"><path d=\"M34.52 239.03L228.87 44.69c9.37-9.37 24.57-9.37 33.94 0l22.67 22.67c9.36 9.36 9.37 24.52.04 33.9L131.49 256l154.02 154.75c9.34 9.38 9.32 24.54-.04 33.9l-22.67 22.67c-9.37 9.37-24.57 9.37-33.94 0L34.52 272.97c-9.37-9.37-9.37-24.57 0-33.94z\"><\/path><\/svg>\t\t\t<\/span>\n\t\t\t\t\t\t\t\t\t<span class=\"elementor-button-text\">Quay l\u1ea1i<\/span>\n\t\t\t\t\t<\/span>\n\t\t\t\t\t<\/a>\n\t\t\t\t<\/div>\n\t\t\t\t\t\t\t\t<\/div>\n\t\t\t\t<\/div>\n\t\t\t\t<div class=\"elementor-element elementor-element-fbf5c94 elementor-widget elementor-widget-uael-advanced-heading\" data-id=\"fbf5c94\" data-element_type=\"widget\" data-e-type=\"widget\" data-widget_type=\"uael-advanced-heading.default\">\n\t\t\t\t<div class=\"elementor-widget-container\">\n\t\t\t\t\t\n\t\t<div class=\"uael-module-content uael-heading-wrapper\">\n\t\t\t\t\t\t\n\t\t\t<h1 class=\"uael-heading\">\n\t\t\t\t\t\t\t\t\t\t<span class=\"uael-heading-text elementor-inline-editing uael-size--default\" data-elementor-setting-key=\"heading_title\" data-elementor-inline-editing-toolbar=\"basic\">L\u1edbp Nh\u00e2n V\u0103n<\/span>\n\t\t\t\t\t\t\t<\/h1>\n\n\t\t\t\n\t\t\t\n\t\t\t\t\t\t\t<div class=\"uael-subheading elementor-inline-editing\" data-elementor-setting-key=\"heading_description\" data-elementor-inline-editing-toolbar=\"advanced\" >\n\t\t\t\t\tL\u1edbp Nh\u00e2n v\u0103n mang \u0111\u1ebfn h\u00e0nh tr\u00ecnh kh\u00e1m ph\u00e1 phong ph\u00fa v\u00e0 li\u00ean ng\u00e0nh v\u1ec1 v\u0103n h\u00f3a, t\u01b0 t\u01b0\u1edfng v\u00e0 s\u1ef1 s\u00e1ng t\u1ea1o c\u1ee7a con ng\u01b0\u1eddi, bao g\u1ed3m v\u0103n h\u1ecdc, tri\u1ebft h\u1ecdc, l\u1ecbch s\u1eed, ngh\u1ec7 thu\u1eadt v\u00e0 nhi\u1ec1u l\u0129nh v\u1ef1c kh\u00e1c. T\u1eeb c\u00e1c kh\u00f3a h\u1ecdc n\u1ec1n t\u1ea3ng v\u1ec1 v\u0103n h\u1ecdc th\u1ebf gi\u1edbi v\u00e0 \u0111\u1ea1o \u0111\u1ee9c \u0111\u1ebfn c\u00e1c nghi\u00ean c\u1ee9u n\u00e2ng cao v\u1ec1 l\u00fd thuy\u1ebft ph\u00ea b\u00ecnh, c\u00e1c phong tr\u00e0o v\u0103n h\u00f3a v\u00e0 Nh\u00e2n v\u0103n AP, ch\u01b0\u01a1ng tr\u00ecnh h\u1ecdc c\u1ee7a ch\u00fang t\u00f4i \u0111\u01b0\u1ee3c thi\u1ebft k\u1ebf \u0111\u1ec3 ph\u00e1t tri\u1ec3n t\u01b0 duy ph\u1ea3n bi\u1ec7n, s\u1ef1 th\u1ea5u c\u1ea3m v\u00e0 hi\u1ec3u bi\u1ebft s\u00e2u s\u1eafc h\u01a1n v\u1ec1 tr\u1ea3i nghi\u1ec7m c\u1ee7a con ng\u01b0\u1eddi. \t\t\t\t<\/div>\n\t\t\t\t\n\t\t\t\t\t\t<\/div>\n\t\t\t\t\t\t<\/div>\n\t\t\t\t<\/div>\n\t\t\t\t<section class=\"elementor-section elementor-inner-section elementor-element elementor-element-1bfec80 elementor-section-boxed elementor-section-height-default elementor-section-height-default\" data-id=\"1bfec80\" data-element_type=\"section\" data-e-type=\"section\">\n\t\t\t\t\t\t<div class=\"elementor-container elementor-column-gap-default\">\n\t\t\t\t\t<div class=\"elementor-column elementor-col-50 elementor-inner-column elementor-element elementor-element-ba0f38b\" data-id=\"ba0f38b\" data-element_type=\"column\" data-e-type=\"column\">\n\t\t\t<div class=\"elementor-widget-wrap elementor-element-populated\">\n\t\t\t\t\t\t<div class=\"elementor-element elementor-element-b770882 elementor-widget elementor-widget-heading\" data-id=\"b770882\" data-element_type=\"widget\" data-e-type=\"widget\" data-widget_type=\"heading.default\">\n\t\t\t\t<div class=\"elementor-widget-container\">\n\t\t\t\t\t<div class=\"elementor-heading-title elementor-size-default\">C\u00e1c l\u1edbp h\u1ecdc kh\u00e1c<\/div>\t\t\t\t<\/div>\n\t\t\t\t<\/div>\n\t\t\t\t\t<\/div>\n\t\t<\/div>\n\t\t\t\t<div class=\"elementor-column elementor-col-50 elementor-inner-column elementor-element elementor-element-333b047\" data-id=\"333b047\" data-element_type=\"column\" data-e-type=\"column\">\n\t\t\t<div class=\"elementor-widget-wrap elementor-element-populated\">\n\t\t\t\t\t\t<div class=\"elementor-element elementor-element-f7e26ae uael-button-halign-left uael-mobile-button-halign-left uael-button-stack-mobile elementor-widget elementor-widget-uael-buttons\" data-id=\"f7e26ae\" data-element_type=\"widget\" data-e-type=\"widget\" data-widget_type=\"uael-buttons.default\">\n\t\t\t\t<div class=\"elementor-widget-container\">\n\t\t\t\t\t\t\t<div class=\"uael-dual-button-outer-wrap\">\n\t\t\t<div class=\"uael-dual-button-wrap\">\n\t\t\t\t\t\t\t\t<div class=\"uael-button-wrapper uael-dual-button elementor-widget-button elementor-repeater-item-bdb0949 uael-dual-button-0\">\n\t\t\t\t\t<a class=\"elementor-button-link elementor-button elementor-size-sm elementor-button-link\" href=\"https:\/\/www.aralia.com\/vi\/lop-kinh-doanh-kinh-te-va-tai-chinh\/\">\n\t\t\t\t\t\t\t\t<span class=\"elementor-button-content-wrapper uael-buttons-icon-\">\n\t\t\t\t\t\t\t\t\t\t\t\t<span class=\"elementor-align-icon- elementor-button-icon\">\n\t\t\t\t\t\t\t\t\t\t\t<\/span>\n\t\t\t\t\t\t\t\t\t\t<span class=\"elementor-button-text elementor-inline-editing\" data-elementor-setting-key=\"buttons.0.text\" data-elementor-inline-editing-toolbar=\"none\">Kinh doanh, Kinh t\u1ebf v\u00e0 T\u00e0i ch\u00ednh<\/span>\n\t\t<\/span>\n\t\t\t\t\t\t\t<\/a>\n\t\t\t\t<\/div>\n\t\t\t\t\t\t\t\t<div class=\"uael-button-wrapper uael-dual-button elementor-widget-button elementor-repeater-item-7603c7b uael-dual-button-1\">\n\t\t\t\t\t<a class=\"elementor-button-link elementor-button elementor-size-sm elementor-button-link\" href=\"https:\/\/www.aralia.com\/vi\/lop-lich-su\/\">\n\t\t\t\t\t\t\t\t<span class=\"elementor-button-content-wrapper uael-buttons-icon- elementor-button-content-wrapper uael-buttons-icon-\">\n\t\t\t\t\t\t\t\t\t\t\t\t<span class=\"elementor-align-icon- elementor-button-icon\">\n\t\t\t\t\t\t\t\t\t\t\t<\/span>\n\t\t\t\t\t\t\t\t\t\t<span class=\"elementor-button-text elementor-inline-editing\" data-elementor-setting-key=\"buttons.1.text\" data-elementor-inline-editing-toolbar=\"none\">L\u1ecbch s\u1eed<\/span>\n\t\t<\/span>\n\t\t\t\t\t\t\t<\/a>\n\t\t\t\t<\/div>\n\t\t\t\t\t\t\t<\/div>\n\t\t<\/div>\n\t\t\t\t\t\t<\/div>\n\t\t\t\t<\/div>\n\t\t\t\t\t<\/div>\n\t\t<\/div>\n\t\t\t\t\t<\/div>\n\t\t<\/section>\n\t\t\t\t\t<\/div>\n\t\t<\/div>\n\t\t\t\t\t<\/div>\n\t\t<\/section>\n\t\t\t\t<section class=\"elementor-section elementor-top-section elementor-element elementor-element-d2c0eb6 elementor-section-boxed elementor-section-height-default elementor-section-height-default\" data-id=\"d2c0eb6\" data-element_type=\"section\" data-e-type=\"section\" data-settings=\"{&quot;background_background&quot;:&quot;classic&quot;}\">\n\t\t\t\t\t\t<div class=\"elementor-container elementor-column-gap-default\">\n\t\t\t\t\t<div class=\"elementor-column elementor-col-100 elementor-top-column elementor-element elementor-element-83baa83\" data-id=\"83baa83\" data-element_type=\"column\" data-e-type=\"column\">\n\t\t\t<div class=\"elementor-widget-wrap elementor-element-populated\">\n\t\t\t\t\t\t<div class=\"elementor-element elementor-element-314cfcc elementor-widget elementor-widget-spacer\" data-id=\"314cfcc\" data-element_type=\"widget\" data-e-type=\"widget\" data-widget_type=\"spacer.default\">\n\t\t\t\t<div class=\"elementor-widget-container\">\n\t\t\t\t\t\t\t<div class=\"elementor-spacer\">\n\t\t\t<div class=\"elementor-spacer-inner\"><\/div>\n\t\t<\/div>\n\t\t\t\t\t\t<\/div>\n\t\t\t\t<\/div>\n\t\t\t\t<div class=\"elementor-element elementor-element-1199c94 uael-post__link-complete-yes uael-equal__height-yes uael-posts-thumbnail-ratio uael-post__content-align-left elementor-widget elementor-widget-uael-posts\" data-id=\"1199c94\" data-element_type=\"widget\" data-e-type=\"widget\" data-settings=\"{&quot;business_slides_to_show&quot;:4,&quot;business_slides_to_show_tablet&quot;:2,&quot;business_slides_to_show_mobile&quot;:1,&quot;business_pagination_type&quot;:&quot;ajax&quot;}\" data-widget_type=\"uael-posts.business\">\n\t\t\t\t<div class=\"elementor-widget-container\">\n\t\t\t\t\t\t\t<div class=\"uael-post__header\">\n\t\t\t\t\t<\/div>\n\t\t<div class=\"uael-post__body\">\n\t\t\t\n\t\t\n\t\t<div class=\"uael-blog-terms-position- uael-post-image-top uael-post-grid uael-posts\" data-query-type=\"custom\" data-structure=\"normal\" data-layout=\"\" data-page=\"102483\" data-skin=\"business\" data-filter-default=\"\" data-offset-top=\"30\" >\n\n\t\t\t\t\t\t\t<div class=\"uael-post-grid__inner uael-post__columns-4 uael-post__columns-tablet-2 uael-post__columns-mobile-1\">\n\t\t\t\n\n<div class=\"uael-post-wrapper   nh\u00e2n-v\u0103n-h\u1ecdc ch\u01b0\u01a1ng-tr\u00ecnh-thpt x\u00e2y-d\u1ef1ng-n\u1ec1n-t\u1ea3ng-thpt \">\n\t<div class=\"uael-post__bg-wrap uael-bg-wrap-disabled\">\n\n\t\t\t\t\t<a href=\"https:\/\/www.aralia.com\/vi\/nhan-van-hoc\/gioi-thieu-ve-nhan-van-hoc-humanities\/\" target=\"_self\" class=\"uael-post__complete-box-overlay\" aria-label=\"Link Complete Box\"><\/a>\n\t\t\t\t\n\t\t<div class=\"uael-post__inner-wrap uael-inner-wrap-disabled\">\n\n\t\t\t\t<div class=\"uael-post__thumbnail\">\n\t\t\t\n\t\t\t<a href=\"https:\/\/www.aralia.com\/vi\/nhan-van-hoc\/gioi-thieu-ve-nhan-van-hoc-humanities\/\" target=\"_self\" title=\"Gi\u1edbi thi\u1ec7u v\u1ec1 Nh\u00e2n v\u0103n h\u1ecdc (Humanities)\"><img fetchpriority=\"high\" decoding=\"async\" width=\"768\" height=\"482\" src=\"https:\/\/www.aralia.com\/wp-content\/uploads\/2023\/08\/AdobeStock_129050920-768x482.jpeg\" class=\"attachment-medium_large size-medium_large wp-image-100717\" alt=\"\" title=\"\" srcset=\"https:\/\/www.aralia.com\/wp-content\/uploads\/2023\/08\/AdobeStock_129050920-768x482.jpeg 768w, https:\/\/www.aralia.com\/wp-content\/uploads\/2023\/08\/AdobeStock_129050920-300x188.jpeg 300w, https:\/\/www.aralia.com\/wp-content\/uploads\/2023\/08\/AdobeStock_129050920-1024x643.jpeg 1024w, https:\/\/www.aralia.com\/wp-content\/uploads\/2023\/08\/AdobeStock_129050920-1536x965.jpeg 1536w, https:\/\/www.aralia.com\/wp-content\/uploads\/2023\/08\/AdobeStock_129050920-2048x1286.jpeg 2048w\" sizes=\"(max-width: 768px) 100vw, 768px\" \/><\/a>\n\t\t\t\t\t<\/div>\n\t\t\n\t\t\t\n\t\t\t<div class=\"uael-post__content-wrap uael-content-wrap-disabled\">\n\t\t\t\t\t\t<h3 class=\"uael-post__title\">\n\n\t\t\n\t\t\t\t\t\t<a href=\"https:\/\/www.aralia.com\/vi\/nhan-van-hoc\/gioi-thieu-ve-nhan-van-hoc-humanities\/\" target=\"_self\">\n\t\t\t\tGi\u1edbi thi\u1ec7u v\u1ec1 Nh\u00e2n v\u0103n h\u1ecdc (Humanities)\t\t\t<\/a>\n\n\t\t\t\t<\/h3>\n\t\t<div class=\"uael-post__separator-wrap\"><div class=\"uael-post__separator uael-post__gradient-separator\"><\/div><\/div>\t\t\t<\/div>\n\t\t\t\n\t\t<\/div>\n\t\t\n\t<\/div>\n\n<\/div>\n\n\n<div class=\"uael-post-wrapper   nh\u00e2n-v\u0103n-h\u1ecdc ch\u01b0\u01a1ng-tr\u00ecnh-thpt \">\n\t<div class=\"uael-post__bg-wrap uael-bg-wrap-disabled\">\n\n\t\t\t\t\t<a href=\"https:\/\/www.aralia.com\/vi\/nhan-van-hoc\/gioi-thieu-ve-triet-hoc\/\" target=\"_self\" class=\"uael-post__complete-box-overlay\" aria-label=\"Link Complete Box\"><\/a>\n\t\t\t\t\n\t\t<div class=\"uael-post__inner-wrap uael-inner-wrap-disabled\">\n\n\t\t\t\t<div class=\"uael-post__thumbnail\">\n\t\t\t\n\t\t\t<a href=\"https:\/\/www.aralia.com\/vi\/nhan-van-hoc\/gioi-thieu-ve-triet-hoc\/\" target=\"_self\" title=\"Gi\u1edbi thi\u1ec7u v\u1ec1 Tri\u1ebft h\u1ecdc (Intro to Philosophy)\"><img decoding=\"async\" width=\"768\" height=\"512\" src=\"https:\/\/www.aralia.com\/wp-content\/uploads\/2022\/12\/philosophy-768x512.jpg\" class=\"attachment-medium_large size-medium_large wp-image-114375\" alt=\"philosophy\" title=\"\" srcset=\"https:\/\/www.aralia.com\/wp-content\/uploads\/2022\/12\/philosophy-768x512.jpg 768w, https:\/\/www.aralia.com\/wp-content\/uploads\/2022\/12\/philosophy-300x200.jpg 300w, https:\/\/www.aralia.com\/wp-content\/uploads\/2022\/12\/philosophy-1024x683.jpg 1024w, https:\/\/www.aralia.com\/wp-content\/uploads\/2022\/12\/philosophy-1536x1025.jpg 1536w, https:\/\/www.aralia.com\/wp-content\/uploads\/2022\/12\/philosophy.jpg 2000w\" sizes=\"(max-width: 768px) 100vw, 768px\" \/><\/a>\n\t\t\t\t\t<\/div>\n\t\t\n\t\t\t\n\t\t\t<div class=\"uael-post__content-wrap uael-content-wrap-disabled\">\n\t\t\t\t\t\t<h3 class=\"uael-post__title\">\n\n\t\t\n\t\t\t\t\t\t<a href=\"https:\/\/www.aralia.com\/vi\/nhan-van-hoc\/gioi-thieu-ve-triet-hoc\/\" target=\"_self\">\n\t\t\t\tGi\u1edbi thi\u1ec7u v\u1ec1 Tri\u1ebft h\u1ecdc (Intro to Philosophy)\t\t\t<\/a>\n\n\t\t\t\t<\/h3>\n\t\t<div class=\"uael-post__separator-wrap\"><div class=\"uael-post__separator uael-post__gradient-separator\"><\/div><\/div>\t\t\t<\/div>\n\t\t\t\n\t\t<\/div>\n\t\t\n\t<\/div>\n\n<\/div>\n\n\n<div class=\"uael-post-wrapper   nh\u00e2n-v\u0103n-h\u1ecdc luy\u1ec7n-thi-cu\u1ed9c-thi-qu\u1ed1c-t\u1ebf \">\n\t<div class=\"uael-post__bg-wrap uael-bg-wrap-disabled\">\n\n\t\t\t\t\t<a href=\"https:\/\/www.aralia.com\/vi\/nhan-van-hoc\/khoa-hoc-luyen-thi-cuoc-thi-viet-luan-trung-hoc-culr\/\" target=\"_self\" class=\"uael-post__complete-box-overlay\" aria-label=\"Link Complete Box\"><\/a>\n\t\t\t\t\n\t\t<div class=\"uael-post__inner-wrap uael-inner-wrap-disabled\">\n\n\t\t\t\t<div class=\"uael-post__thumbnail\">\n\t\t\t\n\t\t\t<a href=\"https:\/\/www.aralia.com\/vi\/nhan-van-hoc\/khoa-hoc-luyen-thi-cuoc-thi-viet-luan-trung-hoc-culr\/\" target=\"_self\" title=\"Luy\u1ec7n thi Cu\u1ed9c thi Vi\u1ebft lu\u1eadn Lu\u1eadt c\u1ee7a t\u1ea1p ch\u00ed CULR\"><img decoding=\"async\" width=\"768\" height=\"512\" src=\"https:\/\/www.aralia.com\/wp-content\/uploads\/2024\/05\/AdobeStock_359512184-768x512.webp\" class=\"attachment-medium_large size-medium_large wp-image-107634\" alt=\"CULR High School Essay Contest Preparation\" title=\"\" srcset=\"https:\/\/www.aralia.com\/wp-content\/uploads\/2024\/05\/AdobeStock_359512184-768x512.webp 768w, https:\/\/www.aralia.com\/wp-content\/uploads\/2024\/05\/AdobeStock_359512184-300x200.webp 300w, https:\/\/www.aralia.com\/wp-content\/uploads\/2024\/05\/AdobeStock_359512184-1024x683.webp 1024w, https:\/\/www.aralia.com\/wp-content\/uploads\/2024\/05\/AdobeStock_359512184-1536x1024.webp 1536w, https:\/\/www.aralia.com\/wp-content\/uploads\/2024\/05\/AdobeStock_359512184-2048x1366.webp 2048w\" sizes=\"(max-width: 768px) 100vw, 768px\" \/><\/a>\n\t\t\t\t\t<\/div>\n\t\t\n\t\t\t\n\t\t\t<div class=\"uael-post__content-wrap uael-content-wrap-disabled\">\n\t\t\t\t\t\t<h3 class=\"uael-post__title\">\n\n\t\t\n\t\t\t\t\t\t<a href=\"https:\/\/www.aralia.com\/vi\/nhan-van-hoc\/khoa-hoc-luyen-thi-cuoc-thi-viet-luan-trung-hoc-culr\/\" target=\"_self\">\n\t\t\t\tLuy\u1ec7n thi Cu\u1ed9c thi Vi\u1ebft lu\u1eadn Lu\u1eadt c\u1ee7a t\u1ea1p ch\u00ed CULR\t\t\t<\/a>\n\n\t\t\t\t<\/h3>\n\t\t<div class=\"uael-post__separator-wrap\"><div class=\"uael-post__separator uael-post__gradient-separator\"><\/div><\/div>\t\t\t<\/div>\n\t\t\t\n\t\t<\/div>\n\t\t\n\t<\/div>\n\n<\/div>\n\n\n<div class=\"uael-post-wrapper   nh\u00e2n-v\u0103n-h\u1ecdc ch\u01b0\u01a1ng-tr\u00ecnh-thpt \">\n\t<div class=\"uael-post__bg-wrap uael-bg-wrap-disabled\">\n\n\t\t\t\t\t<a href=\"https:\/\/www.aralia.com\/vi\/nhan-van-hoc\/nen-tang-nghien-cuu-nhan-van\/\" target=\"_self\" class=\"uael-post__complete-box-overlay\" aria-label=\"Link Complete Box\"><\/a>\n\t\t\t\t\n\t\t<div class=\"uael-post__inner-wrap uael-inner-wrap-disabled\">\n\n\t\t\t\t<div class=\"uael-post__thumbnail\">\n\t\t\t\n\t\t\t<a href=\"https:\/\/www.aralia.com\/vi\/nhan-van-hoc\/nen-tang-nghien-cuu-nhan-van\/\" target=\"_self\" title=\"N\u1ec1n t\u1ea3ng Nghi\u00ean c\u1ee9u Nh\u00e2n v\u0103n\"><img loading=\"lazy\" decoding=\"async\" width=\"768\" height=\"320\" src=\"https:\/\/www.aralia.com\/wp-content\/uploads\/2025\/10\/AdobeStock_251619893-768x320.webp\" class=\"attachment-medium_large size-medium_large wp-image-124622\" alt=\"Foundations in Humanities Research\" title=\"\" srcset=\"https:\/\/www.aralia.com\/wp-content\/uploads\/2025\/10\/AdobeStock_251619893-768x320.webp 768w, https:\/\/www.aralia.com\/wp-content\/uploads\/2025\/10\/AdobeStock_251619893-300x125.webp 300w, https:\/\/www.aralia.com\/wp-content\/uploads\/2025\/10\/AdobeStock_251619893.webp 979w\" sizes=\"(max-width: 768px) 100vw, 768px\" \/><\/a>\n\t\t\t\t\t<\/div>\n\t\t\n\t\t\t\n\t\t\t<div class=\"uael-post__content-wrap uael-content-wrap-disabled\">\n\t\t\t\t\t\t<h3 class=\"uael-post__title\">\n\n\t\t\n\t\t\t\t\t\t<a href=\"https:\/\/www.aralia.com\/vi\/nhan-van-hoc\/nen-tang-nghien-cuu-nhan-van\/\" target=\"_self\">\n\t\t\t\tN\u1ec1n t\u1ea3ng Nghi\u00ean c\u1ee9u Nh\u00e2n v\u0103n\t\t\t<\/a>\n\n\t\t\t\t<\/h3>\n\t\t<div class=\"uael-post__separator-wrap\"><div class=\"uael-post__separator uael-post__gradient-separator\"><\/div><\/div>\t\t\t<\/div>\n\t\t\t\n\t\t<\/div>\n\t\t\n\t<\/div>\n\n<\/div>\n\t\t\t\t<\/div>\n\t\t\t\t\t\t\n\t\t<\/div>\n\n\t\t\t\t\t\t<\/div>\n\t\t<div class=\"uael-post__footer\">\n\t\t\t\t\t<\/div>\n\t\t\t\t\t\t<\/div>\n\t\t\t\t<\/div>\n\t\t\t\t\t<\/div>\n\t\t<\/div>\n\t\t\t\t\t<\/div>\n\t\t<\/section>\n\t\t\t\t<section class=\"elementor-section elementor-top-section elementor-element elementor-element-fb67e28 elementor-section-stretched elementor-section-boxed elementor-section-height-default elementor-section-height-default\" data-id=\"fb67e28\" data-element_type=\"section\" data-e-type=\"section\" data-settings=\"{&quot;background_background&quot;:&quot;classic&quot;,&quot;stretch_section&quot;:&quot;section-stretched&quot;}\">\n\t\t\t\t\t\t<div class=\"elementor-container elementor-column-gap-default\">\n\t\t\t\t\t<div class=\"elementor-column elementor-col-100 elementor-top-column elementor-element elementor-element-6b65427\" data-id=\"6b65427\" data-element_type=\"column\" data-e-type=\"column\" data-settings=\"{&quot;background_background&quot;:&quot;classic&quot;}\">\n\t\t\t<div class=\"elementor-widget-wrap elementor-element-populated\">\n\t\t\t\t\t\t<div class=\"elementor-element elementor-element-2280c56 uael-heading-align-center elementor-widget elementor-widget-uael-advanced-heading\" data-id=\"2280c56\" data-element_type=\"widget\" data-e-type=\"widget\" data-widget_type=\"uael-advanced-heading.default\">\n\t\t\t\t<div class=\"elementor-widget-container\">\n\t\t\t\t\t\n\t\t<div class=\"uael-module-content uael-heading-wrapper\">\n\t\t\t\t\t\t\n\t\t\t<h2 class=\"uael-heading\">\n\t\t\t\t\t\t\t\t\t\t<span class=\"uael-heading-text elementor-inline-editing uael-size--default\" data-elementor-setting-key=\"heading_title\" data-elementor-inline-editing-toolbar=\"basic\">B\u1ee9t ph\u00e1 c\u00f9ng Aralia<\/span>\n\t\t\t\t\t\t\t<\/h2>\n\n\t\t\t\n\t\t\t\n\t\t\t\n\t\t\t\t\t\t<\/div>\n\t\t\t\t\t\t<\/div>\n\t\t\t\t<\/div>\n\t\t\t\t<div class=\"elementor-element elementor-element-f703117 elementor-align-center elementor-widget elementor-widget-button\" data-id=\"f703117\" data-element_type=\"widget\" data-e-type=\"widget\" data-widget_type=\"button.default\">\n\t\t\t\t<div class=\"elementor-widget-container\">\n\t\t\t\t\t\t\t\t\t<div class=\"elementor-button-wrapper\">\n\t\t\t\t\t<a class=\"elementor-button elementor-button-link elementor-size-md\" href=\"https:\/\/www.aralia.com\/vi\/inquiry\/\">\n\t\t\t\t\t\t<span class=\"elementor-button-content-wrapper\">\n\t\t\t\t\t\t\t\t\t<span class=\"elementor-button-text\">\u0110\u0103ng k\u00fd t\u01b0 v\u1ea5n<\/span>\n\t\t\t\t\t<\/span>\n\t\t\t\t\t<\/a>\n\t\t\t\t<\/div>\n\t\t\t\t\t\t\t\t<\/div>\n\t\t\t\t<\/div>\n\t\t\t\t\t<\/div>\n\t\t<\/div>\n\t\t\t\t\t<\/div>\n\t\t<\/section>\n\t\t\t\t<\/div>\n\t\t","protected":false},"excerpt":{"rendered":"<p>Quay l\u1ea1i L\u1edbp Nh\u00e2n V\u0103n L\u1edbp Nh\u00e2n v\u0103n mang \u0111\u1ebfn h\u00e0nh tr\u00ecnh kh\u00e1m ph\u00e1 phong ph\u00fa v\u00e0 li\u00ean ng\u00e0nh v\u1ec1 v\u0103n h\u00f3a, t\u01b0 t\u01b0\u1edfng v\u00e0 s\u1ef1 s\u00e1ng t\u1ea1o c\u1ee7a con ng\u01b0\u1eddi, bao g\u1ed3m v\u0103n h\u1ecdc, tri\u1ebft h\u1ecdc, l\u1ecbch s\u1eed, ngh\u1ec7 thu\u1eadt v\u00e0 nhi\u1ec1u l\u0129nh v\u1ef1c kh\u00e1c. T\u1eeb c\u00e1c kh\u00f3a h\u1ecdc n\u1ec1n t\u1ea3ng v\u1ec1 v\u0103n h\u1ecdc [&hellip;]<\/p>\n","protected":false},"author":1,"featured_media":0,"parent":0,"menu_order":0,"comment_status":"closed","ping_status":"closed","template":"","meta":{"content-type":"","site-sidebar-layout":"no-sidebar","site-content-layout":"page-builder","ast-site-content-layout":"full-width-container","site-content-style":"default","site-sidebar-style":"default","ast-global-header-display":"","ast-banner-title-visibility":"","ast-main-header-display":"","ast-hfb-above-header-display":"","ast-hfb-below-header-display":"","ast-hfb-mobile-header-display":"","site-post-title":"disabled","ast-breadcrumbs-content":"","ast-featured-img":"disabled","footer-sml-layout":"","ast-disable-related-posts":"","theme-transparent-header-meta":"","adv-header-id-meta":"","stick-header-meta":"","header-above-stick-meta":"","header-main-stick-meta":"","header-below-stick-meta":"","astra-migrate-meta-layouts":"default","ast-page-background-enabled":"default","ast-page-background-meta":{"desktop":{"background-color":"","background-image":"","background-repeat":"repeat","background-position":"center center","background-size":"auto","background-attachment":"scroll","background-type":"","background-media":"","overlay-type":"","overlay-color":"","overlay-opacity":"","overlay-gradient":""},"tablet":{"background-color":"","background-image":"","background-repeat":"repeat","background-position":"center center","background-size":"auto","background-attachment":"scroll","background-type":"","background-media":"","overlay-type":"","overlay-color":"","overlay-opacity":"","overlay-gradient":""},"mobile":{"background-color":"","background-image":"","background-repeat":"repeat","background-position":"center center","background-size":"auto","background-attachment":"scroll","background-type":"","background-media":"","overlay-type":"","overlay-color":"","overlay-opacity":"","overlay-gradient":""}},"ast-content-background-meta":{"desktop":{"background-color":"var(--ast-global-color-5)","background-image":"","background-repeat":"repeat","background-position":"center center","background-size":"auto","background-attachment":"scroll","background-type":"","background-media":"","overlay-type":"","overlay-color":"","overlay-opacity":"","overlay-gradient":""},"tablet":{"background-color":"var(--ast-global-color-5)","background-image":"","background-repeat":"repeat","background-position":"center center","background-size":"auto","background-attachment":"scroll","background-type":"","background-media":"","overlay-type":"","overlay-color":"","overlay-opacity":"","overlay-gradient":""},"mobile":{"background-color":"var(--ast-global-color-5)","background-image":"","background-repeat":"repeat","background-position":"center center","background-size":"auto","background-attachment":"scroll","background-type":"","background-media":"","overlay-type":"","overlay-color":"","overlay-opacity":"","overlay-gradient":""}},"footnotes":""},"class_list":["post-102483","page","type-page","status-publish","hentry"],"_links":{"self":[{"href":"https:\/\/www.aralia.com\/vi\/wp-json\/wp\/v2\/pages\/102483","targetHints":{"allow":["GET"]}}],"collection":[{"href":"https:\/\/www.aralia.com\/vi\/wp-json\/wp\/v2\/pages"}],"about":[{"href":"https:\/\/www.aralia.com\/vi\/wp-json\/wp\/v2\/types\/page"}],"author":[{"embeddable":true,"href":"https:\/\/www.aralia.com\/vi\/wp-json\/wp\/v2\/users\/1"}],"replies":[{"embeddable":true,"href":"https:\/\/www.aralia.com\/vi\/wp-json\/wp\/v2\/comments?post=102483"}],"version-history":[{"count":3,"href":"https:\/\/www.aralia.com\/vi\/wp-json\/wp\/v2\/pages\/102483\/revisions"}],"predecessor-version":[{"id":119684,"href":"https:\/\/www.aralia.com\/vi\/wp-json\/wp\/v2\/pages\/102483\/revisions\/119684"}],"wp:attachment":[{"href":"https:\/\/www.aralia.com\/vi\/wp-json\/wp\/v2\/media?parent=102483"}],"curies":[{"name":"wp","href":"https:\/\/api.w.org\/{rel}","templated":true}]}}