{"id":102485,"date":"2025-02-05T10:41:50","date_gmt":"2025-02-05T18:41:50","guid":{"rendered":"https:\/\/www.aralia.com\/cuoc-thi-nhan-van-humanities\/"},"modified":"2025-07-31T13:44:08","modified_gmt":"2025-07-31T20:44:08","slug":"cuoc-thi-nhan-van-humanities","status":"publish","type":"page","link":"https:\/\/www.aralia.com\/vi\/cuoc-thi-nhan-van-humanities\/","title":{"rendered":"Cu\u1ed9c thi Nh\u00e2n V\u0103n (Humanities)"},"content":{"rendered":"\t\t<div data-elementor-type=\"wp-page\" data-elementor-id=\"102485\" class=\"elementor elementor-102485 elementor-101252\" data-elementor-post-type=\"page\">\n\t\t\t\t\t\t<section class=\"elementor-section elementor-top-section elementor-element elementor-element-0f5e058 elementor-section-boxed elementor-section-height-default elementor-section-height-default\" data-id=\"0f5e058\" data-element_type=\"section\" data-e-type=\"section\" data-settings=\"{&quot;background_background&quot;:&quot;classic&quot;}\">\n\t\t\t\t\t\t\t<div class=\"elementor-background-overlay\"><\/div>\n\t\t\t\t\t\t\t<div class=\"elementor-container elementor-column-gap-default\">\n\t\t\t\t\t<div class=\"elementor-column elementor-col-100 elementor-top-column elementor-element elementor-element-23834c4\" data-id=\"23834c4\" data-element_type=\"column\" data-e-type=\"column\">\n\t\t\t<div class=\"elementor-widget-wrap elementor-element-populated\">\n\t\t\t\t\t\t<div class=\"elementor-element elementor-element-d04db5f elementor-widget elementor-widget-button\" data-id=\"d04db5f\" data-element_type=\"widget\" data-e-type=\"widget\" data-widget_type=\"button.default\">\n\t\t\t\t<div class=\"elementor-widget-container\">\n\t\t\t\t\t\t\t\t\t<div class=\"elementor-button-wrapper\">\n\t\t\t\t\t<a class=\"elementor-button elementor-button-link elementor-size-sm\" href=\"https:\/\/www.aralia.com\/vi\/cuoc-thi-quoc-te\/\">\n\t\t\t\t\t\t<span class=\"elementor-button-content-wrapper\">\n\t\t\t\t\t\t<span class=\"elementor-button-icon\">\n\t\t\t\t<svg aria-hidden=\"true\" class=\"e-font-icon-svg e-fas-chevron-left\" viewBox=\"0 0 320 512\" xmlns=\"http:\/\/www.w3.org\/2000\/svg\"><path d=\"M34.52 239.03L228.87 44.69c9.37-9.37 24.57-9.37 33.94 0l22.67 22.67c9.36 9.36 9.37 24.52.04 33.9L131.49 256l154.02 154.75c9.34 9.38 9.32 24.54-.04 33.9l-22.67 22.67c-9.37 9.37-24.57 9.37-33.94 0L34.52 272.97c-9.37-9.37-9.37-24.57 0-33.94z\"><\/path><\/svg>\t\t\t<\/span>\n\t\t\t\t\t\t\t\t\t<span class=\"elementor-button-text\">Quay l\u1ea1i<\/span>\n\t\t\t\t\t<\/span>\n\t\t\t\t\t<\/a>\n\t\t\t\t<\/div>\n\t\t\t\t\t\t\t\t<\/div>\n\t\t\t\t<\/div>\n\t\t\t\t<div class=\"elementor-element elementor-element-27812ba elementor-widget elementor-widget-uael-advanced-heading\" data-id=\"27812ba\" data-element_type=\"widget\" data-e-type=\"widget\" data-widget_type=\"uael-advanced-heading.default\">\n\t\t\t\t<div class=\"elementor-widget-container\">\n\t\t\t\t\t\n\t\t<div class=\"uael-module-content uael-heading-wrapper\">\n\t\t\t\t\t\t\n\t\t\t<h1 class=\"uael-heading\">\n\t\t\t\t\t\t\t\t\t\t<span class=\"uael-heading-text elementor-inline-editing uael-size--default\" data-elementor-setting-key=\"heading_title\" data-elementor-inline-editing-toolbar=\"basic\">Cu\u1ed9c thi Nh\u00e2n V\u0103n (Humanities)<\/span>\n\t\t\t\t\t\t\t<\/h1>\n\n\t\t\t\n\t\t\t\n\t\t\t\t\t\t\t<div class=\"uael-subheading elementor-inline-editing\" data-elementor-setting-key=\"heading_description\" data-elementor-inline-editing-toolbar=\"advanced\" >\n\t\t\t\t\tC\u00e1c cu\u1ed9c thi Nh\u00e2n v\u0103n d\u00e0nh cho h\u1ecdc sinh trung h\u1ecdc mang \u0111\u1ebfn m\u1ed9t n\u1ec1n t\u1ea3ng n\u0103ng \u0111\u1ed9ng \u0111\u1ec3 kh\u00e1m ph\u00e1 c\u00e1c l\u0129nh v\u1ef1c \u0111a d\u1ea1ng v\u00e0 c\u00f3 s\u1ef1 li\u00ean k\u1ebft ch\u1eb7t ch\u1ebd. Tham gia c\u00e1c cu\u1ed9c thi n\u00e0y gi\u00fap h\u1ecdc sinh ph\u00e1t tri\u1ec3n t\u01b0 duy ph\u1ea3n bi\u1ec7n, s\u1ef1 s\u00e1ng t\u1ea1o v\u00e0 k\u1ef9 n\u0103ng giao ti\u1ebfp, \u0111\u1ed3ng th\u1eddi ti\u1ebfp c\u1eadn nh\u1eefng \u00fd t\u01b0\u1edfng \u0111\u1ecbnh h\u00ecnh s\u1ef1 hi\u1ec3u bi\u1ebft c\u1ee7a ch\u00fang ta v\u1ec1 nh\u00e2n lo\u1ea1i.  \t\t\t\t<\/div>\n\t\t\t\t\n\t\t\t\t\t\t<\/div>\n\t\t\t\t\t\t<\/div>\n\t\t\t\t<\/div>\n\t\t\t\t<div class=\"elementor-element elementor-element-98326ed elementor-widget elementor-widget-text-editor\" data-id=\"98326ed\" data-element_type=\"widget\" data-e-type=\"widget\" data-widget_type=\"text-editor.default\">\n\t\t\t\t<div class=\"elementor-widget-container\">\n\t\t\t\t\t\t\t\t\t<p>C\u00e1ch tra c\u1ee9u th\u00f4ng tin v\u1ec1 cu\u1ed9c thi <\/p>\t\t\t\t\t\t\t\t<\/div>\n\t\t\t\t<\/div>\n\t\t\t\t<section class=\"elementor-section elementor-inner-section elementor-element elementor-element-c1a1a29 elementor-section-boxed elementor-section-height-default elementor-section-height-default\" data-id=\"c1a1a29\" data-element_type=\"section\" data-e-type=\"section\">\n\t\t\t\t\t\t<div class=\"elementor-container elementor-column-gap-default\">\n\t\t\t\t\t<div class=\"elementor-column elementor-col-33 elementor-inner-column elementor-element elementor-element-198f054\" data-id=\"198f054\" data-element_type=\"column\" data-e-type=\"column\">\n\t\t\t<div class=\"elementor-widget-wrap elementor-element-populated\">\n\t\t\t\t\t\t<div class=\"elementor-element elementor-element-730e955 elementor-widget elementor-widget-text-editor\" data-id=\"730e955\" data-element_type=\"widget\" data-e-type=\"widget\" data-widget_type=\"text-editor.default\">\n\t\t\t\t<div class=\"elementor-widget-container\">\n\t\t\t\t\t\t\t\t\t<p><strong>C\u1ea5p \u0110\u1ed9 Cu\u1ed9c Thi: <\/strong><\/p><p>\u2022 Qu\u1ed1c gia: H\u1ecdc sinh t\u1ea1i Hoa K\u1ef3<br>\u2022 Khu v\u1ef1c: H\u1ecdc sinh t\u1eeb c\u00e1c bang, t\u1ec9nh ho\u1eb7c v\u00f9ng l\u00e3nh th\u1ed5 c\u1ee5 th\u1ec3 <br>\u2022 Qu\u1ed1c t\u1ebf: M\u1edf cho h\u1ecdc sinh tr\u00ean to\u00e0n th\u1ebf gi\u1edbi<\/p>\t\t\t\t\t\t\t\t<\/div>\n\t\t\t\t<\/div>\n\t\t\t\t\t<\/div>\n\t\t<\/div>\n\t\t\t\t<div class=\"elementor-column elementor-col-33 elementor-inner-column elementor-element elementor-element-72e1a23\" data-id=\"72e1a23\" data-element_type=\"column\" data-e-type=\"column\">\n\t\t\t<div class=\"elementor-widget-wrap elementor-element-populated\">\n\t\t\t\t\t\t<div class=\"elementor-element elementor-element-a4f6f94 elementor-widget elementor-widget-text-editor\" data-id=\"a4f6f94\" data-element_type=\"widget\" data-e-type=\"widget\" data-widget_type=\"text-editor.default\">\n\t\t\t\t<div class=\"elementor-widget-container\">\n\t\t\t\t\t\t\t\t\t<p><strong>\u0110i\u1ec1u Ki\u1ec7n Tham Gia: <\/strong><\/p><p>\u2022 Trung h\u1ecdc c\u01a1 s\u1edf: H\u1ecdc sinh t\u1eeb l\u1edbp 6 \u0111\u1ebfn l\u1edbp 8 <br>\u2022 Trung h\u1ecdc ph\u1ed5 th\u00f4ng: H\u1ecdc sinh t\u1eeb l\u1edbp 9 \u0111\u1ebfn l\u1edbp 12 <br>\u2022 Trung h\u1ecdc c\u01a1 s\u1edf v\u00e0 trung h\u1ecdc ph\u1ed5 th\u00f4ng: H\u1ecdc sinh thu\u1ed9c c\u1ea3 hai c\u1ea5p l\u1edbp<\/p>\t\t\t\t\t\t\t\t<\/div>\n\t\t\t\t<\/div>\n\t\t\t\t\t<\/div>\n\t\t<\/div>\n\t\t\t\t<div class=\"elementor-column elementor-col-33 elementor-inner-column elementor-element elementor-element-bf0ef0d\" data-id=\"bf0ef0d\" data-element_type=\"column\" data-e-type=\"column\">\n\t\t\t<div class=\"elementor-widget-wrap elementor-element-populated\">\n\t\t\t\t\t\t<div class=\"elementor-element elementor-element-6df1c6e elementor-widget elementor-widget-text-editor\" data-id=\"6df1c6e\" data-element_type=\"widget\" data-e-type=\"widget\" data-widget_type=\"text-editor.default\">\n\t\t\t\t<div class=\"elementor-widget-container\">\n\t\t\t\t\t\t\t\t\t<p><strong>H\u1ea1n Ch\u00f3t: <\/strong><\/p><p>Ch\u00fang t\u00f4i li\u1ec7t k\u00ea th\u1eddi h\u1ea1n n\u1ed9p b\u00e0i c\u1ee7a c\u00e1c cu\u1ed9c thi theo th\u00e1ng \u0111\u1ec3 gi\u00fap b\u1ea1n l\u00ean k\u1ebf ho\u1ea1ch. Tuy nhi\u00ean, m\u1ed7i cu\u1ed9c thi c\u00f3 m\u1ed9t th\u1eddi h\u1ea1n c\u1ee5 th\u1ec3, v\u00ec v\u1eady h\u00e3y nh\u1edb ki\u1ec3m tra l\u1ecbch \u0111\u1ec3 bi\u1ebft th\u1eddi gian ch\u00ednh x\u00e1c.  <\/p>\t\t\t\t\t\t\t\t<\/div>\n\t\t\t\t<\/div>\n\t\t\t\t\t<\/div>\n\t\t<\/div>\n\t\t\t\t\t<\/div>\n\t\t<\/section>\n\t\t\t\t\t<\/div>\n\t\t<\/div>\n\t\t\t\t\t<\/div>\n\t\t<\/section>\n\t\t\t\t<section class=\"elementor-section elementor-top-section elementor-element elementor-element-bbad3ff elementor-section-boxed elementor-section-height-default elementor-section-height-default\" data-id=\"bbad3ff\" data-element_type=\"section\" data-e-type=\"section\">\n\t\t\t\t\t\t<div class=\"elementor-container elementor-column-gap-default\">\n\t\t\t\t\t<div class=\"elementor-column elementor-col-100 elementor-top-column elementor-element elementor-element-c82b2af\" data-id=\"c82b2af\" data-element_type=\"column\" data-e-type=\"column\">\n\t\t\t<div class=\"elementor-widget-wrap elementor-element-populated\">\n\t\t\t\t\t\t<div class=\"elementor-element elementor-element-65415e2 elementor-widget elementor-widget-spacer\" data-id=\"65415e2\" data-element_type=\"widget\" data-e-type=\"widget\" data-widget_type=\"spacer.default\">\n\t\t\t\t<div class=\"elementor-widget-container\">\n\t\t\t\t\t\t\t<div class=\"elementor-spacer\">\n\t\t\t<div class=\"elementor-spacer-inner\"><\/div>\n\t\t<\/div>\n\t\t\t\t\t\t<\/div>\n\t\t\t\t<\/div>\n\t\t\t\t<div class=\"elementor-element elementor-element-f43a4cb uael-post__link-complete-yes uael-equal__height-yes uael-posts-thumbnail-ratio uael-post__content-align-left elementor-widget elementor-widget-uael-posts\" data-id=\"f43a4cb\" data-element_type=\"widget\" data-e-type=\"widget\" data-settings=\"{&quot;business_slides_to_show&quot;:4,&quot;business_show_filters&quot;:&quot;yes&quot;,&quot;business_slides_to_show_tablet&quot;:2,&quot;business_slides_to_show_mobile&quot;:1}\" data-widget_type=\"uael-posts.business\">\n\t\t\t\t<div class=\"elementor-widget-container\">\n\t\t\t\t\t\t\t<div class=\"uael-post__header\">\n\t\t\t\t\t<div class=\"uael-post__header-filters-wrap uael-posts-tabs-dropdown\">\n\t\t\t<ul class=\"uael-post__header-filters\" aria-label=\"Taxonomy Filter\">\n\t\t\t\t<li class=\"uael-post__header-filter uael-filter__current\" data-filter=\"*\">H\u1ea1n ch\u00f3t:<br><\/li>\n\t\t\t\t\t\t\t\t<li class=\"uael-post__header-filter\" data-filter=\".nhieu-thoi-han\" tabindex=\"0\">Nhi\u1ec1u Th\u1eddi H\u1ea1n<\/li>\n\t\t\t\t\t\t\t\t<li class=\"uael-post__header-filter\" data-filter=\".thang-1\" tabindex=\"0\">Th\u00e1ng 1<\/li>\n\t\t\t\t\t\t\t\t<li class=\"uael-post__header-filter\" data-filter=\".thang-10\" tabindex=\"0\">Th\u00e1ng 10<\/li>\n\t\t\t\t\t\t\t\t<li class=\"uael-post__header-filter\" data-filter=\".thang-11\" tabindex=\"0\">Th\u00e1ng 11<\/li>\n\t\t\t\t\t\t\t\t<li class=\"uael-post__header-filter\" data-filter=\".thang-12\" tabindex=\"0\">Th\u00e1ng 12<\/li>\n\t\t\t\t\t\t\t\t<li class=\"uael-post__header-filter\" data-filter=\".thang-2\" tabindex=\"0\">Th\u00e1ng 2<\/li>\n\t\t\t\t\t\t\t\t<li class=\"uael-post__header-filter\" data-filter=\".thang-3\" tabindex=\"0\">Th\u00e1ng 3<\/li>\n\t\t\t\t\t\t\t\t<li class=\"uael-post__header-filter\" data-filter=\".thang-4\" tabindex=\"0\">Th\u00e1ng 4<\/li>\n\t\t\t\t\t\t\t\t<li class=\"uael-post__header-filter\" data-filter=\".thang-5\" tabindex=\"0\">Th\u00e1ng 5<\/li>\n\t\t\t\t\t\t\t\t<li class=\"uael-post__header-filter\" data-filter=\".thang-6\" tabindex=\"0\">Th\u00e1ng 6<\/li>\n\t\t\t\t\t\t\t\t<li class=\"uael-post__header-filter\" data-filter=\".thang-7\" tabindex=\"0\">Th\u00e1ng 7<\/li>\n\t\t\t\t\t\t\t\t<li class=\"uael-post__header-filter\" data-filter=\".thang-8\" tabindex=\"0\">Th\u00e1ng 8<\/li>\n\t\t\t\t\t\t\t\t<li class=\"uael-post__header-filter\" data-filter=\".thang-9\" tabindex=\"0\">Th\u00e1ng 9<\/li>\n\t\t\t\t\t\t\t<\/ul>\n\n\t\t\t\t\t\t\t<div class=\"uael-filters-dropdown\">\n\t\t\t\t\t<div class=\"uael-filters-dropdown-button\">H\u1ea1n ch\u00f3t:<br><i class=\"fa fa-angle-down\"><\/i><\/div>\n\n\t\t\t\t\t<ul class=\"uael-filters-dropdown-list uael-post__header-filters\">\n\t\t\t\t\t\t<li class=\"uael-filters-dropdown-item uael-post__header-filter uael-filter__current\" data-filter=\"*\">H\u1ea1n ch\u00f3t:<br><\/li>\n\t\t\t\t\t\t\t\t\t\t\t\t<li class=\"uael-filters-dropdown-item uael-post__header-filter\" data-filter=\".nhieu-thoi-han\">Nhi\u1ec1u Th\u1eddi H\u1ea1n<\/li>\n\t\t\t\t\t\t\t\t\t\t\t\t<li class=\"uael-filters-dropdown-item uael-post__header-filter\" data-filter=\".thang-1\">Th\u00e1ng 1<\/li>\n\t\t\t\t\t\t\t\t\t\t\t\t<li class=\"uael-filters-dropdown-item uael-post__header-filter\" data-filter=\".thang-10\">Th\u00e1ng 10<\/li>\n\t\t\t\t\t\t\t\t\t\t\t\t<li class=\"uael-filters-dropdown-item uael-post__header-filter\" data-filter=\".thang-11\">Th\u00e1ng 11<\/li>\n\t\t\t\t\t\t\t\t\t\t\t\t<li class=\"uael-filters-dropdown-item uael-post__header-filter\" data-filter=\".thang-12\">Th\u00e1ng 12<\/li>\n\t\t\t\t\t\t\t\t\t\t\t\t<li class=\"uael-filters-dropdown-item uael-post__header-filter\" data-filter=\".thang-2\">Th\u00e1ng 2<\/li>\n\t\t\t\t\t\t\t\t\t\t\t\t<li class=\"uael-filters-dropdown-item uael-post__header-filter\" data-filter=\".thang-3\">Th\u00e1ng 3<\/li>\n\t\t\t\t\t\t\t\t\t\t\t\t<li class=\"uael-filters-dropdown-item uael-post__header-filter\" data-filter=\".thang-4\">Th\u00e1ng 4<\/li>\n\t\t\t\t\t\t\t\t\t\t\t\t<li class=\"uael-filters-dropdown-item uael-post__header-filter\" data-filter=\".thang-5\">Th\u00e1ng 5<\/li>\n\t\t\t\t\t\t\t\t\t\t\t\t<li class=\"uael-filters-dropdown-item uael-post__header-filter\" data-filter=\".thang-6\">Th\u00e1ng 6<\/li>\n\t\t\t\t\t\t\t\t\t\t\t\t<li class=\"uael-filters-dropdown-item uael-post__header-filter\" data-filter=\".thang-7\">Th\u00e1ng 7<\/li>\n\t\t\t\t\t\t\t\t\t\t\t\t<li class=\"uael-filters-dropdown-item uael-post__header-filter\" data-filter=\".thang-8\">Th\u00e1ng 8<\/li>\n\t\t\t\t\t\t\t\t\t\t\t\t<li class=\"uael-filters-dropdown-item uael-post__header-filter\" data-filter=\".thang-9\">Th\u00e1ng 9<\/li>\n\t\t\t\t\t\t\t\t\t\t\t<\/ul>\n\t\t\t\t<\/div>\n\t\t\t\t\t<\/div>\n\t\t\t\t<\/div>\n\t\t<div class=\"uael-post__body\">\n\t\t\t\n\t\t\n\t\t<div class=\"uael-blog-terms-position-above_content uael-post-image-top uael-post-grid uael-posts\" data-query-type=\"custom\" data-structure=\"normal\" data-layout=\"\" data-page=\"102485\" data-skin=\"business\" data-filter-default=\"H\u1ea1n ch\u00f3t:&lt;br&gt;\" data-offset-top=\"30\" >\n\n\t\t\t\t\t\t\t<div class=\"uael-post-grid__inner uael-post__columns-4 uael-post__columns-tablet-2 uael-post__columns-mobile-1\">\n\t\t\t\n\n<div class=\"uael-post-wrapper cuoc-thi-quoc-te thang-3 thcs-thpt  nh\u00e2n-v\u0103n-h\u1ecdc \">\n\t<div class=\"uael-post__bg-wrap uael-bg-wrap-disabled\">\n\n\t\t\t\t\t<a href=\"https:\/\/www.aralia.com\/vi\/nhan-van-hoc\/harvard-political-review-essay-competition\/\" target=\"_self\" class=\"uael-post__complete-box-overlay\" aria-label=\"Link Complete Box\"><\/a>\n\t\t\t\t\n\t\t<div class=\"uael-post__inner-wrap uael-inner-wrap-disabled\">\n\n\t\t\t\t<div class=\"uael-post__thumbnail\">\n\t\t\t\n\t\t\t<a href=\"https:\/\/www.aralia.com\/vi\/nhan-van-hoc\/harvard-political-review-essay-competition\/\" target=\"_self\" title=\"Cu\u1ed9c thi Vi\u1ebft lu\u1eadn Harvard Political Review\"><img fetchpriority=\"high\" decoding=\"async\" width=\"768\" height=\"369\" src=\"https:\/\/www.aralia.com\/wp-content\/uploads\/2025\/02\/AdobeStock_514909304-768x369.webp\" class=\"attachment-medium_large size-medium_large wp-image-101002\" alt=\"Harvard Political Review Essay Competition\" title=\"\" srcset=\"https:\/\/www.aralia.com\/wp-content\/uploads\/2025\/02\/AdobeStock_514909304-768x369.webp 768w, https:\/\/www.aralia.com\/wp-content\/uploads\/2025\/02\/AdobeStock_514909304-300x144.webp 300w, https:\/\/www.aralia.com\/wp-content\/uploads\/2025\/02\/AdobeStock_514909304-1024x493.webp 1024w, https:\/\/www.aralia.com\/wp-content\/uploads\/2025\/02\/AdobeStock_514909304.webp 1497w\" sizes=\"(max-width: 768px) 100vw, 768px\" \/><\/a>\n\t\t\t\t\t<\/div>\n\t\t\n\t\t\t\n\t\t\t<div class=\"uael-post__content-wrap uael-content-wrap-disabled\">\n\t\t\t\t\t\t\t\t\t<div class=\"uael-post__terms-wrap\"><span class=\"uael-post__terms\"><span class=\"uael-listing__terms-link\">Cu\u1ed9c thi Qu\u1ed1c t\u1ebf<\/span><span class=\"uael-listing__terms-link\">Th\u00e1ng 3<\/span><span class=\"uael-listing__terms-link\">THCS &amp; THPT<\/span><\/span><\/div>\n\t\t\t\t\t\t\t<h3 class=\"uael-post__title\">\n\n\t\t\n\t\t\t\t\t\t<a href=\"https:\/\/www.aralia.com\/vi\/nhan-van-hoc\/harvard-political-review-essay-competition\/\" target=\"_self\">\n\t\t\t\tCu\u1ed9c thi Vi\u1ebft lu\u1eadn Harvard Political Review\t\t\t<\/a>\n\n\t\t\t\t<\/h3>\n\t\t<div class=\"uael-post__separator-wrap\"><div class=\"uael-post__separator uael-post__gradient-separator\"><\/div><\/div>\t\t\t<\/div>\n\t\t\t\n\t\t<\/div>\n\t\t\n\t<\/div>\n\n<\/div>\n\n\n<div class=\"uael-post-wrapper cuoc-thi-quoc-te thang-6 thpt  nh\u00e2n-v\u0103n-h\u1ecdc \">\n\t<div class=\"uael-post__bg-wrap uael-bg-wrap-disabled\">\n\n\t\t\t\t\t<a href=\"https:\/\/www.aralia.com\/vi\/nhan-van-hoc\/columbia-undergraduate-law-review-high-school-essay-contest\/\" target=\"_self\" class=\"uael-post__complete-box-overlay\" aria-label=\"Link Complete Box\"><\/a>\n\t\t\t\t\n\t\t<div class=\"uael-post__inner-wrap uael-inner-wrap-disabled\">\n\n\t\t\t\t<div class=\"uael-post__thumbnail\">\n\t\t\t\n\t\t\t<a href=\"https:\/\/www.aralia.com\/vi\/nhan-van-hoc\/columbia-undergraduate-law-review-high-school-essay-contest\/\" target=\"_self\" title=\"Cu\u1ed9c Thi Vi\u1ebft Lu\u1eadn Lu\u1eadt Columbia D\u00e0nh Cho H\u1ecdc Sinh THPT (Columbia Undergraduate Law Review High School Essay Contest)\"><img decoding=\"async\" width=\"768\" height=\"512\" src=\"https:\/\/www.aralia.com\/wp-content\/uploads\/2024\/04\/AdobeStock_578556347-768x512.webp\" class=\"attachment-medium_large size-medium_large wp-image-91335\" alt=\"\" title=\"\" srcset=\"https:\/\/www.aralia.com\/wp-content\/uploads\/2024\/04\/AdobeStock_578556347-768x512.webp 768w, https:\/\/www.aralia.com\/wp-content\/uploads\/2024\/04\/AdobeStock_578556347-300x200.webp 300w, https:\/\/www.aralia.com\/wp-content\/uploads\/2024\/04\/AdobeStock_578556347-1024x683.webp 1024w, https:\/\/www.aralia.com\/wp-content\/uploads\/2024\/04\/AdobeStock_578556347-1536x1024.webp 1536w, https:\/\/www.aralia.com\/wp-content\/uploads\/2024\/04\/AdobeStock_578556347-2048x1365.webp 2048w\" sizes=\"(max-width: 768px) 100vw, 768px\" \/><\/a>\n\t\t\t\t\t<\/div>\n\t\t\n\t\t\t\n\t\t\t<div class=\"uael-post__content-wrap uael-content-wrap-disabled\">\n\t\t\t\t\t\t\t\t\t<div class=\"uael-post__terms-wrap\"><span class=\"uael-post__terms\"><span class=\"uael-listing__terms-link\">Cu\u1ed9c thi Qu\u1ed1c t\u1ebf<\/span><span class=\"uael-listing__terms-link\">Th\u00e1ng 6<\/span><span class=\"uael-listing__terms-link\">THPT<\/span><\/span><\/div>\n\t\t\t\t\t\t\t<h3 class=\"uael-post__title\">\n\n\t\t\n\t\t\t\t\t\t<a href=\"https:\/\/www.aralia.com\/vi\/nhan-van-hoc\/columbia-undergraduate-law-review-high-school-essay-contest\/\" target=\"_self\">\n\t\t\t\tCu\u1ed9c Thi Vi\u1ebft Lu\u1eadn Lu\u1eadt Columbia D\u00e0nh Cho H\u1ecdc Sinh THPT (Columbia Undergraduate Law Review High School Essay Contest)\t\t\t<\/a>\n\n\t\t\t\t<\/h3>\n\t\t<div class=\"uael-post__separator-wrap\"><div class=\"uael-post__separator uael-post__gradient-separator\"><\/div><\/div>\t\t\t<\/div>\n\t\t\t\n\t\t<\/div>\n\t\t\n\t<\/div>\n\n<\/div>\n\t\t\t\t<\/div>\n\t\t\t\t\t\t\n\t\t<\/div>\n\n\t\t\t\t\t\t<\/div>\n\t\t<div class=\"uael-post__footer\">\n\t\t\t\t\t<\/div>\n\t\t\t\t\t\t<\/div>\n\t\t\t\t<\/div>\n\t\t\t\t\t<\/div>\n\t\t<\/div>\n\t\t\t\t\t<\/div>\n\t\t<\/section>\n\t\t\t\t<section class=\"elementor-section elementor-top-section elementor-element elementor-element-049250b elementor-section-stretched elementor-section-boxed elementor-section-height-default elementor-section-height-default\" data-id=\"049250b\" data-element_type=\"section\" data-e-type=\"section\" data-settings=\"{&quot;background_background&quot;:&quot;classic&quot;,&quot;stretch_section&quot;:&quot;section-stretched&quot;}\">\n\t\t\t\t\t\t<div class=\"elementor-container elementor-column-gap-default\">\n\t\t\t\t\t<div class=\"elementor-column elementor-col-100 elementor-top-column elementor-element elementor-element-875f745\" data-id=\"875f745\" data-element_type=\"column\" data-e-type=\"column\" data-settings=\"{&quot;background_background&quot;:&quot;classic&quot;}\">\n\t\t\t<div class=\"elementor-widget-wrap elementor-element-populated\">\n\t\t\t\t\t\t<div class=\"elementor-element elementor-element-2d5cc35 uael-heading-align-center elementor-widget elementor-widget-uael-advanced-heading\" data-id=\"2d5cc35\" data-element_type=\"widget\" data-e-type=\"widget\" data-widget_type=\"uael-advanced-heading.default\">\n\t\t\t\t<div class=\"elementor-widget-container\">\n\t\t\t\t\t\n\t\t<div class=\"uael-module-content uael-heading-wrapper\">\n\t\t\t\t\t\t\n\t\t\t<h2 class=\"uael-heading\">\n\t\t\t\t\t\t\t\t\t\t<span class=\"uael-heading-text elementor-inline-editing uael-size--default\" data-elementor-setting-key=\"heading_title\" data-elementor-inline-editing-toolbar=\"basic\">Tham gia kh\u00f3a luy\u1ec7n thi ngay!<\/span>\n\t\t\t\t\t\t\t<\/h2>\n\n\t\t\t\n\t\t\t\n\t\t\t\n\t\t\t\t\t\t<\/div>\n\t\t\t\t\t\t<\/div>\n\t\t\t\t<\/div>\n\t\t\t\t<div class=\"elementor-element elementor-element-cc66e6c elementor-align-center elementor-widget elementor-widget-button\" data-id=\"cc66e6c\" data-element_type=\"widget\" data-e-type=\"widget\" data-widget_type=\"button.default\">\n\t\t\t\t<div class=\"elementor-widget-container\">\n\t\t\t\t\t\t\t\t\t<div class=\"elementor-button-wrapper\">\n\t\t\t\t\t<a class=\"elementor-button elementor-button-link elementor-size-md\" href=\"https:\/\/www.aralia.com\/vi\/inquiry\/\">\n\t\t\t\t\t\t<span class=\"elementor-button-content-wrapper\">\n\t\t\t\t\t\t\t\t\t<span class=\"elementor-button-text\">\u0110\u0103ng k\u00fd t\u01b0 v\u1ea5n<\/span>\n\t\t\t\t\t<\/span>\n\t\t\t\t\t<\/a>\n\t\t\t\t<\/div>\n\t\t\t\t\t\t\t\t<\/div>\n\t\t\t\t<\/div>\n\t\t\t\t\t<\/div>\n\t\t<\/div>\n\t\t\t\t\t<\/div>\n\t\t<\/section>\n\t\t\t\t<\/div>\n\t\t","protected":false},"excerpt":{"rendered":"<p>Quay l\u1ea1i Cu\u1ed9c thi Nh\u00e2n V\u0103n (Humanities) C\u00e1c cu\u1ed9c thi Nh\u00e2n v\u0103n d\u00e0nh cho h\u1ecdc sinh trung h\u1ecdc mang \u0111\u1ebfn m\u1ed9t n\u1ec1n t\u1ea3ng n\u0103ng \u0111\u1ed9ng \u0111\u1ec3 kh\u00e1m ph\u00e1 c\u00e1c l\u0129nh v\u1ef1c \u0111a d\u1ea1ng v\u00e0 c\u00f3 s\u1ef1 li\u00ean k\u1ebft ch\u1eb7t ch\u1ebd. Tham gia c\u00e1c cu\u1ed9c thi n\u00e0y gi\u00fap h\u1ecdc sinh ph\u00e1t tri\u1ec3n t\u01b0 duy ph\u1ea3n bi\u1ec7n, [&hellip;]<\/p>\n","protected":false},"author":1,"featured_media":101462,"parent":0,"menu_order":0,"comment_status":"closed","ping_status":"closed","template":"","meta":{"content-type":"","site-sidebar-layout":"no-sidebar","site-content-layout":"page-builder","ast-site-content-layout":"full-width-container","site-content-style":"default","site-sidebar-style":"default","ast-global-header-display":"","ast-banner-title-visibility":"","ast-main-header-display":"","ast-hfb-above-header-display":"","ast-hfb-below-header-display":"","ast-hfb-mobile-header-display":"","site-post-title":"disabled","ast-breadcrumbs-content":"","ast-featured-img":"disabled","footer-sml-layout":"","ast-disable-related-posts":"","theme-transparent-header-meta":"","adv-header-id-meta":"","stick-header-meta":"","header-above-stick-meta":"","header-main-stick-meta":"","header-below-stick-meta":"","astra-migrate-meta-layouts":"default","ast-page-background-enabled":"default","ast-page-background-meta":{"desktop":{"background-color":"","background-image":"","background-repeat":"repeat","background-position":"center center","background-size":"auto","background-attachment":"scroll","background-type":"","background-media":"","overlay-type":"","overlay-color":"","overlay-opacity":"","overlay-gradient":""},"tablet":{"background-color":"","background-image":"","background-repeat":"repeat","background-position":"center center","background-size":"auto","background-attachment":"scroll","background-type":"","background-media":"","overlay-type":"","overlay-color":"","overlay-opacity":"","overlay-gradient":""},"mobile":{"background-color":"","background-image":"","background-repeat":"repeat","background-position":"center center","background-size":"auto","background-attachment":"scroll","background-type":"","background-media":"","overlay-type":"","overlay-color":"","overlay-opacity":"","overlay-gradient":""}},"ast-content-background-meta":{"desktop":{"background-color":"var(--ast-global-color-5)","background-image":"","background-repeat":"repeat","background-position":"center center","background-size":"auto","background-attachment":"scroll","background-type":"","background-media":"","overlay-type":"","overlay-color":"","overlay-opacity":"","overlay-gradient":""},"tablet":{"background-color":"var(--ast-global-color-5)","background-image":"","background-repeat":"repeat","background-position":"center center","background-size":"auto","background-attachment":"scroll","background-type":"","background-media":"","overlay-type":"","overlay-color":"","overlay-opacity":"","overlay-gradient":""},"mobile":{"background-color":"var(--ast-global-color-5)","background-image":"","background-repeat":"repeat","background-position":"center center","background-size":"auto","background-attachment":"scroll","background-type":"","background-media":"","overlay-type":"","overlay-color":"","overlay-opacity":"","overlay-gradient":""}},"footnotes":""},"class_list":["post-102485","page","type-page","status-publish","has-post-thumbnail","hentry"],"_links":{"self":[{"href":"https:\/\/www.aralia.com\/vi\/wp-json\/wp\/v2\/pages\/102485","targetHints":{"allow":["GET"]}}],"collection":[{"href":"https:\/\/www.aralia.com\/vi\/wp-json\/wp\/v2\/pages"}],"about":[{"href":"https:\/\/www.aralia.com\/vi\/wp-json\/wp\/v2\/types\/page"}],"author":[{"embeddable":true,"href":"https:\/\/www.aralia.com\/vi\/wp-json\/wp\/v2\/users\/1"}],"replies":[{"embeddable":true,"href":"https:\/\/www.aralia.com\/vi\/wp-json\/wp\/v2\/comments?post=102485"}],"version-history":[{"count":2,"href":"https:\/\/www.aralia.com\/vi\/wp-json\/wp\/v2\/pages\/102485\/revisions"}],"predecessor-version":[{"id":119690,"href":"https:\/\/www.aralia.com\/vi\/wp-json\/wp\/v2\/pages\/102485\/revisions\/119690"}],"wp:featuredmedia":[{"embeddable":true,"href":"https:\/\/www.aralia.com\/vi\/wp-json\/wp\/v2\/media\/101462"}],"wp:attachment":[{"href":"https:\/\/www.aralia.com\/vi\/wp-json\/wp\/v2\/media?parent=102485"}],"curies":[{"name":"wp","href":"https:\/\/api.w.org\/{rel}","templated":true}]}}