{"id":102510,"date":"2025-02-07T10:24:08","date_gmt":"2025-02-07T18:24:08","guid":{"rendered":"https:\/\/www.aralia.com\/lop-hung-bien\/"},"modified":"2026-02-23T11:03:18","modified_gmt":"2026-02-23T19:03:18","slug":"lop-hung-bien","status":"publish","type":"page","link":"https:\/\/www.aralia.com\/vi\/lop-hung-bien\/","title":{"rendered":"L\u1edbp H\u00f9ng Bi\u1ec7n"},"content":{"rendered":"\t\t<div data-elementor-type=\"wp-page\" data-elementor-id=\"102510\" class=\"elementor elementor-102510 elementor-101920\" data-elementor-post-type=\"page\">\n\t\t\t\t\t\t<section class=\"elementor-section elementor-top-section elementor-element elementor-element-a15afd4 elementor-section-boxed elementor-section-height-default elementor-section-height-default\" data-id=\"a15afd4\" data-element_type=\"section\" data-e-type=\"section\" data-settings=\"{&quot;background_background&quot;:&quot;classic&quot;}\">\n\t\t\t\t\t\t<div class=\"elementor-container elementor-column-gap-default\">\n\t\t\t\t\t<div class=\"elementor-column elementor-col-100 elementor-top-column elementor-element elementor-element-8cb037b\" data-id=\"8cb037b\" data-element_type=\"column\" data-e-type=\"column\">\n\t\t\t<div class=\"elementor-widget-wrap elementor-element-populated\">\n\t\t\t\t\t\t<div class=\"elementor-element elementor-element-dfd21fe elementor-widget elementor-widget-button\" data-id=\"dfd21fe\" data-element_type=\"widget\" data-e-type=\"widget\" data-widget_type=\"button.default\">\n\t\t\t\t<div class=\"elementor-widget-container\">\n\t\t\t\t\t\t\t\t\t<div class=\"elementor-button-wrapper\">\n\t\t\t\t\t<a class=\"elementor-button elementor-button-link elementor-size-sm\" href=\"https:\/\/www.aralia.com\/vi\/cai-thien-diem-so\/\">\n\t\t\t\t\t\t<span class=\"elementor-button-content-wrapper\">\n\t\t\t\t\t\t<span class=\"elementor-button-icon\">\n\t\t\t\t<svg aria-hidden=\"true\" class=\"e-font-icon-svg e-fas-chevron-left\" viewBox=\"0 0 320 512\" xmlns=\"http:\/\/www.w3.org\/2000\/svg\"><path d=\"M34.52 239.03L228.87 44.69c9.37-9.37 24.57-9.37 33.94 0l22.67 22.67c9.36 9.36 9.37 24.52.04 33.9L131.49 256l154.02 154.75c9.34 9.38 9.32 24.54-.04 33.9l-22.67 22.67c-9.37 9.37-24.57 9.37-33.94 0L34.52 272.97c-9.37-9.37-9.37-24.57 0-33.94z\"><\/path><\/svg>\t\t\t<\/span>\n\t\t\t\t\t\t\t\t\t<span class=\"elementor-button-text\">Quay l\u1ea1i<\/span>\n\t\t\t\t\t<\/span>\n\t\t\t\t\t<\/a>\n\t\t\t\t<\/div>\n\t\t\t\t\t\t\t\t<\/div>\n\t\t\t\t<\/div>\n\t\t\t\t<div class=\"elementor-element elementor-element-ae0539f elementor-widget elementor-widget-uael-advanced-heading\" data-id=\"ae0539f\" data-element_type=\"widget\" data-e-type=\"widget\" data-widget_type=\"uael-advanced-heading.default\">\n\t\t\t\t<div class=\"elementor-widget-container\">\n\t\t\t\t\t\n\t\t<div class=\"uael-module-content uael-heading-wrapper\">\n\t\t\t\t\t\t\n\t\t\t<h1 class=\"uael-heading\">\n\t\t\t\t\t\t\t\t\t\t<span class=\"uael-heading-text elementor-inline-editing uael-size--default\" data-elementor-setting-key=\"heading_title\" data-elementor-inline-editing-toolbar=\"basic\">L\u1edbp H\u00f9ng Bi\u1ec7n<\/span>\n\t\t\t\t\t\t\t<\/h1>\n\n\t\t\t\n\t\t\t\n\t\t\t\t\t\t\t<div class=\"uael-subheading elementor-inline-editing\" data-elementor-setting-key=\"heading_description\" data-elementor-inline-editing-toolbar=\"advanced\" >\n\t\t\t\t\tC\u00e1c l\u1edbp H\u00f9ng bi\u1ec7n gi\u00fap h\u1ecdc sinh t\u00ecm \u0111\u01b0\u1ee3c ti\u1ebfng n\u00f3i c\u1ee7a b\u1ea3n th\u00e2n v\u00e0 giao ti\u1ebfp m\u1ed9t c\u00e1ch t\u1ef1 tin, r\u00f5 r\u00e0ng v\u00e0 hi\u1ec7u qu\u1ea3. T\u1eeb c\u00e1c kh\u00f3a h\u1ecdc n\u1ec1n t\u1ea3ng v\u1ec1 c\u00e1ch t\u1ed5 ch\u1ee9c b\u00e0i ph\u00e1t bi\u1ec3u, k\u1ef9 thu\u1eadt tr\u00ecnh b\u00e0y v\u00e0 thu h\u00fat kh\u00e1n gi\u1ea3 \u0111\u1ebfn c\u00e1c nghi\u00ean c\u1ee9u n\u00e2ng cao v\u1ec1 ngh\u1ec7 thu\u1eadt h\u00f9ng bi\u1ec7n thuy\u1ebft ph\u1ee5c, tranh bi\u1ec7n v\u00e0 k\u1ef9 n\u0103ng thuy\u1ebft tr\u00ecnh chuy\u00ean nghi\u1ec7p, ch\u01b0\u01a1ng tr\u00ecnh h\u1ecdc c\u1ee7a ch\u00fang t\u00f4i \u0111\u01b0\u1ee3c thi\u1ebft k\u1ebf \u0111\u1ec3 x\u00e2y d\u1ef1ng s\u1ef1 t\u1ef1 tin v\u00e0 kh\u1ea3 n\u0103ng l\u00e0m ch\u1ee7 trong giao ti\u1ebfp.  \t\t\t\t<\/div>\n\t\t\t\t\n\t\t\t\t\t\t<\/div>\n\t\t\t\t\t\t<\/div>\n\t\t\t\t<\/div>\n\t\t\t\t<section class=\"elementor-section elementor-inner-section elementor-element elementor-element-a248f5a elementor-section-boxed elementor-section-height-default elementor-section-height-default\" data-id=\"a248f5a\" data-element_type=\"section\" data-e-type=\"section\">\n\t\t\t\t\t\t<div class=\"elementor-container elementor-column-gap-default\">\n\t\t\t\t\t<div class=\"elementor-column elementor-col-50 elementor-inner-column elementor-element elementor-element-a47c135\" data-id=\"a47c135\" data-element_type=\"column\" data-e-type=\"column\">\n\t\t\t<div class=\"elementor-widget-wrap elementor-element-populated\">\n\t\t\t\t\t\t<div class=\"elementor-element elementor-element-6a2fe4d elementor-widget elementor-widget-heading\" data-id=\"6a2fe4d\" data-element_type=\"widget\" data-e-type=\"widget\" data-widget_type=\"heading.default\">\n\t\t\t\t<div class=\"elementor-widget-container\">\n\t\t\t\t\t<div class=\"elementor-heading-title elementor-size-default\">C\u00e1c l\u1edbp h\u1ecdc kh\u00e1c<\/div>\t\t\t\t<\/div>\n\t\t\t\t<\/div>\n\t\t\t\t\t<\/div>\n\t\t<\/div>\n\t\t\t\t<div class=\"elementor-column elementor-col-50 elementor-inner-column elementor-element elementor-element-b3681af\" data-id=\"b3681af\" data-element_type=\"column\" data-e-type=\"column\">\n\t\t\t<div class=\"elementor-widget-wrap elementor-element-populated\">\n\t\t\t\t\t\t<div class=\"elementor-element elementor-element-24b271f uael-button-halign-left uael-mobile-button-halign-left uael-button-stack-mobile elementor-widget elementor-widget-uael-buttons\" data-id=\"24b271f\" data-element_type=\"widget\" data-e-type=\"widget\" data-widget_type=\"uael-buttons.default\">\n\t\t\t\t<div class=\"elementor-widget-container\">\n\t\t\t\t\t\t\t<div class=\"uael-dual-button-outer-wrap\">\n\t\t\t<div class=\"uael-dual-button-wrap\">\n\t\t\t\t\t\t\t\t<div class=\"uael-button-wrapper uael-dual-button elementor-widget-button elementor-repeater-item-bdb0949 uael-dual-button-0\">\n\t\t\t\t\t<a class=\"elementor-button-link elementor-button elementor-size-sm elementor-button-link\" href=\"https:\/\/www.aralia.com\/vi\/lop-kinh-doanh-kinh-te-va-tai-chinh\/\">\n\t\t\t\t\t\t\t\t<span class=\"elementor-button-content-wrapper uael-buttons-icon-\">\n\t\t\t\t\t\t\t\t\t\t\t\t<span class=\"elementor-align-icon- elementor-button-icon\">\n\t\t\t\t\t\t\t\t\t\t\t<\/span>\n\t\t\t\t\t\t\t\t\t\t<span class=\"elementor-button-text elementor-inline-editing\" data-elementor-setting-key=\"buttons.0.text\" data-elementor-inline-editing-toolbar=\"none\">Kinh doanh, Kinh t\u1ebf v\u00e0 T\u00e0i ch\u00ednh<\/span>\n\t\t<\/span>\n\t\t\t\t\t\t\t<\/a>\n\t\t\t\t<\/div>\n\t\t\t\t\t\t\t\t<div class=\"uael-button-wrapper uael-dual-button elementor-widget-button elementor-repeater-item-7603c7b uael-dual-button-1\">\n\t\t\t\t\t<a class=\"elementor-button-link elementor-button elementor-size-sm elementor-button-link\" href=\"https:\/\/www.aralia.com\/vi\/lop-lich-su\/\">\n\t\t\t\t\t\t\t\t<span class=\"elementor-button-content-wrapper uael-buttons-icon- elementor-button-content-wrapper uael-buttons-icon-\">\n\t\t\t\t\t\t\t\t\t\t\t\t<span class=\"elementor-align-icon- elementor-button-icon\">\n\t\t\t\t\t\t\t\t\t\t\t<\/span>\n\t\t\t\t\t\t\t\t\t\t<span class=\"elementor-button-text elementor-inline-editing\" data-elementor-setting-key=\"buttons.1.text\" data-elementor-inline-editing-toolbar=\"none\">L\u1ecbch s\u1eed<\/span>\n\t\t<\/span>\n\t\t\t\t\t\t\t<\/a>\n\t\t\t\t<\/div>\n\t\t\t\t\t\t\t<\/div>\n\t\t<\/div>\n\t\t\t\t\t\t<\/div>\n\t\t\t\t<\/div>\n\t\t\t\t\t<\/div>\n\t\t<\/div>\n\t\t\t\t\t<\/div>\n\t\t<\/section>\n\t\t\t\t\t<\/div>\n\t\t<\/div>\n\t\t\t\t\t<\/div>\n\t\t<\/section>\n\t\t\t\t<section class=\"elementor-section elementor-top-section elementor-element elementor-element-611f139 elementor-section-boxed elementor-section-height-default elementor-section-height-default\" data-id=\"611f139\" data-element_type=\"section\" data-e-type=\"section\" data-settings=\"{&quot;background_background&quot;:&quot;classic&quot;}\">\n\t\t\t\t\t\t<div class=\"elementor-container elementor-column-gap-default\">\n\t\t\t\t\t<div class=\"elementor-column elementor-col-100 elementor-top-column elementor-element elementor-element-78179ee\" data-id=\"78179ee\" data-element_type=\"column\" data-e-type=\"column\">\n\t\t\t<div class=\"elementor-widget-wrap elementor-element-populated\">\n\t\t\t\t\t\t<div class=\"elementor-element elementor-element-2a71f86 elementor-widget elementor-widget-spacer\" data-id=\"2a71f86\" data-element_type=\"widget\" data-e-type=\"widget\" data-widget_type=\"spacer.default\">\n\t\t\t\t<div class=\"elementor-widget-container\">\n\t\t\t\t\t\t\t<div class=\"elementor-spacer\">\n\t\t\t<div class=\"elementor-spacer-inner\"><\/div>\n\t\t<\/div>\n\t\t\t\t\t\t<\/div>\n\t\t\t\t<\/div>\n\t\t\t\t<div class=\"elementor-element elementor-element-1dfd649 uael-post__link-complete-yes uael-equal__height-yes uael-posts-thumbnail-ratio uael-post__content-align-left elementor-widget elementor-widget-uael-posts\" data-id=\"1dfd649\" data-element_type=\"widget\" data-e-type=\"widget\" data-settings=\"{&quot;business_slides_to_show&quot;:4,&quot;business_slides_to_show_tablet&quot;:2,&quot;business_slides_to_show_mobile&quot;:1,&quot;business_pagination_type&quot;:&quot;ajax&quot;}\" data-widget_type=\"uael-posts.business\">\n\t\t\t\t<div class=\"elementor-widget-container\">\n\t\t\t\t\t\t\t<div class=\"uael-post__header\">\n\t\t\t\t\t<\/div>\n\t\t<div class=\"uael-post__body\">\n\t\t\t\n\t\t\n\t\t<div class=\"uael-blog-terms-position- uael-post-image-top uael-post-grid uael-posts\" data-query-type=\"custom\" data-structure=\"normal\" data-layout=\"\" data-page=\"102510\" data-skin=\"business\" data-filter-default=\"\" data-offset-top=\"30\" >\n\n\t\t\t\t\t\t\t<div class=\"uael-post-grid__inner uael-post__columns-4 uael-post__columns-tablet-2 uael-post__columns-mobile-1\">\n\t\t\t\n\n<div class=\"uael-post-wrapper   tranh-lu\u1eadn ch\u01b0\u01a1ng-tr\u00ecnh-thpt x\u00e2y-d\u1ef1ng-n\u1ec1n-t\u1ea3ng-thpt \">\n\t<div class=\"uael-post__bg-wrap uael-bg-wrap-disabled\">\n\n\t\t\t\t\t<a href=\"https:\/\/www.aralia.com\/vi\/tranh-luan\/dien-thuyet-truoc-cong-chung\/\" target=\"_self\" class=\"uael-post__complete-box-overlay\" aria-label=\"Link Complete Box\"><\/a>\n\t\t\t\t\n\t\t<div class=\"uael-post__inner-wrap uael-inner-wrap-disabled\">\n\n\t\t\t\t<div class=\"uael-post__thumbnail\">\n\t\t\t\n\t\t\t<a href=\"https:\/\/www.aralia.com\/vi\/tranh-luan\/dien-thuyet-truoc-cong-chung\/\" target=\"_self\" title=\"Di\u1ec5n Thuy\u1ebft Tr\u01b0\u1edbc C\u00f4ng ch\u00fang (Intro to Public Speaking)\"><img fetchpriority=\"high\" decoding=\"async\" width=\"768\" height=\"498\" src=\"https:\/\/www.aralia.com\/wp-content\/uploads\/2022\/07\/AdobeStock_159249028-768x498.jpeg\" class=\"attachment-medium_large size-medium_large wp-image-91600\" alt=\"\" title=\"\" srcset=\"https:\/\/www.aralia.com\/wp-content\/uploads\/2022\/07\/AdobeStock_159249028-768x498.jpeg 768w, https:\/\/www.aralia.com\/wp-content\/uploads\/2022\/07\/AdobeStock_159249028-300x195.jpeg 300w, https:\/\/www.aralia.com\/wp-content\/uploads\/2022\/07\/AdobeStock_159249028-1024x664.jpeg 1024w, https:\/\/www.aralia.com\/wp-content\/uploads\/2022\/07\/AdobeStock_159249028-1536x996.jpeg 1536w, https:\/\/www.aralia.com\/wp-content\/uploads\/2022\/07\/AdobeStock_159249028-2048x1328.jpeg 2048w\" sizes=\"(max-width: 768px) 100vw, 768px\" \/><\/a>\n\t\t\t\t\t<\/div>\n\t\t\n\t\t\t\n\t\t\t<div class=\"uael-post__content-wrap uael-content-wrap-disabled\">\n\t\t\t\t\t\t<h3 class=\"uael-post__title\">\n\n\t\t\n\t\t\t\t\t\t<a href=\"https:\/\/www.aralia.com\/vi\/tranh-luan\/dien-thuyet-truoc-cong-chung\/\" target=\"_self\">\n\t\t\t\tDi\u1ec5n Thuy\u1ebft Tr\u01b0\u1edbc C\u00f4ng ch\u00fang (Intro to Public Speaking)\t\t\t<\/a>\n\n\t\t\t\t<\/h3>\n\t\t<div class=\"uael-post__separator-wrap\"><div class=\"uael-post__separator uael-post__gradient-separator\"><\/div><\/div>\t\t\t<\/div>\n\t\t\t\n\t\t<\/div>\n\t\t\n\t<\/div>\n\n<\/div>\n\n\n<div class=\"uael-post-wrapper   tranh-lu\u1eadn ch\u01b0\u01a1ng-tr\u00ecnh-thcs x\u00e2y-d\u1ef1ng-n\u1ec1n-t\u1ea3ng-thpt \">\n\t<div class=\"uael-post__bg-wrap uael-bg-wrap-disabled\">\n\n\t\t\t\t\t<a href=\"https:\/\/www.aralia.com\/vi\/tranh-luan\/ky-nang-giao-tiep-co-ban\/\" target=\"_self\" class=\"uael-post__complete-box-overlay\" aria-label=\"Link Complete Box\"><\/a>\n\t\t\t\t\n\t\t<div class=\"uael-post__inner-wrap uael-inner-wrap-disabled\">\n\n\t\t\t\t<div class=\"uael-post__thumbnail\">\n\t\t\t\n\t\t\t<a href=\"https:\/\/www.aralia.com\/vi\/tranh-luan\/ky-nang-giao-tiep-co-ban\/\" target=\"_self\" title=\"K\u1ef9 N\u0103ng Giao Ti\u1ebfp C\u01a1 B\u1ea3n\"><img decoding=\"async\" width=\"768\" height=\"341\" src=\"https:\/\/www.aralia.com\/wp-content\/uploads\/2025\/01\/AdobeStock_344910706-768x341.webp\" class=\"attachment-medium_large size-medium_large wp-image-98625\" alt=\"Essential Communication Skills\" title=\"\" srcset=\"https:\/\/www.aralia.com\/wp-content\/uploads\/2025\/01\/AdobeStock_344910706-768x341.webp 768w, https:\/\/www.aralia.com\/wp-content\/uploads\/2025\/01\/AdobeStock_344910706-300x133.webp 300w, https:\/\/www.aralia.com\/wp-content\/uploads\/2025\/01\/AdobeStock_344910706-1024x455.webp 1024w, https:\/\/www.aralia.com\/wp-content\/uploads\/2025\/01\/AdobeStock_344910706-1536x683.webp 1536w, https:\/\/www.aralia.com\/wp-content\/uploads\/2025\/01\/AdobeStock_344910706-2048x910.webp 2048w\" sizes=\"(max-width: 768px) 100vw, 768px\" \/><\/a>\n\t\t\t\t\t<\/div>\n\t\t\n\t\t\t\n\t\t\t<div class=\"uael-post__content-wrap uael-content-wrap-disabled\">\n\t\t\t\t\t\t<h3 class=\"uael-post__title\">\n\n\t\t\n\t\t\t\t\t\t<a href=\"https:\/\/www.aralia.com\/vi\/tranh-luan\/ky-nang-giao-tiep-co-ban\/\" target=\"_self\">\n\t\t\t\tK\u1ef9 N\u0103ng Giao Ti\u1ebfp C\u01a1 B\u1ea3n\t\t\t<\/a>\n\n\t\t\t\t<\/h3>\n\t\t<div class=\"uael-post__separator-wrap\"><div class=\"uael-post__separator uael-post__gradient-separator\"><\/div><\/div>\t\t\t<\/div>\n\t\t\t\n\t\t<\/div>\n\t\t\n\t<\/div>\n\n<\/div>\n\n\n<div class=\"uael-post-wrapper   tranh-lu\u1eadn ch\u01b0\u01a1ng-tr\u00ecnh-thpt \">\n\t<div class=\"uael-post__bg-wrap uael-bg-wrap-disabled\">\n\n\t\t\t\t\t<a href=\"https:\/\/www.aralia.com\/vi\/tranh-luan\/public-speaking-and-debate\/\" target=\"_self\" class=\"uael-post__complete-box-overlay\" aria-label=\"Link Complete Box\"><\/a>\n\t\t\t\t\n\t\t<div class=\"uael-post__inner-wrap uael-inner-wrap-disabled\">\n\n\t\t\t\t<div class=\"uael-post__thumbnail\">\n\t\t\t\n\t\t\t<a href=\"https:\/\/www.aralia.com\/vi\/tranh-luan\/public-speaking-and-debate\/\" target=\"_self\" title=\"N\u00f3i V\u00e0 Tranh Lu\u1eadn (Public Speaking and Debate)\"><img decoding=\"async\" width=\"768\" height=\"512\" src=\"https:\/\/www.aralia.com\/wp-content\/uploads\/2020\/10\/AdobeStock_128130222-768x512.webp\" class=\"attachment-medium_large size-medium_large wp-image-122059\" alt=\"Public Speaking and Debate\" title=\"\" srcset=\"https:\/\/www.aralia.com\/wp-content\/uploads\/2020\/10\/AdobeStock_128130222-768x512.webp 768w, https:\/\/www.aralia.com\/wp-content\/uploads\/2020\/10\/AdobeStock_128130222-300x200.webp 300w, https:\/\/www.aralia.com\/wp-content\/uploads\/2020\/10\/AdobeStock_128130222-1024x682.webp 1024w, https:\/\/www.aralia.com\/wp-content\/uploads\/2020\/10\/AdobeStock_128130222-1536x1023.webp 1536w, https:\/\/www.aralia.com\/wp-content\/uploads\/2020\/10\/AdobeStock_128130222.webp 1738w\" sizes=\"(max-width: 768px) 100vw, 768px\" \/><\/a>\n\t\t\t\t\t<\/div>\n\t\t\n\t\t\t\n\t\t\t<div class=\"uael-post__content-wrap uael-content-wrap-disabled\">\n\t\t\t\t\t\t<h3 class=\"uael-post__title\">\n\n\t\t\n\t\t\t\t\t\t<a href=\"https:\/\/www.aralia.com\/vi\/tranh-luan\/public-speaking-and-debate\/\" target=\"_self\">\n\t\t\t\tN\u00f3i V\u00e0 Tranh Lu\u1eadn (Public Speaking and Debate)\t\t\t<\/a>\n\n\t\t\t\t<\/h3>\n\t\t<div class=\"uael-post__separator-wrap\"><div class=\"uael-post__separator uael-post__gradient-separator\"><\/div><\/div>\t\t\t<\/div>\n\t\t\t\n\t\t<\/div>\n\t\t\n\t<\/div>\n\n<\/div>\n\n\n<div class=\"uael-post-wrapper   tranh-lu\u1eadn ch\u01b0\u01a1ng-tr\u00ecnh-thcs ch\u01b0\u01a1ng-tr\u00ecnh-thpt \">\n\t<div class=\"uael-post__bg-wrap uael-bg-wrap-disabled\">\n\n\t\t\t\t\t<a href=\"https:\/\/www.aralia.com\/vi\/tranh-luan\/phat-am-chuan-anh-my\/\" target=\"_self\" class=\"uael-post__complete-box-overlay\" aria-label=\"Link Complete Box\"><\/a>\n\t\t\t\t\n\t\t<div class=\"uael-post__inner-wrap uael-inner-wrap-disabled\">\n\n\t\t\t\t<div class=\"uael-post__thumbnail\">\n\t\t\t\n\t\t\t<a href=\"https:\/\/www.aralia.com\/vi\/tranh-luan\/phat-am-chuan-anh-my\/\" target=\"_self\" title=\"Ph\u00e1t \u00c2m Chu\u1ea9n Anh M\u1ef9 (Accent Reduction)\"><img loading=\"lazy\" decoding=\"async\" width=\"768\" height=\"512\" src=\"https:\/\/www.aralia.com\/wp-content\/uploads\/2020\/10\/AdobeStock_295634686-768x512.jpeg\" class=\"attachment-medium_large size-medium_large wp-image-91839\" alt=\"\" title=\"\" srcset=\"https:\/\/www.aralia.com\/wp-content\/uploads\/2020\/10\/AdobeStock_295634686-768x512.jpeg 768w, https:\/\/www.aralia.com\/wp-content\/uploads\/2020\/10\/AdobeStock_295634686-300x200.jpeg 300w, https:\/\/www.aralia.com\/wp-content\/uploads\/2020\/10\/AdobeStock_295634686-1024x683.jpeg 1024w, https:\/\/www.aralia.com\/wp-content\/uploads\/2020\/10\/AdobeStock_295634686-1536x1024.jpeg 1536w, https:\/\/www.aralia.com\/wp-content\/uploads\/2020\/10\/AdobeStock_295634686-2048x1366.jpeg 2048w\" sizes=\"(max-width: 768px) 100vw, 768px\" \/><\/a>\n\t\t\t\t\t<\/div>\n\t\t\n\t\t\t\n\t\t\t<div class=\"uael-post__content-wrap uael-content-wrap-disabled\">\n\t\t\t\t\t\t<h3 class=\"uael-post__title\">\n\n\t\t\n\t\t\t\t\t\t<a href=\"https:\/\/www.aralia.com\/vi\/tranh-luan\/phat-am-chuan-anh-my\/\" target=\"_self\">\n\t\t\t\tPh\u00e1t \u00c2m Chu\u1ea9n Anh M\u1ef9 (Accent Reduction)\t\t\t<\/a>\n\n\t\t\t\t<\/h3>\n\t\t<div class=\"uael-post__separator-wrap\"><div class=\"uael-post__separator uael-post__gradient-separator\"><\/div><\/div>\t\t\t<\/div>\n\t\t\t\n\t\t<\/div>\n\t\t\n\t<\/div>\n\n<\/div>\n\n\n<div class=\"uael-post-wrapper   tranh-lu\u1eadn ch\u01b0\u01a1ng-tr\u00ecnh-thpt \">\n\t<div class=\"uael-post__bg-wrap uael-bg-wrap-disabled\">\n\n\t\t\t\t\t<a href=\"https:\/\/www.aralia.com\/vi\/tranh-luan\/public-speaking-dien-thuyet-theo-phong-cach-ted\/\" target=\"_self\" class=\"uael-post__complete-box-overlay\" aria-label=\"Link Complete Box\"><\/a>\n\t\t\t\t\n\t\t<div class=\"uael-post__inner-wrap uael-inner-wrap-disabled\">\n\n\t\t\t\t<div class=\"uael-post__thumbnail\">\n\t\t\t\n\t\t\t<a href=\"https:\/\/www.aralia.com\/vi\/tranh-luan\/public-speaking-dien-thuyet-theo-phong-cach-ted\/\" target=\"_self\" title=\"Public Speaking &#8211; Di\u1ec5n Thuy\u1ebft Theo Phong C\u00e1ch TED\"><img loading=\"lazy\" decoding=\"async\" width=\"768\" height=\"341\" src=\"https:\/\/www.aralia.com\/wp-content\/uploads\/2020\/10\/AdobeStock_344910706-768x341.webp\" class=\"attachment-medium_large size-medium_large wp-image-122071\" alt=\"TED-Style Public Speaking\" title=\"\" srcset=\"https:\/\/www.aralia.com\/wp-content\/uploads\/2020\/10\/AdobeStock_344910706-768x341.webp 768w, https:\/\/www.aralia.com\/wp-content\/uploads\/2020\/10\/AdobeStock_344910706-300x133.webp 300w, https:\/\/www.aralia.com\/wp-content\/uploads\/2020\/10\/AdobeStock_344910706-1024x455.webp 1024w, https:\/\/www.aralia.com\/wp-content\/uploads\/2020\/10\/AdobeStock_344910706-1536x683.webp 1536w, https:\/\/www.aralia.com\/wp-content\/uploads\/2020\/10\/AdobeStock_344910706.webp 1800w\" sizes=\"(max-width: 768px) 100vw, 768px\" \/><\/a>\n\t\t\t\t\t<\/div>\n\t\t\n\t\t\t\n\t\t\t<div class=\"uael-post__content-wrap uael-content-wrap-disabled\">\n\t\t\t\t\t\t<h3 class=\"uael-post__title\">\n\n\t\t\n\t\t\t\t\t\t<a href=\"https:\/\/www.aralia.com\/vi\/tranh-luan\/public-speaking-dien-thuyet-theo-phong-cach-ted\/\" target=\"_self\">\n\t\t\t\tPublic Speaking &#8211; Di\u1ec5n Thuy\u1ebft Theo Phong C\u00e1ch TED\t\t\t<\/a>\n\n\t\t\t\t<\/h3>\n\t\t<div class=\"uael-post__separator-wrap\"><div class=\"uael-post__separator uael-post__gradient-separator\"><\/div><\/div>\t\t\t<\/div>\n\t\t\t\n\t\t<\/div>\n\t\t\n\t<\/div>\n\n<\/div>\n\t\t\t\t<\/div>\n\t\t\t\t\t\t\n\t\t<\/div>\n\n\t\t\t\t\t\t<\/div>\n\t\t<div class=\"uael-post__footer\">\n\t\t\t\t\t<\/div>\n\t\t\t\t\t\t<\/div>\n\t\t\t\t<\/div>\n\t\t\t\t\t<\/div>\n\t\t<\/div>\n\t\t\t\t\t<\/div>\n\t\t<\/section>\n\t\t\t\t<section class=\"elementor-section elementor-top-section elementor-element elementor-element-0966c77 elementor-section-stretched elementor-section-boxed elementor-section-height-default elementor-section-height-default\" data-id=\"0966c77\" data-element_type=\"section\" data-e-type=\"section\" data-settings=\"{&quot;background_background&quot;:&quot;classic&quot;,&quot;stretch_section&quot;:&quot;section-stretched&quot;}\">\n\t\t\t\t\t\t<div class=\"elementor-container elementor-column-gap-default\">\n\t\t\t\t\t<div class=\"elementor-column elementor-col-100 elementor-top-column elementor-element elementor-element-28affd1\" data-id=\"28affd1\" data-element_type=\"column\" data-e-type=\"column\" data-settings=\"{&quot;background_background&quot;:&quot;classic&quot;}\">\n\t\t\t<div class=\"elementor-widget-wrap elementor-element-populated\">\n\t\t\t\t\t\t<div class=\"elementor-element elementor-element-c72c27c uael-heading-align-center elementor-widget elementor-widget-uael-advanced-heading\" data-id=\"c72c27c\" data-element_type=\"widget\" data-e-type=\"widget\" data-widget_type=\"uael-advanced-heading.default\">\n\t\t\t\t<div class=\"elementor-widget-container\">\n\t\t\t\t\t\n\t\t<div class=\"uael-module-content uael-heading-wrapper\">\n\t\t\t\t\t\t\n\t\t\t<h2 class=\"uael-heading\">\n\t\t\t\t\t\t\t\t\t\t<span class=\"uael-heading-text elementor-inline-editing uael-size--default\" data-elementor-setting-key=\"heading_title\" data-elementor-inline-editing-toolbar=\"basic\">B\u1ee9t ph\u00e1 c\u00f9ng Aralia<\/span>\n\t\t\t\t\t\t\t<\/h2>\n\n\t\t\t\n\t\t\t\n\t\t\t\n\t\t\t\t\t\t<\/div>\n\t\t\t\t\t\t<\/div>\n\t\t\t\t<\/div>\n\t\t\t\t<div class=\"elementor-element elementor-element-9a6832e elementor-align-center elementor-widget elementor-widget-button\" data-id=\"9a6832e\" data-element_type=\"widget\" data-e-type=\"widget\" data-widget_type=\"button.default\">\n\t\t\t\t<div class=\"elementor-widget-container\">\n\t\t\t\t\t\t\t\t\t<div class=\"elementor-button-wrapper\">\n\t\t\t\t\t<a class=\"elementor-button elementor-button-link elementor-size-md\" href=\"https:\/\/www.aralia.com\/vi\/inquiry\/\">\n\t\t\t\t\t\t<span class=\"elementor-button-content-wrapper\">\n\t\t\t\t\t\t\t\t\t<span class=\"elementor-button-text\">\u0110\u0103ng k\u00fd t\u01b0 v\u1ea5n<\/span>\n\t\t\t\t\t<\/span>\n\t\t\t\t\t<\/a>\n\t\t\t\t<\/div>\n\t\t\t\t\t\t\t\t<\/div>\n\t\t\t\t<\/div>\n\t\t\t\t\t<\/div>\n\t\t<\/div>\n\t\t\t\t\t<\/div>\n\t\t<\/section>\n\t\t\t\t<\/div>\n\t\t","protected":false},"excerpt":{"rendered":"<p>Quay l\u1ea1i L\u1edbp H\u00f9ng Bi\u1ec7n C\u00e1c l\u1edbp H\u00f9ng bi\u1ec7n gi\u00fap h\u1ecdc sinh t\u00ecm \u0111\u01b0\u1ee3c ti\u1ebfng n\u00f3i c\u1ee7a b\u1ea3n th\u00e2n v\u00e0 giao ti\u1ebfp m\u1ed9t c\u00e1ch t\u1ef1 tin, r\u00f5 r\u00e0ng v\u00e0 hi\u1ec7u qu\u1ea3. T\u1eeb c\u00e1c kh\u00f3a h\u1ecdc n\u1ec1n t\u1ea3ng v\u1ec1 c\u00e1ch t\u1ed5 ch\u1ee9c b\u00e0i ph\u00e1t bi\u1ec3u, k\u1ef9 thu\u1eadt tr\u00ecnh b\u00e0y v\u00e0 thu h\u00fat kh\u00e1n gi\u1ea3 \u0111\u1ebfn c\u00e1c [&hellip;]<\/p>\n","protected":false},"author":1,"featured_media":0,"parent":0,"menu_order":0,"comment_status":"closed","ping_status":"closed","template":"","meta":{"content-type":"","site-sidebar-layout":"no-sidebar","site-content-layout":"page-builder","ast-site-content-layout":"full-width-container","site-content-style":"default","site-sidebar-style":"default","ast-global-header-display":"","ast-banner-title-visibility":"","ast-main-header-display":"","ast-hfb-above-header-display":"","ast-hfb-below-header-display":"","ast-hfb-mobile-header-display":"","site-post-title":"disabled","ast-breadcrumbs-content":"","ast-featured-img":"disabled","footer-sml-layout":"","ast-disable-related-posts":"","theme-transparent-header-meta":"","adv-header-id-meta":"","stick-header-meta":"","header-above-stick-meta":"","header-main-stick-meta":"","header-below-stick-meta":"","astra-migrate-meta-layouts":"default","ast-page-background-enabled":"default","ast-page-background-meta":{"desktop":{"background-color":"","background-image":"","background-repeat":"repeat","background-position":"center center","background-size":"auto","background-attachment":"scroll","background-type":"","background-media":"","overlay-type":"","overlay-color":"","overlay-opacity":"","overlay-gradient":""},"tablet":{"background-color":"","background-image":"","background-repeat":"repeat","background-position":"center center","background-size":"auto","background-attachment":"scroll","background-type":"","background-media":"","overlay-type":"","overlay-color":"","overlay-opacity":"","overlay-gradient":""},"mobile":{"background-color":"","background-image":"","background-repeat":"repeat","background-position":"center center","background-size":"auto","background-attachment":"scroll","background-type":"","background-media":"","overlay-type":"","overlay-color":"","overlay-opacity":"","overlay-gradient":""}},"ast-content-background-meta":{"desktop":{"background-color":"var(--ast-global-color-5)","background-image":"","background-repeat":"repeat","background-position":"center center","background-size":"auto","background-attachment":"scroll","background-type":"","background-media":"","overlay-type":"","overlay-color":"","overlay-opacity":"","overlay-gradient":""},"tablet":{"background-color":"var(--ast-global-color-5)","background-image":"","background-repeat":"repeat","background-position":"center center","background-size":"auto","background-attachment":"scroll","background-type":"","background-media":"","overlay-type":"","overlay-color":"","overlay-opacity":"","overlay-gradient":""},"mobile":{"background-color":"var(--ast-global-color-5)","background-image":"","background-repeat":"repeat","background-position":"center center","background-size":"auto","background-attachment":"scroll","background-type":"","background-media":"","overlay-type":"","overlay-color":"","overlay-opacity":"","overlay-gradient":""}},"footnotes":""},"class_list":["post-102510","page","type-page","status-publish","hentry"],"_links":{"self":[{"href":"https:\/\/www.aralia.com\/vi\/wp-json\/wp\/v2\/pages\/102510","targetHints":{"allow":["GET"]}}],"collection":[{"href":"https:\/\/www.aralia.com\/vi\/wp-json\/wp\/v2\/pages"}],"about":[{"href":"https:\/\/www.aralia.com\/vi\/wp-json\/wp\/v2\/types\/page"}],"author":[{"embeddable":true,"href":"https:\/\/www.aralia.com\/vi\/wp-json\/wp\/v2\/users\/1"}],"replies":[{"embeddable":true,"href":"https:\/\/www.aralia.com\/vi\/wp-json\/wp\/v2\/comments?post=102510"}],"version-history":[{"count":4,"href":"https:\/\/www.aralia.com\/vi\/wp-json\/wp\/v2\/pages\/102510\/revisions"}],"predecessor-version":[{"id":137001,"href":"https:\/\/www.aralia.com\/vi\/wp-json\/wp\/v2\/pages\/102510\/revisions\/137001"}],"wp:attachment":[{"href":"https:\/\/www.aralia.com\/vi\/wp-json\/wp\/v2\/media?parent=102510"}],"curies":[{"name":"wp","href":"https:\/\/api.w.org\/{rel}","templated":true}]}}