{"id":102518,"date":"2025-02-05T11:05:05","date_gmt":"2025-02-05T19:05:05","guid":{"rendered":"https:\/\/www.aralia.com\/cuoc-thi-ngon-ngu-the-gioi\/"},"modified":"2025-07-31T13:51:07","modified_gmt":"2025-07-31T20:51:07","slug":"cuoc-thi-ngon-ngu-the-gioi","status":"publish","type":"page","link":"https:\/\/www.aralia.com\/vi\/cuoc-thi-ngon-ngu-the-gioi\/","title":{"rendered":"Cu\u1ed9c Thi Ng\u00f4n Ng\u1eef Th\u1ebf Gi\u1edbi"},"content":{"rendered":"\t\t<div data-elementor-type=\"wp-page\" data-elementor-id=\"102518\" class=\"elementor elementor-102518 elementor-101327\" data-elementor-post-type=\"page\">\n\t\t\t\t\t\t<section class=\"elementor-section elementor-top-section elementor-element elementor-element-b7b0341 elementor-section-boxed elementor-section-height-default elementor-section-height-default\" data-id=\"b7b0341\" data-element_type=\"section\" data-e-type=\"section\" data-settings=\"{&quot;background_background&quot;:&quot;classic&quot;}\">\n\t\t\t\t\t\t\t<div class=\"elementor-background-overlay\"><\/div>\n\t\t\t\t\t\t\t<div class=\"elementor-container elementor-column-gap-default\">\n\t\t\t\t\t<div class=\"elementor-column elementor-col-100 elementor-top-column elementor-element elementor-element-59d6c25\" data-id=\"59d6c25\" data-element_type=\"column\" data-e-type=\"column\">\n\t\t\t<div class=\"elementor-widget-wrap elementor-element-populated\">\n\t\t\t\t\t\t<div class=\"elementor-element elementor-element-b9ee0ca elementor-widget elementor-widget-button\" data-id=\"b9ee0ca\" data-element_type=\"widget\" data-e-type=\"widget\" data-widget_type=\"button.default\">\n\t\t\t\t<div class=\"elementor-widget-container\">\n\t\t\t\t\t\t\t\t\t<div class=\"elementor-button-wrapper\">\n\t\t\t\t\t<a class=\"elementor-button elementor-button-link elementor-size-sm\" href=\"https:\/\/www.aralia.com\/vi\/cuoc-thi-quoc-te\/\">\n\t\t\t\t\t\t<span class=\"elementor-button-content-wrapper\">\n\t\t\t\t\t\t<span class=\"elementor-button-icon\">\n\t\t\t\t<svg aria-hidden=\"true\" class=\"e-font-icon-svg e-fas-chevron-left\" viewBox=\"0 0 320 512\" xmlns=\"http:\/\/www.w3.org\/2000\/svg\"><path d=\"M34.52 239.03L228.87 44.69c9.37-9.37 24.57-9.37 33.94 0l22.67 22.67c9.36 9.36 9.37 24.52.04 33.9L131.49 256l154.02 154.75c9.34 9.38 9.32 24.54-.04 33.9l-22.67 22.67c-9.37 9.37-24.57 9.37-33.94 0L34.52 272.97c-9.37-9.37-9.37-24.57 0-33.94z\"><\/path><\/svg>\t\t\t<\/span>\n\t\t\t\t\t\t\t\t\t<span class=\"elementor-button-text\">Quay l\u1ea1i<\/span>\n\t\t\t\t\t<\/span>\n\t\t\t\t\t<\/a>\n\t\t\t\t<\/div>\n\t\t\t\t\t\t\t\t<\/div>\n\t\t\t\t<\/div>\n\t\t\t\t<div class=\"elementor-element elementor-element-8a19e8d elementor-widget elementor-widget-uael-advanced-heading\" data-id=\"8a19e8d\" data-element_type=\"widget\" data-e-type=\"widget\" data-widget_type=\"uael-advanced-heading.default\">\n\t\t\t\t<div class=\"elementor-widget-container\">\n\t\t\t\t\t\n\t\t<div class=\"uael-module-content uael-heading-wrapper\">\n\t\t\t\t\t\t\n\t\t\t<h1 class=\"uael-heading\">\n\t\t\t\t\t\t\t\t\t\t<span class=\"uael-heading-text elementor-inline-editing uael-size--default\" data-elementor-setting-key=\"heading_title\" data-elementor-inline-editing-toolbar=\"basic\">Cu\u1ed9c Thi Ng\u00f4n Ng\u1eef Th\u1ebf Gi\u1edbi<\/span>\n\t\t\t\t\t\t\t<\/h1>\n\n\t\t\t\n\t\t\t\n\t\t\t\t\t\t\t<div class=\"uael-subheading elementor-inline-editing\" data-elementor-setting-key=\"heading_description\" data-elementor-inline-editing-toolbar=\"advanced\" >\n\t\t\t\t\tC\u00e1c cu\u1ed9c thi Ng\u00f4n ng\u1eef Th\u1ebf gi\u1edbi d\u00e0nh cho h\u1ecdc sinh trung h\u1ecdc mang \u0111\u1ebfn c\u01a1 h\u1ed9i th\u00fa v\u1ecb \u0111\u1ec3 t\u00f4n vinh s\u1ef1 \u0111a d\u1ea1ng ng\u00f4n ng\u1eef, hi\u1ec3u bi\u1ebft v\u0103n h\u00f3a v\u00e0 giao ti\u1ebfp to\u00e0n c\u1ea7u. Th\u00f4ng qua vi\u1ec7c tham gia, h\u1ecdc sinh c\u00f3 th\u1ec3 n\u00e2ng cao tr\u00ecnh \u0111\u1ed9 ngo\u1ea1i ng\u1eef, kh\u00e1m ph\u00e1 s\u1ef1 phong ph\u00fa c\u1ee7a c\u00e1c n\u1ec1n v\u0103n h\u00f3a kh\u00e1c nhau v\u00e0 ph\u00e1t tri\u1ec3n s\u1ef1 tr\u00e2n tr\u1ecdng s\u00e2u s\u1eafc h\u01a1n \u0111\u1ed1i v\u1edbi c\u00e1c quan \u0111i\u1ec3m to\u00e0n c\u1ea7u.  \t\t\t\t<\/div>\n\t\t\t\t\n\t\t\t\t\t\t<\/div>\n\t\t\t\t\t\t<\/div>\n\t\t\t\t<\/div>\n\t\t\t\t<div class=\"elementor-element elementor-element-c41f73e elementor-widget elementor-widget-text-editor\" data-id=\"c41f73e\" data-element_type=\"widget\" data-e-type=\"widget\" data-widget_type=\"text-editor.default\">\n\t\t\t\t<div class=\"elementor-widget-container\">\n\t\t\t\t\t\t\t\t\t<p>C\u00e1ch tra c\u1ee9u th\u00f4ng tin v\u1ec1 cu\u1ed9c thi <\/p>\t\t\t\t\t\t\t\t<\/div>\n\t\t\t\t<\/div>\n\t\t\t\t<section class=\"elementor-section elementor-inner-section elementor-element elementor-element-a4380a3 elementor-section-boxed elementor-section-height-default elementor-section-height-default\" data-id=\"a4380a3\" data-element_type=\"section\" data-e-type=\"section\">\n\t\t\t\t\t\t<div class=\"elementor-container elementor-column-gap-default\">\n\t\t\t\t\t<div class=\"elementor-column elementor-col-33 elementor-inner-column elementor-element elementor-element-430f192\" data-id=\"430f192\" data-element_type=\"column\" data-e-type=\"column\">\n\t\t\t<div class=\"elementor-widget-wrap elementor-element-populated\">\n\t\t\t\t\t\t<div class=\"elementor-element elementor-element-e703700 elementor-widget elementor-widget-text-editor\" data-id=\"e703700\" data-element_type=\"widget\" data-e-type=\"widget\" data-widget_type=\"text-editor.default\">\n\t\t\t\t<div class=\"elementor-widget-container\">\n\t\t\t\t\t\t\t\t\t<p><strong>C\u1ea5p \u0110\u1ed9 Cu\u1ed9c Thi: <\/strong><\/p><p>\u2022 Qu\u1ed1c gia: H\u1ecdc sinh t\u1ea1i Hoa K\u1ef3<br>\u2022 Khu v\u1ef1c: H\u1ecdc sinh t\u1eeb c\u00e1c bang, t\u1ec9nh ho\u1eb7c v\u00f9ng l\u00e3nh th\u1ed5 c\u1ee5 th\u1ec3 <br>\u2022 Qu\u1ed1c t\u1ebf: M\u1edf cho h\u1ecdc sinh tr\u00ean to\u00e0n th\u1ebf gi\u1edbi<\/p>\t\t\t\t\t\t\t\t<\/div>\n\t\t\t\t<\/div>\n\t\t\t\t\t<\/div>\n\t\t<\/div>\n\t\t\t\t<div class=\"elementor-column elementor-col-33 elementor-inner-column elementor-element elementor-element-548b73e\" data-id=\"548b73e\" data-element_type=\"column\" data-e-type=\"column\">\n\t\t\t<div class=\"elementor-widget-wrap elementor-element-populated\">\n\t\t\t\t\t\t<div class=\"elementor-element elementor-element-ae05603 elementor-widget elementor-widget-text-editor\" data-id=\"ae05603\" data-element_type=\"widget\" data-e-type=\"widget\" data-widget_type=\"text-editor.default\">\n\t\t\t\t<div class=\"elementor-widget-container\">\n\t\t\t\t\t\t\t\t\t<p><strong>\u0110i\u1ec1u Ki\u1ec7n Tham Gia: <\/strong><\/p><p>\u2022 Trung h\u1ecdc c\u01a1 s\u1edf: H\u1ecdc sinh t\u1eeb l\u1edbp 6 \u0111\u1ebfn l\u1edbp 8 <br>\u2022 Trung h\u1ecdc ph\u1ed5 th\u00f4ng: H\u1ecdc sinh t\u1eeb l\u1edbp 9 \u0111\u1ebfn l\u1edbp 12 <br>\u2022 Trung h\u1ecdc c\u01a1 s\u1edf v\u00e0 trung h\u1ecdc ph\u1ed5 th\u00f4ng: H\u1ecdc sinh thu\u1ed9c c\u1ea3 hai c\u1ea5p l\u1edbp<\/p>\t\t\t\t\t\t\t\t<\/div>\n\t\t\t\t<\/div>\n\t\t\t\t\t<\/div>\n\t\t<\/div>\n\t\t\t\t<div class=\"elementor-column elementor-col-33 elementor-inner-column elementor-element elementor-element-0c19dde\" data-id=\"0c19dde\" data-element_type=\"column\" data-e-type=\"column\">\n\t\t\t<div class=\"elementor-widget-wrap elementor-element-populated\">\n\t\t\t\t\t\t<div class=\"elementor-element elementor-element-d1b2e8e elementor-widget elementor-widget-text-editor\" data-id=\"d1b2e8e\" data-element_type=\"widget\" data-e-type=\"widget\" data-widget_type=\"text-editor.default\">\n\t\t\t\t<div class=\"elementor-widget-container\">\n\t\t\t\t\t\t\t\t\t<p><strong>H\u1ea1n Ch\u00f3t: <\/strong><\/p><p>Ch\u00fang t\u00f4i li\u1ec7t k\u00ea th\u1eddi h\u1ea1n n\u1ed9p b\u00e0i c\u1ee7a c\u00e1c cu\u1ed9c thi theo th\u00e1ng \u0111\u1ec3 gi\u00fap b\u1ea1n l\u00ean k\u1ebf ho\u1ea1ch. Tuy nhi\u00ean, m\u1ed7i cu\u1ed9c thi c\u00f3 m\u1ed9t th\u1eddi h\u1ea1n c\u1ee5 th\u1ec3, v\u00ec v\u1eady h\u00e3y nh\u1edb ki\u1ec3m tra l\u1ecbch \u0111\u1ec3 bi\u1ebft th\u1eddi gian ch\u00ednh x\u00e1c.  <\/p>\t\t\t\t\t\t\t\t<\/div>\n\t\t\t\t<\/div>\n\t\t\t\t\t<\/div>\n\t\t<\/div>\n\t\t\t\t\t<\/div>\n\t\t<\/section>\n\t\t\t\t\t<\/div>\n\t\t<\/div>\n\t\t\t\t\t<\/div>\n\t\t<\/section>\n\t\t\t\t<section class=\"elementor-section elementor-top-section elementor-element elementor-element-9a5ffca elementor-section-boxed elementor-section-height-default elementor-section-height-default\" data-id=\"9a5ffca\" data-element_type=\"section\" data-e-type=\"section\">\n\t\t\t\t\t\t<div class=\"elementor-container elementor-column-gap-default\">\n\t\t\t\t\t<div class=\"elementor-column elementor-col-100 elementor-top-column elementor-element elementor-element-faa8ebc\" data-id=\"faa8ebc\" data-element_type=\"column\" data-e-type=\"column\">\n\t\t\t<div class=\"elementor-widget-wrap elementor-element-populated\">\n\t\t\t\t\t\t<div class=\"elementor-element elementor-element-35381ca elementor-widget elementor-widget-spacer\" data-id=\"35381ca\" data-element_type=\"widget\" data-e-type=\"widget\" data-widget_type=\"spacer.default\">\n\t\t\t\t<div class=\"elementor-widget-container\">\n\t\t\t\t\t\t\t<div class=\"elementor-spacer\">\n\t\t\t<div class=\"elementor-spacer-inner\"><\/div>\n\t\t<\/div>\n\t\t\t\t\t\t<\/div>\n\t\t\t\t<\/div>\n\t\t\t\t<div class=\"elementor-element elementor-element-cc21b60 uael-post__link-complete-yes uael-equal__height-yes uael-posts-thumbnail-ratio uael-post__content-align-left elementor-widget elementor-widget-uael-posts\" data-id=\"cc21b60\" data-element_type=\"widget\" data-e-type=\"widget\" data-settings=\"{&quot;business_slides_to_show&quot;:4,&quot;business_show_filters&quot;:&quot;yes&quot;,&quot;business_slides_to_show_tablet&quot;:2,&quot;business_slides_to_show_mobile&quot;:1}\" data-widget_type=\"uael-posts.business\">\n\t\t\t\t<div class=\"elementor-widget-container\">\n\t\t\t\t\t\t\t<div class=\"uael-post__header\">\n\t\t\t\t\t<div class=\"uael-post__header-filters-wrap uael-posts-tabs-dropdown\">\n\t\t\t<ul class=\"uael-post__header-filters\" aria-label=\"Taxonomy Filter\">\n\t\t\t\t<li class=\"uael-post__header-filter uael-filter__current\" data-filter=\"*\">H\u1ea1n ch\u00f3t:<br><\/li>\n\t\t\t\t\t\t\t\t<li class=\"uael-post__header-filter\" data-filter=\".nhieu-thoi-han\" tabindex=\"0\">Nhi\u1ec1u Th\u1eddi H\u1ea1n<\/li>\n\t\t\t\t\t\t\t\t<li class=\"uael-post__header-filter\" data-filter=\".thang-1\" tabindex=\"0\">Th\u00e1ng 1<\/li>\n\t\t\t\t\t\t\t\t<li class=\"uael-post__header-filter\" data-filter=\".thang-10\" tabindex=\"0\">Th\u00e1ng 10<\/li>\n\t\t\t\t\t\t\t\t<li class=\"uael-post__header-filter\" data-filter=\".thang-11\" tabindex=\"0\">Th\u00e1ng 11<\/li>\n\t\t\t\t\t\t\t\t<li class=\"uael-post__header-filter\" data-filter=\".thang-12\" tabindex=\"0\">Th\u00e1ng 12<\/li>\n\t\t\t\t\t\t\t\t<li class=\"uael-post__header-filter\" data-filter=\".thang-2\" tabindex=\"0\">Th\u00e1ng 2<\/li>\n\t\t\t\t\t\t\t\t<li class=\"uael-post__header-filter\" data-filter=\".thang-3\" tabindex=\"0\">Th\u00e1ng 3<\/li>\n\t\t\t\t\t\t\t\t<li class=\"uael-post__header-filter\" data-filter=\".thang-4\" tabindex=\"0\">Th\u00e1ng 4<\/li>\n\t\t\t\t\t\t\t\t<li class=\"uael-post__header-filter\" data-filter=\".thang-5\" tabindex=\"0\">Th\u00e1ng 5<\/li>\n\t\t\t\t\t\t\t\t<li class=\"uael-post__header-filter\" data-filter=\".thang-6\" tabindex=\"0\">Th\u00e1ng 6<\/li>\n\t\t\t\t\t\t\t\t<li class=\"uael-post__header-filter\" data-filter=\".thang-7\" tabindex=\"0\">Th\u00e1ng 7<\/li>\n\t\t\t\t\t\t\t\t<li class=\"uael-post__header-filter\" data-filter=\".thang-8\" tabindex=\"0\">Th\u00e1ng 8<\/li>\n\t\t\t\t\t\t\t\t<li class=\"uael-post__header-filter\" data-filter=\".thang-9\" tabindex=\"0\">Th\u00e1ng 9<\/li>\n\t\t\t\t\t\t\t<\/ul>\n\n\t\t\t\t\t\t\t<div class=\"uael-filters-dropdown\">\n\t\t\t\t\t<div class=\"uael-filters-dropdown-button\">H\u1ea1n ch\u00f3t:<br><i class=\"fa fa-angle-down\"><\/i><\/div>\n\n\t\t\t\t\t<ul class=\"uael-filters-dropdown-list uael-post__header-filters\">\n\t\t\t\t\t\t<li class=\"uael-filters-dropdown-item uael-post__header-filter uael-filter__current\" data-filter=\"*\">H\u1ea1n ch\u00f3t:<br><\/li>\n\t\t\t\t\t\t\t\t\t\t\t\t<li class=\"uael-filters-dropdown-item uael-post__header-filter\" data-filter=\".nhieu-thoi-han\">Nhi\u1ec1u Th\u1eddi H\u1ea1n<\/li>\n\t\t\t\t\t\t\t\t\t\t\t\t<li class=\"uael-filters-dropdown-item uael-post__header-filter\" data-filter=\".thang-1\">Th\u00e1ng 1<\/li>\n\t\t\t\t\t\t\t\t\t\t\t\t<li class=\"uael-filters-dropdown-item uael-post__header-filter\" data-filter=\".thang-10\">Th\u00e1ng 10<\/li>\n\t\t\t\t\t\t\t\t\t\t\t\t<li class=\"uael-filters-dropdown-item uael-post__header-filter\" data-filter=\".thang-11\">Th\u00e1ng 11<\/li>\n\t\t\t\t\t\t\t\t\t\t\t\t<li class=\"uael-filters-dropdown-item uael-post__header-filter\" data-filter=\".thang-12\">Th\u00e1ng 12<\/li>\n\t\t\t\t\t\t\t\t\t\t\t\t<li class=\"uael-filters-dropdown-item uael-post__header-filter\" data-filter=\".thang-2\">Th\u00e1ng 2<\/li>\n\t\t\t\t\t\t\t\t\t\t\t\t<li class=\"uael-filters-dropdown-item uael-post__header-filter\" data-filter=\".thang-3\">Th\u00e1ng 3<\/li>\n\t\t\t\t\t\t\t\t\t\t\t\t<li class=\"uael-filters-dropdown-item uael-post__header-filter\" data-filter=\".thang-4\">Th\u00e1ng 4<\/li>\n\t\t\t\t\t\t\t\t\t\t\t\t<li class=\"uael-filters-dropdown-item uael-post__header-filter\" data-filter=\".thang-5\">Th\u00e1ng 5<\/li>\n\t\t\t\t\t\t\t\t\t\t\t\t<li class=\"uael-filters-dropdown-item uael-post__header-filter\" data-filter=\".thang-6\">Th\u00e1ng 6<\/li>\n\t\t\t\t\t\t\t\t\t\t\t\t<li class=\"uael-filters-dropdown-item uael-post__header-filter\" data-filter=\".thang-7\">Th\u00e1ng 7<\/li>\n\t\t\t\t\t\t\t\t\t\t\t\t<li class=\"uael-filters-dropdown-item uael-post__header-filter\" data-filter=\".thang-8\">Th\u00e1ng 8<\/li>\n\t\t\t\t\t\t\t\t\t\t\t\t<li class=\"uael-filters-dropdown-item uael-post__header-filter\" data-filter=\".thang-9\">Th\u00e1ng 9<\/li>\n\t\t\t\t\t\t\t\t\t\t\t<\/ul>\n\t\t\t\t<\/div>\n\t\t\t\t\t<\/div>\n\t\t\t\t<\/div>\n\t\t<div class=\"uael-post__body\">\n\t\t\t\n\t\t\n\t\t<div class=\"uael-blog-terms-position-above_content uael-post-image-top uael-post-grid uael-posts\" data-query-type=\"custom\" data-structure=\"normal\" data-layout=\"\" data-page=\"102518\" data-skin=\"business\" data-filter-default=\"H\u1ea1n ch\u00f3t:&lt;br&gt;\" data-offset-top=\"30\" >\n\n\t\t\t\t\t\t\t<div class=\"uael-post-grid__inner uael-post__columns-4 uael-post__columns-tablet-2 uael-post__columns-mobile-1\">\n\t\t\t\n\n<div class=\"uael-post-wrapper cuoc-thi-quoc-gia thang-3 thcs-thpt  ng\u00f4n-ng\u1eef \">\n\t<div class=\"uael-post__bg-wrap uael-bg-wrap-disabled\">\n\n\t\t\t\t\t<a href=\"https:\/\/www.aralia.com\/vi\/ngon-ngu\/ky-thi-tieng-phap-hoa-ky-national-french-contest\/\" target=\"_self\" class=\"uael-post__complete-box-overlay\" aria-label=\"Link Complete Box\"><\/a>\n\t\t\t\t\n\t\t<div class=\"uael-post__inner-wrap uael-inner-wrap-disabled\">\n\n\t\t\t\t<div class=\"uael-post__thumbnail\">\n\t\t\t\n\t\t\t<a href=\"https:\/\/www.aralia.com\/vi\/ngon-ngu\/ky-thi-tieng-phap-hoa-ky-national-french-contest\/\" target=\"_self\" title=\"K\u1ef3 thi Ti\u1ebfng Ph\u00e1p Hoa K\u1ef3 (National French Contest)\"><img fetchpriority=\"high\" decoding=\"async\" width=\"768\" height=\"511\" src=\"https:\/\/www.aralia.com\/wp-content\/uploads\/2024\/06\/AdobeStock_601775396-1-768x511.webp\" class=\"attachment-medium_large size-medium_large wp-image-112390\" alt=\"\" title=\"\" srcset=\"https:\/\/www.aralia.com\/wp-content\/uploads\/2024\/06\/AdobeStock_601775396-1-768x511.webp 768w, https:\/\/www.aralia.com\/wp-content\/uploads\/2024\/06\/AdobeStock_601775396-1-300x200.webp 300w, https:\/\/www.aralia.com\/wp-content\/uploads\/2024\/06\/AdobeStock_601775396-1.webp 922w\" sizes=\"(max-width: 768px) 100vw, 768px\" \/><\/a>\n\t\t\t\t\t<\/div>\n\t\t\n\t\t\t\n\t\t\t<div class=\"uael-post__content-wrap uael-content-wrap-disabled\">\n\t\t\t\t\t\t\t\t\t<div class=\"uael-post__terms-wrap\"><span class=\"uael-post__terms\"><span class=\"uael-listing__terms-link\">Cu\u1ed9c thi Qu\u1ed1c gia<\/span><span class=\"uael-listing__terms-link\">Th\u00e1ng 3<\/span><span class=\"uael-listing__terms-link\">THCS &amp; THPT<\/span><\/span><\/div>\n\t\t\t\t\t\t\t<h3 class=\"uael-post__title\">\n\n\t\t\n\t\t\t\t\t\t<a href=\"https:\/\/www.aralia.com\/vi\/ngon-ngu\/ky-thi-tieng-phap-hoa-ky-national-french-contest\/\" target=\"_self\">\n\t\t\t\tK\u1ef3 thi Ti\u1ebfng Ph\u00e1p Hoa K\u1ef3 (National French Contest)\t\t\t<\/a>\n\n\t\t\t\t<\/h3>\n\t\t<div class=\"uael-post__separator-wrap\"><div class=\"uael-post__separator uael-post__gradient-separator\"><\/div><\/div>\t\t\t<\/div>\n\t\t\t\n\t\t<\/div>\n\t\t\n\t<\/div>\n\n<\/div>\n\n\n<div class=\"uael-post-wrapper cuoc-thi-quoc-gia middle-and-high-school thang-2 thcs-thpt  ng\u00f4n-ng\u1eef \">\n\t<div class=\"uael-post__bg-wrap uael-bg-wrap-disabled\">\n\n\t\t\t\t\t<a href=\"https:\/\/www.aralia.com\/vi\/ngon-ngu\/national-spanish-exam\/\" target=\"_self\" class=\"uael-post__complete-box-overlay\" aria-label=\"Link Complete Box\"><\/a>\n\t\t\t\t\n\t\t<div class=\"uael-post__inner-wrap uael-inner-wrap-disabled\">\n\n\t\t\t\t<div class=\"uael-post__thumbnail\">\n\t\t\t\n\t\t\t<a href=\"https:\/\/www.aralia.com\/vi\/ngon-ngu\/national-spanish-exam\/\" target=\"_self\" title=\"K\u1ef3 Thi Ti\u1ebfng T\u00e2y Ban Nha (National Spanish Exam)\"><img decoding=\"async\" width=\"768\" height=\"698\" src=\"https:\/\/www.aralia.com\/wp-content\/uploads\/2022\/12\/AdobeStock_98685667-768x698.webp\" class=\"attachment-medium_large size-medium_large wp-image-133847\" alt=\"Luy\u1ec7n thi K\u1ef3 thi Ti\u1ebfng T\u00e2y Ban Nha Qu\u1ed1c Gia\" title=\"\" srcset=\"https:\/\/www.aralia.com\/wp-content\/uploads\/2022\/12\/AdobeStock_98685667-768x698.webp 768w, https:\/\/www.aralia.com\/wp-content\/uploads\/2022\/12\/AdobeStock_98685667-300x273.webp 300w, https:\/\/www.aralia.com\/wp-content\/uploads\/2022\/12\/AdobeStock_98685667-1024x931.webp 1024w, https:\/\/www.aralia.com\/wp-content\/uploads\/2022\/12\/AdobeStock_98685667.webp 1219w\" sizes=\"(max-width: 768px) 100vw, 768px\" \/><\/a>\n\t\t\t\t\t<\/div>\n\t\t\n\t\t\t\n\t\t\t<div class=\"uael-post__content-wrap uael-content-wrap-disabled\">\n\t\t\t\t\t\t\t\t\t<div class=\"uael-post__terms-wrap\"><span class=\"uael-post__terms\"><span class=\"uael-listing__terms-link\">Cu\u1ed9c thi Qu\u1ed1c gia<\/span><span class=\"uael-listing__terms-link\">Middle and High School<\/span><span class=\"uael-listing__terms-link\">Th\u00e1ng 2<\/span><span class=\"uael-listing__terms-link\">THCS &amp; THPT<\/span><\/span><\/div>\n\t\t\t\t\t\t\t<h3 class=\"uael-post__title\">\n\n\t\t\n\t\t\t\t\t\t<a href=\"https:\/\/www.aralia.com\/vi\/ngon-ngu\/national-spanish-exam\/\" target=\"_self\">\n\t\t\t\tK\u1ef3 Thi Ti\u1ebfng T\u00e2y Ban Nha (National Spanish Exam)\t\t\t<\/a>\n\n\t\t\t\t<\/h3>\n\t\t<div class=\"uael-post__separator-wrap\"><div class=\"uael-post__separator uael-post__gradient-separator\"><\/div><\/div>\t\t\t<\/div>\n\t\t\t\n\t\t<\/div>\n\t\t\n\t<\/div>\n\n<\/div>\n\t\t\t\t<\/div>\n\t\t\t\t\t\t\n\t\t<\/div>\n\n\t\t\t\t\t\t<\/div>\n\t\t<div class=\"uael-post__footer\">\n\t\t\t\t\t<\/div>\n\t\t\t\t\t\t<\/div>\n\t\t\t\t<\/div>\n\t\t\t\t\t<\/div>\n\t\t<\/div>\n\t\t\t\t\t<\/div>\n\t\t<\/section>\n\t\t\t\t<section class=\"elementor-section elementor-top-section elementor-element elementor-element-d5e7d4f elementor-section-stretched elementor-section-boxed elementor-section-height-default elementor-section-height-default\" data-id=\"d5e7d4f\" data-element_type=\"section\" data-e-type=\"section\" data-settings=\"{&quot;background_background&quot;:&quot;classic&quot;,&quot;stretch_section&quot;:&quot;section-stretched&quot;}\">\n\t\t\t\t\t\t<div class=\"elementor-container elementor-column-gap-default\">\n\t\t\t\t\t<div class=\"elementor-column elementor-col-100 elementor-top-column elementor-element elementor-element-f1745a8\" data-id=\"f1745a8\" data-element_type=\"column\" data-e-type=\"column\" data-settings=\"{&quot;background_background&quot;:&quot;classic&quot;}\">\n\t\t\t<div class=\"elementor-widget-wrap elementor-element-populated\">\n\t\t\t\t\t\t<div class=\"elementor-element elementor-element-4f23f4d uael-heading-align-center elementor-widget elementor-widget-uael-advanced-heading\" data-id=\"4f23f4d\" data-element_type=\"widget\" data-e-type=\"widget\" data-widget_type=\"uael-advanced-heading.default\">\n\t\t\t\t<div class=\"elementor-widget-container\">\n\t\t\t\t\t\n\t\t<div class=\"uael-module-content uael-heading-wrapper\">\n\t\t\t\t\t\t\n\t\t\t<h2 class=\"uael-heading\">\n\t\t\t\t\t\t\t\t\t\t<span class=\"uael-heading-text elementor-inline-editing uael-size--default\" data-elementor-setting-key=\"heading_title\" data-elementor-inline-editing-toolbar=\"basic\">H\u00e3y tham gia l\u1edbp h\u1ecdc chu\u1ea9n b\u1ecb thi c\u1ee7a ch\u00fang t\u00f4i!<\/span>\n\t\t\t\t\t\t\t<\/h2>\n\n\t\t\t\n\t\t\t\n\t\t\t\n\t\t\t\t\t\t<\/div>\n\t\t\t\t\t\t<\/div>\n\t\t\t\t<\/div>\n\t\t\t\t<div class=\"elementor-element elementor-element-25c3933 elementor-align-center elementor-widget elementor-widget-button\" data-id=\"25c3933\" data-element_type=\"widget\" data-e-type=\"widget\" data-widget_type=\"button.default\">\n\t\t\t\t<div class=\"elementor-widget-container\">\n\t\t\t\t\t\t\t\t\t<div class=\"elementor-button-wrapper\">\n\t\t\t\t\t<a class=\"elementor-button elementor-button-link elementor-size-md\" href=\"https:\/\/www.aralia.com\/vi\/inquiry\/\">\n\t\t\t\t\t\t<span class=\"elementor-button-content-wrapper\">\n\t\t\t\t\t\t\t\t\t<span class=\"elementor-button-text\">\u0110\u0103ng k\u00fd t\u01b0 v\u1ea5n<\/span>\n\t\t\t\t\t<\/span>\n\t\t\t\t\t<\/a>\n\t\t\t\t<\/div>\n\t\t\t\t\t\t\t\t<\/div>\n\t\t\t\t<\/div>\n\t\t\t\t\t<\/div>\n\t\t<\/div>\n\t\t\t\t\t<\/div>\n\t\t<\/section>\n\t\t\t\t<\/div>\n\t\t","protected":false},"excerpt":{"rendered":"<p>Quay l\u1ea1i Cu\u1ed9c Thi Ng\u00f4n Ng\u1eef Th\u1ebf Gi\u1edbi C\u00e1c cu\u1ed9c thi Ng\u00f4n ng\u1eef Th\u1ebf gi\u1edbi d\u00e0nh cho h\u1ecdc sinh trung h\u1ecdc mang \u0111\u1ebfn c\u01a1 h\u1ed9i th\u00fa v\u1ecb \u0111\u1ec3 t\u00f4n vinh s\u1ef1 \u0111a d\u1ea1ng ng\u00f4n ng\u1eef, hi\u1ec3u bi\u1ebft v\u0103n h\u00f3a v\u00e0 giao ti\u1ebfp to\u00e0n c\u1ea7u. Th\u00f4ng qua vi\u1ec7c tham gia, h\u1ecdc sinh c\u00f3 th\u1ec3 n\u00e2ng cao [&hellip;]<\/p>\n","protected":false},"author":1,"featured_media":101409,"parent":0,"menu_order":0,"comment_status":"closed","ping_status":"closed","template":"","meta":{"content-type":"","site-sidebar-layout":"no-sidebar","site-content-layout":"page-builder","ast-site-content-layout":"full-width-container","site-content-style":"default","site-sidebar-style":"default","ast-global-header-display":"","ast-banner-title-visibility":"","ast-main-header-display":"","ast-hfb-above-header-display":"","ast-hfb-below-header-display":"","ast-hfb-mobile-header-display":"","site-post-title":"disabled","ast-breadcrumbs-content":"","ast-featured-img":"disabled","footer-sml-layout":"","ast-disable-related-posts":"","theme-transparent-header-meta":"","adv-header-id-meta":"","stick-header-meta":"","header-above-stick-meta":"","header-main-stick-meta":"","header-below-stick-meta":"","astra-migrate-meta-layouts":"default","ast-page-background-enabled":"default","ast-page-background-meta":{"desktop":{"background-color":"","background-image":"","background-repeat":"repeat","background-position":"center center","background-size":"auto","background-attachment":"scroll","background-type":"","background-media":"","overlay-type":"","overlay-color":"","overlay-opacity":"","overlay-gradient":""},"tablet":{"background-color":"","background-image":"","background-repeat":"repeat","background-position":"center center","background-size":"auto","background-attachment":"scroll","background-type":"","background-media":"","overlay-type":"","overlay-color":"","overlay-opacity":"","overlay-gradient":""},"mobile":{"background-color":"","background-image":"","background-repeat":"repeat","background-position":"center center","background-size":"auto","background-attachment":"scroll","background-type":"","background-media":"","overlay-type":"","overlay-color":"","overlay-opacity":"","overlay-gradient":""}},"ast-content-background-meta":{"desktop":{"background-color":"var(--ast-global-color-5)","background-image":"","background-repeat":"repeat","background-position":"center center","background-size":"auto","background-attachment":"scroll","background-type":"","background-media":"","overlay-type":"","overlay-color":"","overlay-opacity":"","overlay-gradient":""},"tablet":{"background-color":"var(--ast-global-color-5)","background-image":"","background-repeat":"repeat","background-position":"center center","background-size":"auto","background-attachment":"scroll","background-type":"","background-media":"","overlay-type":"","overlay-color":"","overlay-opacity":"","overlay-gradient":""},"mobile":{"background-color":"var(--ast-global-color-5)","background-image":"","background-repeat":"repeat","background-position":"center center","background-size":"auto","background-attachment":"scroll","background-type":"","background-media":"","overlay-type":"","overlay-color":"","overlay-opacity":"","overlay-gradient":""}},"footnotes":""},"class_list":["post-102518","page","type-page","status-publish","has-post-thumbnail","hentry"],"_links":{"self":[{"href":"https:\/\/www.aralia.com\/vi\/wp-json\/wp\/v2\/pages\/102518","targetHints":{"allow":["GET"]}}],"collection":[{"href":"https:\/\/www.aralia.com\/vi\/wp-json\/wp\/v2\/pages"}],"about":[{"href":"https:\/\/www.aralia.com\/vi\/wp-json\/wp\/v2\/types\/page"}],"author":[{"embeddable":true,"href":"https:\/\/www.aralia.com\/vi\/wp-json\/wp\/v2\/users\/1"}],"replies":[{"embeddable":true,"href":"https:\/\/www.aralia.com\/vi\/wp-json\/wp\/v2\/comments?post=102518"}],"version-history":[{"count":3,"href":"https:\/\/www.aralia.com\/vi\/wp-json\/wp\/v2\/pages\/102518\/revisions"}],"predecessor-version":[{"id":119762,"href":"https:\/\/www.aralia.com\/vi\/wp-json\/wp\/v2\/pages\/102518\/revisions\/119762"}],"wp:featuredmedia":[{"embeddable":true,"href":"https:\/\/www.aralia.com\/vi\/wp-json\/wp\/v2\/media\/101409"}],"wp:attachment":[{"href":"https:\/\/www.aralia.com\/vi\/wp-json\/wp\/v2\/media?parent=102518"}],"curies":[{"name":"wp","href":"https:\/\/api.w.org\/{rel}","templated":true}]}}