{"id":102546,"date":"2025-02-05T11:02:03","date_gmt":"2025-02-05T19:02:03","guid":{"rendered":"https:\/\/www.aralia.com\/cuoc-thi-khoa-hoc-xa-hoi\/"},"modified":"2025-07-31T13:49:44","modified_gmt":"2025-07-31T20:49:44","slug":"cuoc-thi-khoa-hoc-xa-hoi","status":"publish","type":"page","link":"https:\/\/www.aralia.com\/vi\/cuoc-thi-khoa-hoc-xa-hoi\/","title":{"rendered":"Cu\u1ed9c thi Khoa h\u1ecdc X\u00e3 h\u1ed9i"},"content":{"rendered":"\t\t<div data-elementor-type=\"wp-page\" data-elementor-id=\"102546\" class=\"elementor elementor-102546 elementor-101309\" data-elementor-post-type=\"page\">\n\t\t\t\t\t\t<section class=\"elementor-section elementor-top-section elementor-element elementor-element-d8c40dc elementor-section-boxed elementor-section-height-default elementor-section-height-default\" data-id=\"d8c40dc\" data-element_type=\"section\" data-e-type=\"section\" data-settings=\"{&quot;background_background&quot;:&quot;classic&quot;}\">\n\t\t\t\t\t\t\t<div class=\"elementor-background-overlay\"><\/div>\n\t\t\t\t\t\t\t<div class=\"elementor-container elementor-column-gap-default\">\n\t\t\t\t\t<div class=\"elementor-column elementor-col-100 elementor-top-column elementor-element elementor-element-46744cc\" data-id=\"46744cc\" data-element_type=\"column\" data-e-type=\"column\">\n\t\t\t<div class=\"elementor-widget-wrap elementor-element-populated\">\n\t\t\t\t\t\t<div class=\"elementor-element elementor-element-c6725cb elementor-widget elementor-widget-button\" data-id=\"c6725cb\" data-element_type=\"widget\" data-e-type=\"widget\" data-widget_type=\"button.default\">\n\t\t\t\t<div class=\"elementor-widget-container\">\n\t\t\t\t\t\t\t\t\t<div class=\"elementor-button-wrapper\">\n\t\t\t\t\t<a class=\"elementor-button elementor-button-link elementor-size-sm\" href=\"https:\/\/www.aralia.com\/vi\/cuoc-thi-quoc-te\/\">\n\t\t\t\t\t\t<span class=\"elementor-button-content-wrapper\">\n\t\t\t\t\t\t<span class=\"elementor-button-icon\">\n\t\t\t\t<svg aria-hidden=\"true\" class=\"e-font-icon-svg e-fas-chevron-left\" viewBox=\"0 0 320 512\" xmlns=\"http:\/\/www.w3.org\/2000\/svg\"><path d=\"M34.52 239.03L228.87 44.69c9.37-9.37 24.57-9.37 33.94 0l22.67 22.67c9.36 9.36 9.37 24.52.04 33.9L131.49 256l154.02 154.75c9.34 9.38 9.32 24.54-.04 33.9l-22.67 22.67c-9.37 9.37-24.57 9.37-33.94 0L34.52 272.97c-9.37-9.37-9.37-24.57 0-33.94z\"><\/path><\/svg>\t\t\t<\/span>\n\t\t\t\t\t\t\t\t\t<span class=\"elementor-button-text\">Quay l\u1ea1i<\/span>\n\t\t\t\t\t<\/span>\n\t\t\t\t\t<\/a>\n\t\t\t\t<\/div>\n\t\t\t\t\t\t\t\t<\/div>\n\t\t\t\t<\/div>\n\t\t\t\t<div class=\"elementor-element elementor-element-f2a506e elementor-widget elementor-widget-uael-advanced-heading\" data-id=\"f2a506e\" data-element_type=\"widget\" data-e-type=\"widget\" data-widget_type=\"uael-advanced-heading.default\">\n\t\t\t\t<div class=\"elementor-widget-container\">\n\t\t\t\t\t\n\t\t<div class=\"uael-module-content uael-heading-wrapper\">\n\t\t\t\t\t\t\n\t\t\t<h1 class=\"uael-heading\">\n\t\t\t\t\t\t\t\t\t\t<span class=\"uael-heading-text elementor-inline-editing uael-size--default\" data-elementor-setting-key=\"heading_title\" data-elementor-inline-editing-toolbar=\"basic\">Cu\u1ed9c thi Khoa h\u1ecdc X\u00e3 h\u1ed9i<\/span>\n\t\t\t\t\t\t\t<\/h1>\n\n\t\t\t\n\t\t\t\n\t\t\t\t\t\t\t<div class=\"uael-subheading elementor-inline-editing\" data-elementor-setting-key=\"heading_description\" data-elementor-inline-editing-toolbar=\"advanced\" >\n\t\t\t\t\tC\u00e1c cu\u1ed9c thi Khoa h\u1ecdc X\u00e3 h\u1ed9i d\u00e0nh cho h\u1ecdc sinh trung h\u1ecdc mang \u0111\u1ebfn m\u1ed9t c\u01a1 h\u1ed9i h\u1ea5p d\u1eabn \u0111\u1ec3 kh\u00e1m ph\u00e1 s\u1ef1 ph\u1ee9c t\u1ea1p c\u1ee7a h\u00e0nh vi con ng\u01b0\u1eddi, x\u00e3 h\u1ed9i v\u00e0 c\u00e1c h\u1ec7 th\u1ed1ng th\u00f4ng qua c\u00e1c l\u0129nh v\u1ef1c nh\u01b0 t\u00e2m l\u00fd h\u1ecdc, x\u00e3 h\u1ed9i h\u1ecdc, khoa h\u1ecdc ch\u00ednh tr\u1ecb v\u00e0 kinh t\u1ebf h\u1ecdc. B\u1eb1ng c\u00e1ch tham gia, h\u1ecdc sinh c\u00f3 th\u1ec3 ph\u00e2n t\u00edch c\u00e1c v\u1ea5n \u0111\u1ec1 th\u1ef1c t\u1ebf, ph\u00e1t tri\u1ec3n k\u1ef9 n\u0103ng t\u01b0 duy ph\u1ea3n bi\u1ec7n v\u00e0 \u0111\u1ec1 xu\u1ea5t c\u00e1c gi\u1ea3i ph\u00e1p s\u00e1ng t\u1ea1o cho nh\u1eefng th\u00e1ch th\u1ee9c x\u00e3 h\u1ed9i. \t\t\t\t<\/div>\n\t\t\t\t\n\t\t\t\t\t\t<\/div>\n\t\t\t\t\t\t<\/div>\n\t\t\t\t<\/div>\n\t\t\t\t<div class=\"elementor-element elementor-element-0ff7e47 elementor-widget elementor-widget-text-editor\" data-id=\"0ff7e47\" data-element_type=\"widget\" data-e-type=\"widget\" data-widget_type=\"text-editor.default\">\n\t\t\t\t<div class=\"elementor-widget-container\">\n\t\t\t\t\t\t\t\t\t<p>C\u00e1ch tra c\u1ee9u th\u00f4ng tin v\u1ec1 cu\u1ed9c thi <\/p>\t\t\t\t\t\t\t\t<\/div>\n\t\t\t\t<\/div>\n\t\t\t\t<section class=\"elementor-section elementor-inner-section elementor-element elementor-element-87e9ac1 elementor-section-boxed elementor-section-height-default elementor-section-height-default\" data-id=\"87e9ac1\" data-element_type=\"section\" data-e-type=\"section\">\n\t\t\t\t\t\t<div class=\"elementor-container elementor-column-gap-default\">\n\t\t\t\t\t<div class=\"elementor-column elementor-col-33 elementor-inner-column elementor-element elementor-element-b93c65b\" data-id=\"b93c65b\" data-element_type=\"column\" data-e-type=\"column\">\n\t\t\t<div class=\"elementor-widget-wrap elementor-element-populated\">\n\t\t\t\t\t\t<div class=\"elementor-element elementor-element-e058ddb elementor-widget elementor-widget-text-editor\" data-id=\"e058ddb\" data-element_type=\"widget\" data-e-type=\"widget\" data-widget_type=\"text-editor.default\">\n\t\t\t\t<div class=\"elementor-widget-container\">\n\t\t\t\t\t\t\t\t\t<p><strong>C\u1ea5p \u0110\u1ed9 Cu\u1ed9c Thi: <\/strong><\/p><p>\u2022 Qu\u1ed1c gia: H\u1ecdc sinh t\u1ea1i Hoa K\u1ef3<br>\u2022 Khu v\u1ef1c: H\u1ecdc sinh t\u1eeb c\u00e1c bang, t\u1ec9nh ho\u1eb7c v\u00f9ng l\u00e3nh th\u1ed5 c\u1ee5 th\u1ec3 <br>\u2022 Qu\u1ed1c t\u1ebf: M\u1edf cho h\u1ecdc sinh tr\u00ean to\u00e0n th\u1ebf gi\u1edbi<\/p>\t\t\t\t\t\t\t\t<\/div>\n\t\t\t\t<\/div>\n\t\t\t\t\t<\/div>\n\t\t<\/div>\n\t\t\t\t<div class=\"elementor-column elementor-col-33 elementor-inner-column elementor-element elementor-element-25df5cf\" data-id=\"25df5cf\" data-element_type=\"column\" data-e-type=\"column\">\n\t\t\t<div class=\"elementor-widget-wrap elementor-element-populated\">\n\t\t\t\t\t\t<div class=\"elementor-element elementor-element-87a7a88 elementor-widget elementor-widget-text-editor\" data-id=\"87a7a88\" data-element_type=\"widget\" data-e-type=\"widget\" data-widget_type=\"text-editor.default\">\n\t\t\t\t<div class=\"elementor-widget-container\">\n\t\t\t\t\t\t\t\t\t<p><strong>\u0110i\u1ec1u Ki\u1ec7n Tham Gia: <\/strong><\/p><p>\u2022 Trung h\u1ecdc c\u01a1 s\u1edf: H\u1ecdc sinh t\u1eeb l\u1edbp 6 \u0111\u1ebfn l\u1edbp 8 <br>\u2022 Trung h\u1ecdc ph\u1ed5 th\u00f4ng: H\u1ecdc sinh t\u1eeb l\u1edbp 9 \u0111\u1ebfn l\u1edbp 12 <br>\u2022 Trung h\u1ecdc c\u01a1 s\u1edf v\u00e0 trung h\u1ecdc ph\u1ed5 th\u00f4ng: H\u1ecdc sinh thu\u1ed9c c\u1ea3 hai c\u1ea5p l\u1edbp<\/p>\t\t\t\t\t\t\t\t<\/div>\n\t\t\t\t<\/div>\n\t\t\t\t\t<\/div>\n\t\t<\/div>\n\t\t\t\t<div class=\"elementor-column elementor-col-33 elementor-inner-column elementor-element elementor-element-33014b2\" data-id=\"33014b2\" data-element_type=\"column\" data-e-type=\"column\">\n\t\t\t<div class=\"elementor-widget-wrap elementor-element-populated\">\n\t\t\t\t\t\t<div class=\"elementor-element elementor-element-7b888b9 elementor-widget elementor-widget-text-editor\" data-id=\"7b888b9\" data-element_type=\"widget\" data-e-type=\"widget\" data-widget_type=\"text-editor.default\">\n\t\t\t\t<div class=\"elementor-widget-container\">\n\t\t\t\t\t\t\t\t\t<p><strong>H\u1ea1n Ch\u00f3t: <\/strong><\/p><p>Ch\u00fang t\u00f4i li\u1ec7t k\u00ea th\u1eddi h\u1ea1n n\u1ed9p b\u00e0i c\u1ee7a c\u00e1c cu\u1ed9c thi theo th\u00e1ng \u0111\u1ec3 gi\u00fap b\u1ea1n l\u00ean k\u1ebf ho\u1ea1ch. Tuy nhi\u00ean, m\u1ed7i cu\u1ed9c thi c\u00f3 m\u1ed9t th\u1eddi h\u1ea1n c\u1ee5 th\u1ec3, v\u00ec v\u1eady h\u00e3y nh\u1edb ki\u1ec3m tra l\u1ecbch \u0111\u1ec3 bi\u1ebft th\u1eddi gian ch\u00ednh x\u00e1c.  <\/p>\t\t\t\t\t\t\t\t<\/div>\n\t\t\t\t<\/div>\n\t\t\t\t\t<\/div>\n\t\t<\/div>\n\t\t\t\t\t<\/div>\n\t\t<\/section>\n\t\t\t\t\t<\/div>\n\t\t<\/div>\n\t\t\t\t\t<\/div>\n\t\t<\/section>\n\t\t\t\t<section class=\"elementor-section elementor-top-section elementor-element elementor-element-065dbbb elementor-section-boxed elementor-section-height-default elementor-section-height-default\" data-id=\"065dbbb\" data-element_type=\"section\" data-e-type=\"section\">\n\t\t\t\t\t\t<div class=\"elementor-container elementor-column-gap-default\">\n\t\t\t\t\t<div class=\"elementor-column elementor-col-100 elementor-top-column elementor-element elementor-element-802369a\" data-id=\"802369a\" data-element_type=\"column\" data-e-type=\"column\">\n\t\t\t<div class=\"elementor-widget-wrap elementor-element-populated\">\n\t\t\t\t\t\t<div class=\"elementor-element elementor-element-9726002 elementor-widget elementor-widget-spacer\" data-id=\"9726002\" data-element_type=\"widget\" data-e-type=\"widget\" data-widget_type=\"spacer.default\">\n\t\t\t\t<div class=\"elementor-widget-container\">\n\t\t\t\t\t\t\t<div class=\"elementor-spacer\">\n\t\t\t<div class=\"elementor-spacer-inner\"><\/div>\n\t\t<\/div>\n\t\t\t\t\t\t<\/div>\n\t\t\t\t<\/div>\n\t\t\t\t<div class=\"elementor-element elementor-element-7918c8d uael-post__link-complete-yes uael-equal__height-yes uael-posts-thumbnail-ratio uael-post__content-align-left elementor-widget elementor-widget-uael-posts\" data-id=\"7918c8d\" data-element_type=\"widget\" data-e-type=\"widget\" data-settings=\"{&quot;business_slides_to_show&quot;:4,&quot;business_show_filters&quot;:&quot;yes&quot;,&quot;business_slides_to_show_tablet&quot;:2,&quot;business_slides_to_show_mobile&quot;:1}\" data-widget_type=\"uael-posts.business\">\n\t\t\t\t<div class=\"elementor-widget-container\">\n\t\t\t\t\t\t\t<div class=\"uael-post__header\">\n\t\t\t\t\t<div class=\"uael-post__header-filters-wrap uael-posts-tabs-dropdown\">\n\t\t\t<ul class=\"uael-post__header-filters\" aria-label=\"Taxonomy Filter\">\n\t\t\t\t<li class=\"uael-post__header-filter uael-filter__current\" data-filter=\"*\">H\u1ea1n ch\u00f3t:<br><\/li>\n\t\t\t\t\t\t\t\t<li class=\"uael-post__header-filter\" data-filter=\".nhieu-thoi-han\" tabindex=\"0\">Nhi\u1ec1u Th\u1eddi H\u1ea1n<\/li>\n\t\t\t\t\t\t\t\t<li class=\"uael-post__header-filter\" data-filter=\".thang-1\" tabindex=\"0\">Th\u00e1ng 1<\/li>\n\t\t\t\t\t\t\t\t<li class=\"uael-post__header-filter\" data-filter=\".thang-10\" tabindex=\"0\">Th\u00e1ng 10<\/li>\n\t\t\t\t\t\t\t\t<li class=\"uael-post__header-filter\" data-filter=\".thang-11\" tabindex=\"0\">Th\u00e1ng 11<\/li>\n\t\t\t\t\t\t\t\t<li class=\"uael-post__header-filter\" data-filter=\".thang-12\" tabindex=\"0\">Th\u00e1ng 12<\/li>\n\t\t\t\t\t\t\t\t<li class=\"uael-post__header-filter\" data-filter=\".thang-2\" tabindex=\"0\">Th\u00e1ng 2<\/li>\n\t\t\t\t\t\t\t\t<li class=\"uael-post__header-filter\" data-filter=\".thang-3\" tabindex=\"0\">Th\u00e1ng 3<\/li>\n\t\t\t\t\t\t\t\t<li class=\"uael-post__header-filter\" data-filter=\".thang-4\" tabindex=\"0\">Th\u00e1ng 4<\/li>\n\t\t\t\t\t\t\t\t<li class=\"uael-post__header-filter\" data-filter=\".thang-5\" tabindex=\"0\">Th\u00e1ng 5<\/li>\n\t\t\t\t\t\t\t\t<li class=\"uael-post__header-filter\" data-filter=\".thang-6\" tabindex=\"0\">Th\u00e1ng 6<\/li>\n\t\t\t\t\t\t\t\t<li class=\"uael-post__header-filter\" data-filter=\".thang-7\" tabindex=\"0\">Th\u00e1ng 7<\/li>\n\t\t\t\t\t\t\t\t<li class=\"uael-post__header-filter\" data-filter=\".thang-8\" tabindex=\"0\">Th\u00e1ng 8<\/li>\n\t\t\t\t\t\t\t\t<li class=\"uael-post__header-filter\" data-filter=\".thang-9\" tabindex=\"0\">Th\u00e1ng 9<\/li>\n\t\t\t\t\t\t\t<\/ul>\n\n\t\t\t\t\t\t\t<div class=\"uael-filters-dropdown\">\n\t\t\t\t\t<div class=\"uael-filters-dropdown-button\">H\u1ea1n ch\u00f3t:<br><i class=\"fa fa-angle-down\"><\/i><\/div>\n\n\t\t\t\t\t<ul class=\"uael-filters-dropdown-list uael-post__header-filters\">\n\t\t\t\t\t\t<li class=\"uael-filters-dropdown-item uael-post__header-filter uael-filter__current\" data-filter=\"*\">H\u1ea1n ch\u00f3t:<br><\/li>\n\t\t\t\t\t\t\t\t\t\t\t\t<li class=\"uael-filters-dropdown-item uael-post__header-filter\" data-filter=\".nhieu-thoi-han\">Nhi\u1ec1u Th\u1eddi H\u1ea1n<\/li>\n\t\t\t\t\t\t\t\t\t\t\t\t<li class=\"uael-filters-dropdown-item uael-post__header-filter\" data-filter=\".thang-1\">Th\u00e1ng 1<\/li>\n\t\t\t\t\t\t\t\t\t\t\t\t<li class=\"uael-filters-dropdown-item uael-post__header-filter\" data-filter=\".thang-10\">Th\u00e1ng 10<\/li>\n\t\t\t\t\t\t\t\t\t\t\t\t<li class=\"uael-filters-dropdown-item uael-post__header-filter\" data-filter=\".thang-11\">Th\u00e1ng 11<\/li>\n\t\t\t\t\t\t\t\t\t\t\t\t<li class=\"uael-filters-dropdown-item uael-post__header-filter\" data-filter=\".thang-12\">Th\u00e1ng 12<\/li>\n\t\t\t\t\t\t\t\t\t\t\t\t<li class=\"uael-filters-dropdown-item uael-post__header-filter\" data-filter=\".thang-2\">Th\u00e1ng 2<\/li>\n\t\t\t\t\t\t\t\t\t\t\t\t<li class=\"uael-filters-dropdown-item uael-post__header-filter\" data-filter=\".thang-3\">Th\u00e1ng 3<\/li>\n\t\t\t\t\t\t\t\t\t\t\t\t<li class=\"uael-filters-dropdown-item uael-post__header-filter\" data-filter=\".thang-4\">Th\u00e1ng 4<\/li>\n\t\t\t\t\t\t\t\t\t\t\t\t<li class=\"uael-filters-dropdown-item uael-post__header-filter\" data-filter=\".thang-5\">Th\u00e1ng 5<\/li>\n\t\t\t\t\t\t\t\t\t\t\t\t<li class=\"uael-filters-dropdown-item uael-post__header-filter\" data-filter=\".thang-6\">Th\u00e1ng 6<\/li>\n\t\t\t\t\t\t\t\t\t\t\t\t<li class=\"uael-filters-dropdown-item uael-post__header-filter\" data-filter=\".thang-7\">Th\u00e1ng 7<\/li>\n\t\t\t\t\t\t\t\t\t\t\t\t<li class=\"uael-filters-dropdown-item uael-post__header-filter\" data-filter=\".thang-8\">Th\u00e1ng 8<\/li>\n\t\t\t\t\t\t\t\t\t\t\t\t<li class=\"uael-filters-dropdown-item uael-post__header-filter\" data-filter=\".thang-9\">Th\u00e1ng 9<\/li>\n\t\t\t\t\t\t\t\t\t\t\t<\/ul>\n\t\t\t\t<\/div>\n\t\t\t\t\t<\/div>\n\t\t\t\t<\/div>\n\t\t<div class=\"uael-post__body\">\n\t\t\t\n\t\t\n\t\t<div class=\"uael-blog-terms-position-above_content uael-post-image-top uael-post-grid uael-posts\" data-query-type=\"custom\" data-structure=\"normal\" data-layout=\"\" data-page=\"102546\" data-skin=\"business\" data-filter-default=\"H\u1ea1n ch\u00f3t:&lt;br&gt;\" data-offset-top=\"30\" >\n\n\t\t\t\t\t\t\t<div class=\"uael-post-grid__inner uael-post__columns-4 uael-post__columns-tablet-2 uael-post__columns-mobile-1\">\n\t\t\t\n\n<div class=\"uael-post-wrapper cuoc-thi-quoc-te thang-9 thcs-thpt  khoa-h\u1ecdc-x\u00e3-h\u1ed9i \">\n\t<div class=\"uael-post__bg-wrap uael-bg-wrap-disabled\">\n\n\t\t\t\t\t<a href=\"https:\/\/www.aralia.com\/vi\/khoa-hoc-xa-hoi\/sot-psychology-essay-contest\/\" target=\"_self\" class=\"uael-post__complete-box-overlay\" aria-label=\"Link Complete Box\"><\/a>\n\t\t\t\t\n\t\t<div class=\"uael-post__inner-wrap uael-inner-wrap-disabled\">\n\n\t\t\t\t<div class=\"uael-post__thumbnail\">\n\t\t\t\n\t\t\t<a href=\"https:\/\/www.aralia.com\/vi\/khoa-hoc-xa-hoi\/sot-psychology-essay-contest\/\" target=\"_self\" title=\"Cu\u1ed9c thi Vi\u1ebft lu\u1eadn Scholar of Tomorrow\"><img fetchpriority=\"high\" decoding=\"async\" width=\"768\" height=\"512\" src=\"https:\/\/www.aralia.com\/wp-content\/uploads\/2023\/07\/AdobeStock_359512184-768x512.webp\" class=\"attachment-medium_large size-medium_large wp-image-116984\" alt=\"Scholar of Tomorrow Essay Competition\" title=\"\" srcset=\"https:\/\/www.aralia.com\/wp-content\/uploads\/2023\/07\/AdobeStock_359512184-768x512.webp 768w, https:\/\/www.aralia.com\/wp-content\/uploads\/2023\/07\/AdobeStock_359512184-300x200.webp 300w, https:\/\/www.aralia.com\/wp-content\/uploads\/2023\/07\/AdobeStock_359512184-1024x683.webp 1024w, https:\/\/www.aralia.com\/wp-content\/uploads\/2023\/07\/AdobeStock_359512184-1536x1024.webp 1536w, https:\/\/www.aralia.com\/wp-content\/uploads\/2023\/07\/AdobeStock_359512184.webp 1953w\" sizes=\"(max-width: 768px) 100vw, 768px\" \/><\/a>\n\t\t\t\t\t<\/div>\n\t\t\n\t\t\t\n\t\t\t<div class=\"uael-post__content-wrap uael-content-wrap-disabled\">\n\t\t\t\t\t\t\t\t\t<div class=\"uael-post__terms-wrap\"><span class=\"uael-post__terms\"><span class=\"uael-listing__terms-link\">Cu\u1ed9c thi Qu\u1ed1c t\u1ebf<\/span><span class=\"uael-listing__terms-link\">Th\u00e1ng 9<\/span><span class=\"uael-listing__terms-link\">THCS &amp; THPT<\/span><\/span><\/div>\n\t\t\t\t\t\t\t<h3 class=\"uael-post__title\">\n\n\t\t\n\t\t\t\t\t\t<a href=\"https:\/\/www.aralia.com\/vi\/khoa-hoc-xa-hoi\/sot-psychology-essay-contest\/\" target=\"_self\">\n\t\t\t\tCu\u1ed9c thi Vi\u1ebft lu\u1eadn Scholar of Tomorrow\t\t\t<\/a>\n\n\t\t\t\t<\/h3>\n\t\t<div class=\"uael-post__separator-wrap\"><div class=\"uael-post__separator uael-post__gradient-separator\"><\/div><\/div>\t\t\t<\/div>\n\t\t\t\n\t\t<\/div>\n\t\t\n\t<\/div>\n\n<\/div>\n\n\n<div class=\"uael-post-wrapper cuoc-thi-quoc-te thang-7 thpt  khoa-h\u1ecdc-x\u00e3-h\u1ed9i \">\n\t<div class=\"uael-post__bg-wrap uael-bg-wrap-disabled\">\n\n\t\t\t\t\t<a href=\"https:\/\/www.aralia.com\/vi\/khoa-hoc-xa-hoi\/international-psychology-olympiad\/\" target=\"_self\" class=\"uael-post__complete-box-overlay\" aria-label=\"Link Complete Box\"><\/a>\n\t\t\t\t\n\t\t<div class=\"uael-post__inner-wrap uael-inner-wrap-disabled\">\n\n\t\t\t\t<div class=\"uael-post__thumbnail\">\n\t\t\t\n\t\t\t<a href=\"https:\/\/www.aralia.com\/vi\/khoa-hoc-xa-hoi\/international-psychology-olympiad\/\" target=\"_self\" title=\"Olympiad T\u00e2m l\u00fd h\u1ecdc Qu\u1ed1c t\u1ebf (IPsyO)\"><img decoding=\"async\" width=\"768\" height=\"521\" src=\"https:\/\/www.aralia.com\/wp-content\/uploads\/2024\/11\/AdobeStock_211806250-768x521.webp\" class=\"attachment-medium_large size-medium_large wp-image-95962\" alt=\"International Psychology Olympiad\" title=\"\" srcset=\"https:\/\/www.aralia.com\/wp-content\/uploads\/2024\/11\/AdobeStock_211806250-768x521.webp 768w, https:\/\/www.aralia.com\/wp-content\/uploads\/2024\/11\/AdobeStock_211806250-300x204.webp 300w, https:\/\/www.aralia.com\/wp-content\/uploads\/2024\/11\/AdobeStock_211806250-1024x695.webp 1024w, https:\/\/www.aralia.com\/wp-content\/uploads\/2024\/11\/AdobeStock_211806250.webp 1410w\" sizes=\"(max-width: 768px) 100vw, 768px\" \/><\/a>\n\t\t\t\t\t<\/div>\n\t\t\n\t\t\t\n\t\t\t<div class=\"uael-post__content-wrap uael-content-wrap-disabled\">\n\t\t\t\t\t\t\t\t\t<div class=\"uael-post__terms-wrap\"><span class=\"uael-post__terms\"><span class=\"uael-listing__terms-link\">Cu\u1ed9c thi Qu\u1ed1c t\u1ebf<\/span><span class=\"uael-listing__terms-link\">Th\u00e1ng 7<\/span><span class=\"uael-listing__terms-link\">THPT<\/span><\/span><\/div>\n\t\t\t\t\t\t\t<h3 class=\"uael-post__title\">\n\n\t\t\n\t\t\t\t\t\t<a href=\"https:\/\/www.aralia.com\/vi\/khoa-hoc-xa-hoi\/international-psychology-olympiad\/\" target=\"_self\">\n\t\t\t\tOlympiad T\u00e2m l\u00fd h\u1ecdc Qu\u1ed1c t\u1ebf (IPsyO)\t\t\t<\/a>\n\n\t\t\t\t<\/h3>\n\t\t<div class=\"uael-post__separator-wrap\"><div class=\"uael-post__separator uael-post__gradient-separator\"><\/div><\/div>\t\t\t<\/div>\n\t\t\t\n\t\t<\/div>\n\t\t\n\t<\/div>\n\n<\/div>\n\t\t\t\t<\/div>\n\t\t\t\t\t\t\n\t\t<\/div>\n\n\t\t\t\t\t\t<\/div>\n\t\t<div class=\"uael-post__footer\">\n\t\t\t\t\t<\/div>\n\t\t\t\t\t\t<\/div>\n\t\t\t\t<\/div>\n\t\t\t\t\t<\/div>\n\t\t<\/div>\n\t\t\t\t\t<\/div>\n\t\t<\/section>\n\t\t\t\t<section class=\"elementor-section elementor-top-section elementor-element elementor-element-0f502fe elementor-section-stretched elementor-section-boxed elementor-section-height-default elementor-section-height-default\" data-id=\"0f502fe\" data-element_type=\"section\" data-e-type=\"section\" data-settings=\"{&quot;background_background&quot;:&quot;classic&quot;,&quot;stretch_section&quot;:&quot;section-stretched&quot;}\">\n\t\t\t\t\t\t<div class=\"elementor-container elementor-column-gap-default\">\n\t\t\t\t\t<div class=\"elementor-column elementor-col-100 elementor-top-column elementor-element elementor-element-86033c1\" data-id=\"86033c1\" data-element_type=\"column\" data-e-type=\"column\" data-settings=\"{&quot;background_background&quot;:&quot;classic&quot;}\">\n\t\t\t<div class=\"elementor-widget-wrap elementor-element-populated\">\n\t\t\t\t\t\t<div class=\"elementor-element elementor-element-d5f762b uael-heading-align-center elementor-widget elementor-widget-uael-advanced-heading\" data-id=\"d5f762b\" data-element_type=\"widget\" data-e-type=\"widget\" data-widget_type=\"uael-advanced-heading.default\">\n\t\t\t\t<div class=\"elementor-widget-container\">\n\t\t\t\t\t\n\t\t<div class=\"uael-module-content uael-heading-wrapper\">\n\t\t\t\t\t\t\n\t\t\t<h2 class=\"uael-heading\">\n\t\t\t\t\t\t\t\t\t\t<span class=\"uael-heading-text elementor-inline-editing uael-size--default\" data-elementor-setting-key=\"heading_title\" data-elementor-inline-editing-toolbar=\"basic\">H\u00e3y tham gia l\u1edbp h\u1ecdc chu\u1ea9n b\u1ecb thi c\u1ee7a ch\u00fang t\u00f4i!<\/span>\n\t\t\t\t\t\t\t<\/h2>\n\n\t\t\t\n\t\t\t\n\t\t\t\n\t\t\t\t\t\t<\/div>\n\t\t\t\t\t\t<\/div>\n\t\t\t\t<\/div>\n\t\t\t\t<div class=\"elementor-element elementor-element-fc5e815 elementor-align-center elementor-widget elementor-widget-button\" data-id=\"fc5e815\" data-element_type=\"widget\" data-e-type=\"widget\" data-widget_type=\"button.default\">\n\t\t\t\t<div class=\"elementor-widget-container\">\n\t\t\t\t\t\t\t\t\t<div class=\"elementor-button-wrapper\">\n\t\t\t\t\t<a class=\"elementor-button elementor-button-link elementor-size-md\" href=\"https:\/\/www.aralia.com\/vi\/inquiry\/\">\n\t\t\t\t\t\t<span class=\"elementor-button-content-wrapper\">\n\t\t\t\t\t\t\t\t\t<span class=\"elementor-button-text\">\u0110\u0103ng k\u00fd t\u01b0 v\u1ea5n<\/span>\n\t\t\t\t\t<\/span>\n\t\t\t\t\t<\/a>\n\t\t\t\t<\/div>\n\t\t\t\t\t\t\t\t<\/div>\n\t\t\t\t<\/div>\n\t\t\t\t\t<\/div>\n\t\t<\/div>\n\t\t\t\t\t<\/div>\n\t\t<\/section>\n\t\t\t\t<\/div>\n\t\t","protected":false},"excerpt":{"rendered":"<p>Quay l\u1ea1i Cu\u1ed9c thi Khoa h\u1ecdc X\u00e3 h\u1ed9i C\u00e1c cu\u1ed9c thi Khoa h\u1ecdc X\u00e3 h\u1ed9i d\u00e0nh cho h\u1ecdc sinh trung h\u1ecdc mang \u0111\u1ebfn m\u1ed9t c\u01a1 h\u1ed9i h\u1ea5p d\u1eabn \u0111\u1ec3 kh\u00e1m ph\u00e1 s\u1ef1 ph\u1ee9c t\u1ea1p c\u1ee7a h\u00e0nh vi con ng\u01b0\u1eddi, x\u00e3 h\u1ed9i v\u00e0 c\u00e1c h\u1ec7 th\u1ed1ng th\u00f4ng qua c\u00e1c l\u0129nh v\u1ef1c nh\u01b0 t\u00e2m l\u00fd h\u1ecdc, x\u00e3 [&hellip;]<\/p>\n","protected":false},"author":1,"featured_media":101314,"parent":0,"menu_order":0,"comment_status":"closed","ping_status":"closed","template":"","meta":{"content-type":"","site-sidebar-layout":"no-sidebar","site-content-layout":"page-builder","ast-site-content-layout":"full-width-container","site-content-style":"default","site-sidebar-style":"default","ast-global-header-display":"","ast-banner-title-visibility":"","ast-main-header-display":"","ast-hfb-above-header-display":"","ast-hfb-below-header-display":"","ast-hfb-mobile-header-display":"","site-post-title":"disabled","ast-breadcrumbs-content":"","ast-featured-img":"disabled","footer-sml-layout":"","ast-disable-related-posts":"","theme-transparent-header-meta":"","adv-header-id-meta":"","stick-header-meta":"","header-above-stick-meta":"","header-main-stick-meta":"","header-below-stick-meta":"","astra-migrate-meta-layouts":"default","ast-page-background-enabled":"default","ast-page-background-meta":{"desktop":{"background-color":"","background-image":"","background-repeat":"repeat","background-position":"center center","background-size":"auto","background-attachment":"scroll","background-type":"","background-media":"","overlay-type":"","overlay-color":"","overlay-opacity":"","overlay-gradient":""},"tablet":{"background-color":"","background-image":"","background-repeat":"repeat","background-position":"center center","background-size":"auto","background-attachment":"scroll","background-type":"","background-media":"","overlay-type":"","overlay-color":"","overlay-opacity":"","overlay-gradient":""},"mobile":{"background-color":"","background-image":"","background-repeat":"repeat","background-position":"center center","background-size":"auto","background-attachment":"scroll","background-type":"","background-media":"","overlay-type":"","overlay-color":"","overlay-opacity":"","overlay-gradient":""}},"ast-content-background-meta":{"desktop":{"background-color":"var(--ast-global-color-5)","background-image":"","background-repeat":"repeat","background-position":"center center","background-size":"auto","background-attachment":"scroll","background-type":"","background-media":"","overlay-type":"","overlay-color":"","overlay-opacity":"","overlay-gradient":""},"tablet":{"background-color":"var(--ast-global-color-5)","background-image":"","background-repeat":"repeat","background-position":"center center","background-size":"auto","background-attachment":"scroll","background-type":"","background-media":"","overlay-type":"","overlay-color":"","overlay-opacity":"","overlay-gradient":""},"mobile":{"background-color":"var(--ast-global-color-5)","background-image":"","background-repeat":"repeat","background-position":"center center","background-size":"auto","background-attachment":"scroll","background-type":"","background-media":"","overlay-type":"","overlay-color":"","overlay-opacity":"","overlay-gradient":""}},"footnotes":""},"class_list":["post-102546","page","type-page","status-publish","has-post-thumbnail","hentry"],"_links":{"self":[{"href":"https:\/\/www.aralia.com\/vi\/wp-json\/wp\/v2\/pages\/102546","targetHints":{"allow":["GET"]}}],"collection":[{"href":"https:\/\/www.aralia.com\/vi\/wp-json\/wp\/v2\/pages"}],"about":[{"href":"https:\/\/www.aralia.com\/vi\/wp-json\/wp\/v2\/types\/page"}],"author":[{"embeddable":true,"href":"https:\/\/www.aralia.com\/vi\/wp-json\/wp\/v2\/users\/1"}],"replies":[{"embeddable":true,"href":"https:\/\/www.aralia.com\/vi\/wp-json\/wp\/v2\/comments?post=102546"}],"version-history":[{"count":3,"href":"https:\/\/www.aralia.com\/vi\/wp-json\/wp\/v2\/pages\/102546\/revisions"}],"predecessor-version":[{"id":119750,"href":"https:\/\/www.aralia.com\/vi\/wp-json\/wp\/v2\/pages\/102546\/revisions\/119750"}],"wp:featuredmedia":[{"embeddable":true,"href":"https:\/\/www.aralia.com\/vi\/wp-json\/wp\/v2\/media\/101314"}],"wp:attachment":[{"href":"https:\/\/www.aralia.com\/vi\/wp-json\/wp\/v2\/media?parent=102546"}],"curies":[{"name":"wp","href":"https:\/\/api.w.org\/{rel}","templated":true}]}}