{"id":91223,"date":"2020-11-20T12:49:17","date_gmt":"2020-11-20T20:49:17","guid":{"rendered":"https:\/\/www.aralia.com\/hop-tac\/"},"modified":"2026-01-12T08:48:37","modified_gmt":"2026-01-12T16:48:37","slug":"hop-tac","status":"publish","type":"page","link":"https:\/\/www.aralia.com\/vi\/hop-tac\/","title":{"rendered":"H\u1ee3p T\u00e1c"},"content":{"rendered":"\t\t<div data-elementor-type=\"wp-page\" data-elementor-id=\"91223\" class=\"elementor elementor-91223 elementor-26573\" data-elementor-post-type=\"page\">\n\t\t\t\t\t\t<section class=\"elementor-section elementor-top-section elementor-element elementor-element-66e89a7 elementor-section-content-middle elementor-section-height-min-height elementor-section-boxed elementor-section-height-default elementor-section-items-middle\" data-id=\"66e89a7\" data-element_type=\"section\" data-e-type=\"section\" data-settings=\"{&quot;background_background&quot;:&quot;classic&quot;}\">\n\t\t\t\t\t\t\t<div class=\"elementor-background-overlay\"><\/div>\n\t\t\t\t\t\t\t<div class=\"elementor-container elementor-column-gap-default\">\n\t\t\t\t\t<div class=\"elementor-column elementor-col-50 elementor-top-column elementor-element elementor-element-f420117 elementor-invisible\" data-id=\"f420117\" data-element_type=\"column\" data-e-type=\"column\" data-settings=\"{&quot;animation&quot;:&quot;fadeIn&quot;}\">\n\t\t\t<div class=\"elementor-widget-wrap elementor-element-populated\">\n\t\t\t\t\t\t<div class=\"elementor-element elementor-element-c34116a uael-mobile-heading-align-center elementor-widget elementor-widget-uael-advanced-heading\" data-id=\"c34116a\" data-element_type=\"widget\" data-e-type=\"widget\" data-widget_type=\"uael-advanced-heading.default\">\n\t\t\t\t<div class=\"elementor-widget-container\">\n\t\t\t\t\t\n\t\t<div class=\"uael-module-content uael-heading-wrapper\">\n\t\t\t\t\t\t\t\t\t\t<div class=\"uael-sub-heading elementor-inline-editing\" data-elementor-setting-key=\"sub_heading\" data-elementor-inline-editing-toolbar=\"advanced\" >H\u1ee3p t\u00e1c<\/div>\n\t\t\t\n\t\t\t<h1 class=\"uael-heading\">\n\t\t\t\t\t\t\t\t\t\t<span class=\"uael-heading-text elementor-inline-editing uael-size--default\" data-elementor-setting-key=\"heading_title\" data-elementor-inline-editing-toolbar=\"basic\">C\u00f9ng Aralia \u0111\u00f3ng g\u00f3p t\u00edch c\u1ef1c cho n\u1ec1n gi\u00e1o d\u1ee5c Vi\u1ec7t Nam<\/span>\n\t\t\t\t\t\t\t<\/h1>\n\n\t\t\t\n\t\t\t\n\t\t\t\t\t\t\t<div class=\"uael-subheading elementor-inline-editing\" data-elementor-setting-key=\"heading_description\" data-elementor-inline-editing-toolbar=\"advanced\" >\n\t\t\t\t\t<p>T\u1ea1i Aralia Education, ch\u00fang t\u00f4i h\u1ee3p t\u00e1c c\u00f9ng c\u00e1c nh\u00e0 gi\u00e1o d\u1ee5c v\u00e0 nh\u1eefng t\u1ed5 ch\u1ee9c gi\u00e1o d\u1ee5c uy t\u00edn nh\u1eb1m ti\u1ebfp t\u1ee5c \u0111\u1ed5i m\u1edbi, n\u00e2ng t\u1ea7m v\u00e0 t\u00e1i \u0111\u1ecbnh ngh\u0129a tr\u1ea3i nghi\u1ec7m d\u1ea1y v\u00e0 h\u1ecdc tr\u1ef1c tuy\u1ebfn.<\/p>\t\t\t\t<\/div>\n\t\t\t\t\n\t\t\t\t\t\t<\/div>\n\t\t\t\t\t\t<\/div>\n\t\t\t\t<\/div>\n\t\t\t\t\t<\/div>\n\t\t<\/div>\n\t\t\t\t<div class=\"elementor-column elementor-col-50 elementor-top-column elementor-element elementor-element-eb7fb46\" data-id=\"eb7fb46\" data-element_type=\"column\" data-e-type=\"column\">\n\t\t\t<div class=\"elementor-widget-wrap\">\n\t\t\t\t\t\t\t<\/div>\n\t\t<\/div>\n\t\t\t\t\t<\/div>\n\t\t<\/section>\n\t\t\t\t<section class=\"elementor-section elementor-top-section elementor-element elementor-element-d73d929 elementor-section-boxed elementor-section-height-default elementor-section-height-default\" data-id=\"d73d929\" data-element_type=\"section\" data-e-type=\"section\" data-settings=\"{&quot;background_background&quot;:&quot;classic&quot;}\">\n\t\t\t\t\t\t<div class=\"elementor-container elementor-column-gap-default\">\n\t\t\t\t\t<div class=\"elementor-column elementor-col-100 elementor-top-column elementor-element elementor-element-8e8003b\" data-id=\"8e8003b\" data-element_type=\"column\" data-e-type=\"column\">\n\t\t\t<div class=\"elementor-widget-wrap elementor-element-populated\">\n\t\t\t\t\t\t<div class=\"elementor-element elementor-element-efe96f5 uael-heading-align-left elementor-widget elementor-widget-uael-advanced-heading\" data-id=\"efe96f5\" data-element_type=\"widget\" data-e-type=\"widget\" data-widget_type=\"uael-advanced-heading.default\">\n\t\t\t\t<div class=\"elementor-widget-container\">\n\t\t\t\t\t\n\t\t<div class=\"uael-module-content uael-heading-wrapper\">\n\t\t\t\t\t\t\n\t\t\t<h2 class=\"uael-heading\">\n\t\t\t\t\t\t\t\t\t\t<span class=\"uael-heading-text elementor-inline-editing uael-size--default\" data-elementor-setting-key=\"heading_title\" data-elementor-inline-editing-toolbar=\"basic\">V\u00ec sao n\u00ean h\u1ee3p t\u00e1c c\u00f9ng ch\u00fang t\u00f4i?<\/span>\n\t\t\t\t\t\t\t<\/h2>\n\n\t\t\t\n\t\t\t\n\t\t\t\t\t\t\t<div class=\"uael-subheading elementor-inline-editing\" data-elementor-setting-key=\"heading_description\" data-elementor-inline-editing-toolbar=\"advanced\" >\n\t\t\t\t\tNh\u1eefng m\u1ed1i quan h\u1ec7 h\u1ee3p t\u00e1c chi\u1ebfn l\u01b0\u1ee3c t\u1ea1o ra gi\u00e1 tr\u1ecb b\u1ec1n v\u1eefng cho h\u1ecdc sinh, gia \u0111\u00ecnh v\u00e0 c\u00e1c \u0111\u01a1n v\u1ecb gi\u00e1o d\u1ee5c tr\u00ean to\u00e0n c\u1ea7u.\t\t\t\t<\/div>\n\t\t\t\t\n\t\t\t\t\t\t<\/div>\n\t\t\t\t\t\t<\/div>\n\t\t\t\t<\/div>\n\t\t\t\t<section class=\"elementor-section elementor-inner-section elementor-element elementor-element-fa45042 elementor-section-boxed elementor-section-height-default elementor-section-height-default\" data-id=\"fa45042\" data-element_type=\"section\" data-e-type=\"section\">\n\t\t\t\t\t\t<div class=\"elementor-container elementor-column-gap-default\">\n\t\t\t\t\t<div class=\"elementor-column elementor-col-33 elementor-inner-column elementor-element elementor-element-9882a7e\" data-id=\"9882a7e\" data-element_type=\"column\" data-e-type=\"column\">\n\t\t\t<div class=\"elementor-widget-wrap elementor-element-populated\">\n\t\t\t\t\t\t<div class=\"elementor-element elementor-element-1504eb4 elementor-position-top elementor-widget elementor-widget-image-box\" data-id=\"1504eb4\" data-element_type=\"widget\" data-e-type=\"widget\" data-widget_type=\"image-box.default\">\n\t\t\t\t<div class=\"elementor-widget-container\">\n\t\t\t\t\t<div class=\"elementor-image-box-wrapper\"><figure class=\"elementor-image-box-img\"><img fetchpriority=\"high\" decoding=\"async\" width=\"2208\" height=\"1474\" src=\"https:\/\/www.aralia.com\/wp-content\/uploads\/2025\/10\/AdobeStock_200236039-2.webp\" class=\"attachment-full size-full wp-image-124880\" alt=\"\" title=\"\" srcset=\"https:\/\/www.aralia.com\/wp-content\/uploads\/2025\/10\/AdobeStock_200236039-2.webp 2208w, https:\/\/www.aralia.com\/wp-content\/uploads\/2025\/10\/AdobeStock_200236039-2-300x200.webp 300w, https:\/\/www.aralia.com\/wp-content\/uploads\/2025\/10\/AdobeStock_200236039-2-1024x684.webp 1024w, https:\/\/www.aralia.com\/wp-content\/uploads\/2025\/10\/AdobeStock_200236039-2-768x513.webp 768w, https:\/\/www.aralia.com\/wp-content\/uploads\/2025\/10\/AdobeStock_200236039-2-1536x1025.webp 1536w, https:\/\/www.aralia.com\/wp-content\/uploads\/2025\/10\/AdobeStock_200236039-2-2048x1367.webp 2048w\" sizes=\"(max-width: 2208px) 100vw, 2208px\" \/><\/figure><div class=\"elementor-image-box-content\"><h3 class=\"elementor-image-box-title\">Th\u00fac \u0111\u1ea9y th\u00e0nh c\u00f4ng l\u00e2u d\u00e0i c\u1ee7a h\u1ecdc sinh<\/h3><p class=\"elementor-image-box-description\">Cung c\u1ea5p s\u1ef1 c\u1ed1 v\u1ea5n xuy\u00ean su\u1ed1t, h\u1ed7 tr\u1ee3 h\u1ecdc sinh v\u01b0\u1ee3t ra ngo\u00e0i t\u1eebng ch\u01b0\u01a1ng tr\u00ecnh ri\u00eang l\u1ebb, \u0111\u1ed3ng h\u00e0nh v\u00e0 \u0111\u1ecbnh h\u01b0\u1edbng c\u00e1c em tr\u00ean l\u1ed9 tr\u00ecnh h\u1ecdc thu\u1eadt t\u1ea1i Hoa K\u1ef3 v\u00e0 tr\u00ean to\u00e0n c\u1ea7u.<\/p><\/div><\/div>\t\t\t\t<\/div>\n\t\t\t\t<\/div>\n\t\t\t\t\t<\/div>\n\t\t<\/div>\n\t\t\t\t<div class=\"elementor-column elementor-col-33 elementor-inner-column elementor-element elementor-element-75a7e71\" data-id=\"75a7e71\" data-element_type=\"column\" data-e-type=\"column\">\n\t\t\t<div class=\"elementor-widget-wrap elementor-element-populated\">\n\t\t\t\t\t\t<div class=\"elementor-element elementor-element-f49ace8 elementor-position-top elementor-widget elementor-widget-image-box\" data-id=\"f49ace8\" data-element_type=\"widget\" data-e-type=\"widget\" data-widget_type=\"image-box.default\">\n\t\t\t\t<div class=\"elementor-widget-container\">\n\t\t\t\t\t<div class=\"elementor-image-box-wrapper\"><figure class=\"elementor-image-box-img\"><img decoding=\"async\" width=\"2458\" height=\"1639\" src=\"https:\/\/www.aralia.com\/wp-content\/uploads\/2025\/10\/AdobeStock_1285771450.webp\" class=\"attachment-full size-full wp-image-124674\" alt=\"5 Basic Reading Skills High School Students Should Know\" title=\"\" srcset=\"https:\/\/www.aralia.com\/wp-content\/uploads\/2025\/10\/AdobeStock_1285771450.webp 2458w, https:\/\/www.aralia.com\/wp-content\/uploads\/2025\/10\/AdobeStock_1285771450-300x200.webp 300w, https:\/\/www.aralia.com\/wp-content\/uploads\/2025\/10\/AdobeStock_1285771450-1024x683.webp 1024w, https:\/\/www.aralia.com\/wp-content\/uploads\/2025\/10\/AdobeStock_1285771450-768x512.webp 768w, https:\/\/www.aralia.com\/wp-content\/uploads\/2025\/10\/AdobeStock_1285771450-1536x1024.webp 1536w, https:\/\/www.aralia.com\/wp-content\/uploads\/2025\/10\/AdobeStock_1285771450-2048x1366.webp 2048w\" sizes=\"(max-width: 2458px) 100vw, 2458px\" \/><\/figure><div class=\"elementor-image-box-content\"><h3 class=\"elementor-image-box-title\">N\u00e2ng t\u1ea7m ch\u01b0\u01a1ng tr\u00ecnh h\u1ecdc c\u1ee7a b\u1ea1n<\/h3><p class=\"elementor-image-box-description\">C\u1ee7ng c\u1ed1 ch\u01b0\u01a1ng tr\u00ecnh gi\u1ea3ng d\u1ea1y v\u1edbi quy\u1ec1n ti\u1ebfp c\u1eadn \u0111\u1ed9i ng\u0169 gi\u1ea3ng vi\u00ean t\u1eebng \u0111o\u1ea1t gi\u1ea3i th\u01b0\u1edfng c\u1ee7a Aralia, bao g\u1ed3m c\u00e1c th\u1ea7y c\u00f4 trung h\u1ecdc h\u00e0ng \u0111\u1ea7u t\u1ea1i Hoa K\u1ef3 v\u00e0 c\u00e1c gi\u00e1o s\u01b0 \u0111\u1ea1i h\u1ecdc.<\/p><\/div><\/div>\t\t\t\t<\/div>\n\t\t\t\t<\/div>\n\t\t\t\t\t<\/div>\n\t\t<\/div>\n\t\t\t\t<div class=\"elementor-column elementor-col-33 elementor-inner-column elementor-element elementor-element-b6e178f\" data-id=\"b6e178f\" data-element_type=\"column\" data-e-type=\"column\">\n\t\t\t<div class=\"elementor-widget-wrap elementor-element-populated\">\n\t\t\t\t\t\t<div class=\"elementor-element elementor-element-258a086 elementor-position-top elementor-widget elementor-widget-image-box\" data-id=\"258a086\" data-element_type=\"widget\" data-e-type=\"widget\" data-widget_type=\"image-box.default\">\n\t\t\t\t<div class=\"elementor-widget-container\">\n\t\t\t\t\t<div class=\"elementor-image-box-wrapper\"><figure class=\"elementor-image-box-img\"><img decoding=\"async\" width=\"2000\" height=\"1333\" src=\"https:\/\/www.aralia.com\/wp-content\/uploads\/2025\/12\/AdobeStock_640300108.webp\" class=\"attachment-full size-full wp-image-129888\" alt=\"\" title=\"\" srcset=\"https:\/\/www.aralia.com\/wp-content\/uploads\/2025\/12\/AdobeStock_640300108.webp 2000w, https:\/\/www.aralia.com\/wp-content\/uploads\/2025\/12\/AdobeStock_640300108-300x200.webp 300w, https:\/\/www.aralia.com\/wp-content\/uploads\/2025\/12\/AdobeStock_640300108-1024x682.webp 1024w, https:\/\/www.aralia.com\/wp-content\/uploads\/2025\/12\/AdobeStock_640300108-768x512.webp 768w, https:\/\/www.aralia.com\/wp-content\/uploads\/2025\/12\/AdobeStock_640300108-1536x1024.webp 1536w\" sizes=\"(max-width: 2000px) 100vw, 2000px\" \/><\/figure><div class=\"elementor-image-box-content\"><h3 class=\"elementor-image-box-title\">T\u1ea1o d\u1ea5u \u1ea5n kh\u00e1c bi\u1ec7t c\u00f9ng \u0111\u1ed1i t\u00e1c to\u00e0n c\u1ea7u \u0111\u00e1ng tin c\u1eady<\/h3><p class=\"elementor-image-box-description\">N\u00e2ng cao uy t\u00edn c\u1ee7a b\u1ea1n tr\u00ean th\u1ecb tr\u01b0\u1eddng gi\u00e1o d\u1ee5c qu\u1ed1c t\u1ebf, gi\u00fap th\u01b0\u01a1ng hi\u1ec7u c\u1ee7a b\u1ea1n n\u1ed5i b\u1eadt nh\u1edd nh\u1eefng th\u00e0nh t\u00edch n\u1ed5i b\u1eadt, m\u1ea1ng l\u01b0\u1edbi gi\u1ea3ng vi\u00ean ch\u1ea5t l\u01b0\u1ee3ng cao v\u00e0 th\u1ebf m\u1ea1nh h\u1ecdc thu\u1eadt chu\u1ea9n Hoa K\u1ef3 c\u1ee7a ch\u00fang t\u00f4i.<\/p><\/div><\/div>\t\t\t\t<\/div>\n\t\t\t\t<\/div>\n\t\t\t\t\t<\/div>\n\t\t<\/div>\n\t\t\t\t\t<\/div>\n\t\t<\/section>\n\t\t\t\t\t<\/div>\n\t\t<\/div>\n\t\t\t\t\t<\/div>\n\t\t<\/section>\n\t\t\t\t<section class=\"elementor-section elementor-top-section elementor-element elementor-element-4b81401 elementor-section-boxed elementor-section-height-default elementor-section-height-default\" data-id=\"4b81401\" data-element_type=\"section\" data-e-type=\"section\" data-settings=\"{&quot;background_background&quot;:&quot;classic&quot;}\">\n\t\t\t\t\t\t<div class=\"elementor-container elementor-column-gap-default\">\n\t\t\t\t\t<div class=\"elementor-column elementor-col-100 elementor-top-column elementor-element elementor-element-66c0ffb\" data-id=\"66c0ffb\" data-element_type=\"column\" data-e-type=\"column\">\n\t\t\t<div class=\"elementor-widget-wrap elementor-element-populated\">\n\t\t\t\t\t\t<div class=\"elementor-element elementor-element-312f10d uael-heading-align-left elementor-widget elementor-widget-uael-advanced-heading\" data-id=\"312f10d\" data-element_type=\"widget\" data-e-type=\"widget\" data-widget_type=\"uael-advanced-heading.default\">\n\t\t\t\t<div class=\"elementor-widget-container\">\n\t\t\t\t\t\n\t\t<div class=\"uael-module-content uael-heading-wrapper\">\n\t\t\t\t\t\t\n\t\t\t<h2 class=\"uael-heading\">\n\t\t\t\t\t\t\t\t\t\t<span class=\"uael-heading-text elementor-inline-editing uael-size--default\" data-elementor-setting-key=\"heading_title\" data-elementor-inline-editing-toolbar=\"basic\">Li\u00ean h\u1ec7<\/span>\n\t\t\t\t\t\t\t<\/h2>\n\n\t\t\t\n\t\t\t\n\t\t\t\n\t\t\t\t\t\t<\/div>\n\t\t\t\t\t\t<\/div>\n\t\t\t\t<\/div>\n\t\t\t\t<div class=\"elementor-element elementor-element-5036d1b elementor-button-align-stretch elementor-widget elementor-widget-form\" data-id=\"5036d1b\" data-element_type=\"widget\" data-e-type=\"widget\" data-settings=\"{&quot;step_next_label&quot;:&quot;Ti\\u1ebfp&quot;,&quot;step_previous_label&quot;:&quot;Tr\\u01b0\\u1edbc&quot;,&quot;button_width&quot;:&quot;100&quot;,&quot;step_type&quot;:&quot;number_text&quot;,&quot;step_icon_shape&quot;:&quot;circle&quot;}\" data-widget_type=\"form.default\">\n\t\t\t\t<div class=\"elementor-widget-container\">\n\t\t\t\t\t\t\t<form class=\"elementor-form\" method=\"post\" id=\"Partner_Inquiry\" name=\"\u0110\u0103ng K\u00fd H\u1ee3p T\u00e1c\" aria-label=\"\u0110\u0103ng K\u00fd H\u1ee3p T\u00e1c\">\n\t\t\t<input type=\"hidden\" name=\"post_id\" value=\"91223\"\/>\n\t\t\t<input type=\"hidden\" name=\"form_id\" value=\"5036d1b\"\/>\n\t\t\t<input type=\"hidden\" name=\"referer_title\" value=\"H\u1ee3p T\u00e1c | Aralia Education\" \/>\n\n\t\t\t\t\t\t\t<input type=\"hidden\" name=\"queried_id\" value=\"91223\"\/>\n\t\t\t\n\t\t\t<div class=\"elementor-form-fields-wrapper elementor-labels-above\">\n\t\t\t\t\t\t\t\t<div class=\"elementor-field-type-text elementor-field-group elementor-column elementor-field-group-first_name elementor-col-50 elementor-field-required elementor-mark-required\">\n\t\t\t\t\t\t\t\t\t\t\t\t<label for=\"form-field-first_name\" class=\"elementor-field-label\">\n\t\t\t\t\t\t\t\tT\u00ean\t\t\t\t\t\t\t<\/label>\n\t\t\t\t\t\t\t\t\t\t\t\t\t\t<input size=\"1\" type=\"text\" name=\"form_fields[first_name]\" id=\"form-field-first_name\" class=\"elementor-field elementor-size-sm  elementor-field-textual\" required=\"required\">\n\t\t\t\t\t\t\t\t\t\t\t<\/div>\n\t\t\t\t\t\t\t\t<div class=\"elementor-field-type-text elementor-field-group elementor-column elementor-field-group-last_name elementor-col-50 elementor-field-required elementor-mark-required\">\n\t\t\t\t\t\t\t\t\t\t\t\t<label for=\"form-field-last_name\" class=\"elementor-field-label\">\n\t\t\t\t\t\t\t\tH\u1ecd\t\t\t\t\t\t\t<\/label>\n\t\t\t\t\t\t\t\t\t\t\t\t\t\t<input size=\"1\" type=\"text\" name=\"form_fields[last_name]\" id=\"form-field-last_name\" class=\"elementor-field elementor-size-sm  elementor-field-textual\" required=\"required\">\n\t\t\t\t\t\t\t\t\t\t\t<\/div>\n\t\t\t\t\t\t\t\t<div class=\"elementor-field-type-email elementor-field-group elementor-column elementor-field-group-email elementor-col-100 elementor-field-required elementor-mark-required\">\n\t\t\t\t\t\t\t\t\t\t\t\t<label for=\"form-field-email\" class=\"elementor-field-label\">\n\t\t\t\t\t\t\t\tEmail c\u00f4ng ty\t\t\t\t\t\t\t<\/label>\n\t\t\t\t\t\t\t\t\t\t\t\t\t\t<input size=\"1\" type=\"email\" name=\"form_fields[email]\" id=\"form-field-email\" class=\"elementor-field elementor-size-sm  elementor-field-textual\" required=\"required\">\n\t\t\t\t\t\t\t\t\t\t\t<\/div>\n\t\t\t\t\t\t\t\t<div class=\"elementor-field-type-text\">\n\t\t\t\t\t<input size=\"1\" type=\"text\" name=\"form_fields[field_5a420ed]\" id=\"form-field-field_5a420ed\" class=\"elementor-field elementor-size-sm \" style=\"display:none !important;\">\t\t\t\t<\/div>\n\t\t\t\t\t\t\t\t<div class=\"elementor-field-type-text elementor-field-group elementor-column elementor-field-group-org_name elementor-col-100 elementor-field-required elementor-mark-required\">\n\t\t\t\t\t\t\t\t\t\t\t\t<label for=\"form-field-org_name\" class=\"elementor-field-label\">\n\t\t\t\t\t\t\t\tT\u00ean c\u00f4ng ty\t\t\t\t\t\t\t<\/label>\n\t\t\t\t\t\t\t\t\t\t\t\t\t\t<input size=\"1\" type=\"text\" name=\"form_fields[org_name]\" id=\"form-field-org_name\" class=\"elementor-field elementor-size-sm  elementor-field-textual\" required=\"required\">\n\t\t\t\t\t\t\t\t\t\t\t<\/div>\n\t\t\t\t\t\t\t\t<div class=\"elementor-field-type-text elementor-field-group elementor-column elementor-field-group-country elementor-col-100 elementor-field-required elementor-mark-required\">\n\t\t\t\t\t\t\t\t\t\t\t\t<label for=\"form-field-country\" class=\"elementor-field-label\">\n\t\t\t\t\t\t\t\tQu\u1ed1c Gia c\u1ee7a c\u00f4ng ty b\u1ea1n\t\t\t\t\t\t\t<\/label>\n\t\t\t\t\t\t\t\t\t\t\t\t\t\t<input size=\"1\" type=\"text\" name=\"form_fields[country]\" id=\"form-field-country\" class=\"elementor-field elementor-size-sm  elementor-field-textual\" required=\"required\">\n\t\t\t\t\t\t\t\t\t\t\t<\/div>\n\t\t\t\t\t\t\t\t<div class=\"elementor-field-type-text elementor-field-group elementor-column elementor-field-group-message elementor-col-100\">\n\t\t\t\t\t\t\t\t\t\t\t\t<label for=\"form-field-message\" class=\"elementor-field-label\">\n\t\t\t\t\t\t\t\tN\u1ebfu c\u00f3 th\u1ec3, vui l\u00f2ng cung c\u1ea5p th\u00eam th\u00f4ng tin chi ti\u1ebft v\u1ec1 m\u1ed1i quan t\u00e2m h\u1ee3p t\u00e1c c\u1ee7a b\u1ea1n\t\t\t\t\t\t\t<\/label>\n\t\t\t\t\t\t\t\t\t\t\t\t\t\t<input size=\"1\" type=\"text\" name=\"form_fields[message]\" id=\"form-field-message\" class=\"elementor-field elementor-size-sm  elementor-field-textual\">\n\t\t\t\t\t\t\t\t\t\t\t<\/div>\n\t\t\t\t\t\t\t\t<div class=\"elementor-field-type-checkbox elementor-field-group elementor-column elementor-field-group-subscribe elementor-col-100\">\n\t\t\t\t\t\t\t\t\t\t\t\t<label for=\"form-field-subscribe\" class=\"elementor-field-label\">\n\t\t\t\t\t\t\t\t\u0110\u0103ng k\u00fd nh\u1eadn b\u1ea3n tin c\u1ee7a ch\u00fang t\u00f4i!\t\t\t\t\t\t\t<\/label>\n\t\t\t\t\t\t<div class=\"elementor-field-subgroup  \"><span class=\"elementor-field-option\"><input type=\"checkbox\" value=\"C\u00f3, t\u00f4i mu\u1ed1n bi\u1ebft th\u00eam th\u00f4ng tin h\u1ee3p t\u00e1c v\u1edbi Aralia v\u00e0 \u0111\u0103ng k\u00fd nh\u1eadn b\u1ea3n tin h\u00e0ng th\u00e1ng c\u1ee7a Aralia.\" id=\"form-field-subscribe-0\" name=\"form_fields[subscribe]\"> <label for=\"form-field-subscribe-0\">C\u00f3, t\u00f4i mu\u1ed1n bi\u1ebft th\u00eam th\u00f4ng tin h\u1ee3p t\u00e1c v\u1edbi Aralia v\u00e0 \u0111\u0103ng k\u00fd nh\u1eadn b\u1ea3n tin h\u00e0ng th\u00e1ng c\u1ee7a Aralia.<\/label><\/span><\/div>\t\t\t\t<\/div>\n\t\t\t\t\t\t\t\t<div class=\"elementor-field-type-text\">\n\t\t\t\t\t<input size=\"1\" type=\"text\" name=\"form_fields[honeypot]\" id=\"form-field-honeypot\" class=\"elementor-field elementor-size-sm \" style=\"display:none !important;\">\t\t\t\t<\/div>\n\t\t\t\t\t\t\t\t<div class=\"elementor-field-group elementor-column elementor-field-type-submit elementor-col-100 e-form__buttons\">\n\t\t\t\t\t<button class=\"elementor-button elementor-size-sm\" type=\"submit\">\n\t\t\t\t\t\t<span class=\"elementor-button-content-wrapper\">\n\t\t\t\t\t\t\t\t\t\t\t\t\t\t\t\t\t\t\t\t\t\t<span class=\"elementor-button-text\">G\u1eedi y\u00eau c\u1ea7u<\/span>\n\t\t\t\t\t\t\t\t\t\t\t\t\t<\/span>\n\t\t\t\t\t<\/button>\n\t\t\t\t<\/div>\n\t\t\t<\/div>\n\t\t<\/form>\n\t\t\t\t\t\t<\/div>\n\t\t\t\t<\/div>\n\t\t\t\t<div class=\"elementor-element elementor-element-cddf83f elementor-widget elementor-widget-text-editor\" data-id=\"cddf83f\" data-element_type=\"widget\" data-e-type=\"widget\" data-widget_type=\"text-editor.default\">\n\t\t\t\t<div class=\"elementor-widget-container\">\n\t\t\t\t\t\t\t\t\t<p>B\u1eb1ng vi\u1ec7c \u0111\u0103ng k\u00fd, b\u1ea1n \u0111\u1ed3ng \u00fd v\u1edbi <a href=\"https:\/\/www.aralia.com\/privacy-policy\/\">Ch\u00ednh s\u00e1ch b\u1ea3o m\u1eadt<\/a> v\u00e0 \u0110i\u1ec1u kho\u1ea3n s\u1eed d\u1ee5ng c\u1ee7a Aralia<\/p>\t\t\t\t\t\t\t\t<\/div>\n\t\t\t\t<\/div>\n\t\t\t\t\t<\/div>\n\t\t<\/div>\n\t\t\t\t\t<\/div>\n\t\t<\/section>\n\t\t\t\t<\/div>\n\t\t","protected":false},"excerpt":{"rendered":"<p>H\u1ee3p t\u00e1c C\u00f9ng Aralia \u0111\u00f3ng g\u00f3p t\u00edch c\u1ef1c cho n\u1ec1n gi\u00e1o d\u1ee5c Vi\u1ec7t Nam T\u1ea1i Aralia Education, ch\u00fang t\u00f4i h\u1ee3p t\u00e1c c\u00f9ng c\u00e1c nh\u00e0 gi\u00e1o d\u1ee5c v\u00e0 nh\u1eefng t\u1ed5 ch\u1ee9c gi\u00e1o d\u1ee5c uy t\u00edn nh\u1eb1m ti\u1ebfp t\u1ee5c \u0111\u1ed5i m\u1edbi, n\u00e2ng t\u1ea7m v\u00e0 t\u00e1i \u0111\u1ecbnh ngh\u0129a tr\u1ea3i nghi\u1ec7m d\u1ea1y v\u00e0 h\u1ecdc tr\u1ef1c tuy\u1ebfn. V\u00ec sao n\u00ean [&hellip;]<\/p>\n","protected":false},"author":1,"featured_media":91226,"parent":0,"menu_order":0,"comment_status":"closed","ping_status":"closed","template":"","meta":{"content-type":"","site-sidebar-layout":"no-sidebar","site-content-layout":"page-builder","ast-site-content-layout":"default","site-content-style":"default","site-sidebar-style":"default","ast-global-header-display":"","ast-banner-title-visibility":"","ast-main-header-display":"","ast-hfb-above-header-display":"","ast-hfb-below-header-display":"","ast-hfb-mobile-header-display":"","site-post-title":"disabled","ast-breadcrumbs-content":"","ast-featured-img":"disabled","footer-sml-layout":"","ast-disable-related-posts":"","theme-transparent-header-meta":"default","adv-header-id-meta":"","stick-header-meta":"default","header-above-stick-meta":"","header-main-stick-meta":"","header-below-stick-meta":"","astra-migrate-meta-layouts":"default","ast-page-background-enabled":"default","ast-page-background-meta":{"desktop":{"background-color":"","background-image":"","background-repeat":"repeat","background-position":"center center","background-size":"auto","background-attachment":"scroll","background-type":"","background-media":"","overlay-type":"","overlay-color":"","overlay-opacity":"","overlay-gradient":""},"tablet":{"background-color":"","background-image":"","background-repeat":"repeat","background-position":"center center","background-size":"auto","background-attachment":"scroll","background-type":"","background-media":"","overlay-type":"","overlay-color":"","overlay-opacity":"","overlay-gradient":""},"mobile":{"background-color":"","background-image":"","background-repeat":"repeat","background-position":"center center","background-size":"auto","background-attachment":"scroll","background-type":"","background-media":"","overlay-type":"","overlay-color":"","overlay-opacity":"","overlay-gradient":""}},"ast-content-background-meta":{"desktop":{"background-color":"var(--ast-global-color-5)","background-image":"","background-repeat":"repeat","background-position":"center center","background-size":"auto","background-attachment":"scroll","background-type":"","background-media":"","overlay-type":"","overlay-color":"","overlay-opacity":"","overlay-gradient":""},"tablet":{"background-color":"var(--ast-global-color-5)","background-image":"","background-repeat":"repeat","background-position":"center center","background-size":"auto","background-attachment":"scroll","background-type":"","background-media":"","overlay-type":"","overlay-color":"","overlay-opacity":"","overlay-gradient":""},"mobile":{"background-color":"var(--ast-global-color-5)","background-image":"","background-repeat":"repeat","background-position":"center center","background-size":"auto","background-attachment":"scroll","background-type":"","background-media":"","overlay-type":"","overlay-color":"","overlay-opacity":"","overlay-gradient":""}},"footnotes":""},"class_list":["post-91223","page","type-page","status-publish","has-post-thumbnail","hentry"],"_links":{"self":[{"href":"https:\/\/www.aralia.com\/vi\/wp-json\/wp\/v2\/pages\/91223","targetHints":{"allow":["GET"]}}],"collection":[{"href":"https:\/\/www.aralia.com\/vi\/wp-json\/wp\/v2\/pages"}],"about":[{"href":"https:\/\/www.aralia.com\/vi\/wp-json\/wp\/v2\/types\/page"}],"author":[{"embeddable":true,"href":"https:\/\/www.aralia.com\/vi\/wp-json\/wp\/v2\/users\/1"}],"replies":[{"embeddable":true,"href":"https:\/\/www.aralia.com\/vi\/wp-json\/wp\/v2\/comments?post=91223"}],"version-history":[{"count":4,"href":"https:\/\/www.aralia.com\/vi\/wp-json\/wp\/v2\/pages\/91223\/revisions"}],"predecessor-version":[{"id":133255,"href":"https:\/\/www.aralia.com\/vi\/wp-json\/wp\/v2\/pages\/91223\/revisions\/133255"}],"wp:featuredmedia":[{"embeddable":true,"href":"https:\/\/www.aralia.com\/vi\/wp-json\/wp\/v2\/media\/91226"}],"wp:attachment":[{"href":"https:\/\/www.aralia.com\/vi\/wp-json\/wp\/v2\/media?parent=91223"}],"curies":[{"name":"wp","href":"https:\/\/api.w.org\/{rel}","templated":true}]}}